{"id":16434,"date":"2026-02-27T00:30:32","date_gmt":"2026-02-27T00:30:32","guid":{"rendered":"https:\/\/nordicmart.andreevmaster.com\/product\/vasagle-retro-tv-bank\/"},"modified":"2026-02-27T08:21:01","modified_gmt":"2026-02-27T08:21:01","slug":"vasagle-retro-tv-bank","status":"publish","type":"product","link":"https:\/\/nordicmart.andreevmaster.com\/sv\/produkt\/vasagle-retro-tv-bank\/","title":{"rendered":"VASAGLE Retro TV-b\u00e4nk"},"content":{"rendered":"<p> Retro, 50\/60-talsstil  Det finns en anledning till varf\u00f6r m\u00f6bler i 50\/60-talsstil \u00e4r s\u00e5 popul\u00e4ra: de ser alltid bra ut, oavsett var de st\u00e5r. Denna l\u00e5da passar till m\u00e5nga inredningsstilar och g\u00f6r sig utm\u00e4rkt i ditt vardagsrum, sovrum eller kontor. 2 hyllplan, en sk\u00e5pd\u00f6rr som \u00f6ppnas med ett l\u00e4tt tryck och d\u00f6ljer \u00e4nnu mer f\u00f6rvaringsutrymme, samt en stor bordsskiva \u2013 detta TV-bord erbjuder gott om plats f\u00f6r din TV, spelkonsoler, kabelboxar och mycket annat. Bepr\u00f6vad VASAGLE-kvalitet  Denna TV-hylla \u00e4r tillverkad av sp\u00e5nskivor och t\u00e5l en belastning p\u00e5 upp till 50 kg. De ut\u00e5tst\u00e5ende benen ger en trendig retrostil och \u00e4r tillverkade av gummitr\u00e4, vilket g\u00f6r dem extra stabila. De f\u00e4sts p\u00e5 TV-hyllans stomme med hj\u00e4lp av robusta skruvar och tr\u00e4pluggar, s\u00e5 att de alltid sitter p\u00e5 plats och ger utm\u00e4rkt st\u00f6d. Om du gillar detta TV-bord i retrostil b\u00f6r du ocks\u00e5 titta p\u00e5 de andra matchande m\u00f6blerna fr\u00e5n VASAGLE! Produktdetaljer: &#8211; F\u00e4rg: retrobun &#8211; Material: sp\u00e5nskiva, gummitr\u00e4 &#8211; Storlek: 110 x 40 x 49,5 cm (L x B x H) &#8211; Vikt: 17,4 kg &#8211; Max. statisk belastningskapacitet: 50 kg  Leveransomf\u00e5ng: &#8211; 1 x TV-bord i retrostil &#8211; 1 x beh\u00e5llare med tillbeh\u00f6r &#8211; 1 x bruksanvisning (DE, EN, FR, ES, IT) VASAGLE Anm\u00e4rkningar: &#8211; H\u00e5ll barn borta fr\u00e5n bordets h\u00f6rn, eftersom det annars kan leda till skador. &#8211; Lyft bordet om du vill flytta det. Dra det inte \u00f6ver golvet. &#8211; Tryck inte f\u00f6r h\u00e5rt p\u00e5 sk\u00e5pd\u00f6rren, eftersom det kan leda till skador.<\/p>\n","protected":false},"excerpt":{"rendered":"<p>VASAGLE retro lowboard, TV-hylla, TV-bord, TV-sk\u00e5p i 50\/60-talsstil, retrom\u00f6bler f\u00f6r din plattsk\u00e4rm, spelkonsoler, vardagsrum, kontor, tr\u00e4look LTV09BX<\/p>\n","protected":false},"featured_media":44135,"comment_status":"open","ping_status":"closed","template":"","meta":[],"product_brand":[],"product_cat":[33],"product_tag":[],"class_list":{"0":"post-16434","1":"product","2":"type-product","3":"status-publish","4":"has-post-thumbnail","6":"product_cat-okategoriserad","8":"first","9":"instock","10":"shipping-taxable","11":"purchasable","12":"product-type-simple"},"_links":{"self":[{"href":"https:\/\/nordicmart.andreevmaster.com\/sv\/wp-json\/wp\/v2\/product\/16434","targetHints":{"allow":["GET"]}}],"collection":[{"href":"https:\/\/nordicmart.andreevmaster.com\/sv\/wp-json\/wp\/v2\/product"}],"about":[{"href":"https:\/\/nordicmart.andreevmaster.com\/sv\/wp-json\/wp\/v2\/types\/product"}],"replies":[{"embeddable":true,"href":"https:\/\/nordicmart.andreevmaster.com\/sv\/wp-json\/wp\/v2\/comments?post=16434"}],"wp:featuredmedia":[{"embeddable":true,"href":"https:\/\/nordicmart.andreevmaster.com\/sv\/wp-json\/wp\/v2\/media\/44135"}],"wp:attachment":[{"href":"https:\/\/nordicmart.andreevmaster.com\/sv\/wp-json\/wp\/v2\/media?parent=16434"}],"wp:term":[{"taxonomy":"product_brand","embeddable":true,"href":"https:\/\/nordicmart.andreevmaster.com\/sv\/wp-json\/wp\/v2\/product_brand?post=16434"},{"taxonomy":"product_cat","embeddable":true,"href":"https:\/\/nordicmart.andreevmaster.com\/sv\/wp-json\/wp\/v2\/product_cat?post=16434"},{"taxonomy":"product_tag","embeddable":true,"href":"https:\/\/nordicmart.andreevmaster.com\/sv\/wp-json\/wp\/v2\/product_tag?post=16434"}],"curies":[{"name":"wp","href":"https:\/\/api.w.org\/{rel}","templated":true}]}}