{"id":16431,"date":"2026-02-27T00:30:32","date_gmt":"2026-02-27T00:30:32","guid":{"rendered":"https:\/\/nordicmart.andreevmaster.com\/product\/vasagle-tv-skap-med-hyllor\/"},"modified":"2026-02-27T08:21:01","modified_gmt":"2026-02-27T08:21:01","slug":"vasagle-tv-skap-med-hyllor","status":"publish","type":"product","link":"https:\/\/nordicmart.andreevmaster.com\/sv\/produkt\/vasagle-tv-skap-med-hyllor\/","title":{"rendered":"VASAGLE TV-sk\u00e5p med hyllor"},"content":{"rendered":"<p>Njut av kv\u00e4llenBjud in dina v\u00e4nner, koppla av i en mjuk soffa och njut av det senaste avsnittet av din favoritserie.Produktdetaljer:F\u00e4rg: Vintagebrun-svartMaterial: Sp\u00e5nskiva, st\u00e5lstativStorlek: 160 x 39,2 x 50 cm (L x B x H)Vikt: 20,3 kg Max. statisk belastningskapacitet per sp\u00e5nskivshylla: 60 kg Max. statisk belastningskapacitet f\u00f6r metallgallerhyllan: 10 kg Leveransomfattning: 1 x TV-bord 1 x tillbeh\u00f6rspaket 1 x bruksanvisning (DE, EN, ES, FR, IT) VASAGLE Anm\u00e4rkningar:Av s\u00e4kerhetssk\u00e4l \u00e4r det f\u00f6rbjudet f\u00f6r barn att kl\u00e4ttra p\u00e5 eller leka med produkten.<\/p>\n","protected":false},"excerpt":{"rendered":"<p>VASAGLE TV-sk\u00e5p, TV-bord, lowboard f\u00f6r TV-apparater upp till 70 tum, TV-sk\u00e5p med hyllor, st\u00e5lstativ, TV-hylla f\u00f6r vardagsrum, sovrum, vintagebrun-svart LTV095B01<\/p>\n","protected":false},"featured_media":0,"comment_status":"open","ping_status":"closed","template":"","meta":[],"product_brand":[],"product_cat":[33],"product_tag":[],"class_list":{"0":"post-16431","1":"product","2":"type-product","3":"status-publish","5":"product_cat-okategoriserad","7":"first","8":"instock","9":"shipping-taxable","10":"purchasable","11":"product-type-simple"},"_links":{"self":[{"href":"https:\/\/nordicmart.andreevmaster.com\/sv\/wp-json\/wp\/v2\/product\/16431","targetHints":{"allow":["GET"]}}],"collection":[{"href":"https:\/\/nordicmart.andreevmaster.com\/sv\/wp-json\/wp\/v2\/product"}],"about":[{"href":"https:\/\/nordicmart.andreevmaster.com\/sv\/wp-json\/wp\/v2\/types\/product"}],"replies":[{"embeddable":true,"href":"https:\/\/nordicmart.andreevmaster.com\/sv\/wp-json\/wp\/v2\/comments?post=16431"}],"wp:attachment":[{"href":"https:\/\/nordicmart.andreevmaster.com\/sv\/wp-json\/wp\/v2\/media?parent=16431"}],"wp:term":[{"taxonomy":"product_brand","embeddable":true,"href":"https:\/\/nordicmart.andreevmaster.com\/sv\/wp-json\/wp\/v2\/product_brand?post=16431"},{"taxonomy":"product_cat","embeddable":true,"href":"https:\/\/nordicmart.andreevmaster.com\/sv\/wp-json\/wp\/v2\/product_cat?post=16431"},{"taxonomy":"product_tag","embeddable":true,"href":"https:\/\/nordicmart.andreevmaster.com\/sv\/wp-json\/wp\/v2\/product_tag?post=16431"}],"curies":[{"name":"wp","href":"https:\/\/api.w.org\/{rel}","templated":true}]}}