{"id":16427,"date":"2026-02-27T00:30:31","date_gmt":"2026-02-27T00:30:31","guid":{"rendered":"https:\/\/nordicmart.andreevmaster.com\/product\/vasagle-tv-skap-for-tv-apparater-upp-till-65-tum-kamelbrun-svart\/"},"modified":"2026-02-27T08:21:00","modified_gmt":"2026-02-27T08:21:00","slug":"vasagle-tv-skap-for-tv-apparater-upp-till-65-tum-kamelbrun-svart","status":"publish","type":"product","link":"https:\/\/nordicmart.andreevmaster.com\/sv\/produkt\/vasagle-tv-skap-for-tv-apparater-upp-till-65-tum-kamelbrun-svart\/","title":{"rendered":"VASAGLE TV-sk\u00e5p f\u00f6r TV-apparater upp till 65 tum kamelbrun-svart"},"content":{"rendered":"<p>VASAGLE TV-sk\u00e5p, lowboard f\u00f6r TV-apparater upp till 65 tum, med justerbara hyllor, rustik d\u00f6rr, lantlig stil, metallstativ<br \/>\nF\u00e4rg: kamelbrun-svart<br \/>\nMaterial: sp\u00e5nskiva, st\u00e5l<br \/>\nStorlek: 40 x 147 x 76 cm (D x B x H)<br \/>\nVikt: 31,9 kg<br \/>\nMax. statisk belastningskapacitet f\u00f6r ytan: 65 kg<br \/>\nMax. statisk belastningskapacitet totalt: 91 kg<\/p>\n","protected":false},"excerpt":{"rendered":"<p>VASAGLE TV-sk\u00e5p, lowboard f\u00f6r TV-apparater upp till 65 tum, med justerbara hyllor, rustik d\u00f6rr, lantlig stil, metallstativ<\/p>\n","protected":false},"featured_media":44130,"comment_status":"open","ping_status":"closed","template":"","meta":[],"product_brand":[],"product_cat":[33],"product_tag":[],"class_list":{"0":"post-16427","1":"product","2":"type-product","3":"status-publish","4":"has-post-thumbnail","6":"product_cat-okategoriserad","8":"first","9":"instock","10":"shipping-taxable","11":"purchasable","12":"product-type-simple"},"_links":{"self":[{"href":"https:\/\/nordicmart.andreevmaster.com\/sv\/wp-json\/wp\/v2\/product\/16427","targetHints":{"allow":["GET"]}}],"collection":[{"href":"https:\/\/nordicmart.andreevmaster.com\/sv\/wp-json\/wp\/v2\/product"}],"about":[{"href":"https:\/\/nordicmart.andreevmaster.com\/sv\/wp-json\/wp\/v2\/types\/product"}],"replies":[{"embeddable":true,"href":"https:\/\/nordicmart.andreevmaster.com\/sv\/wp-json\/wp\/v2\/comments?post=16427"}],"wp:featuredmedia":[{"embeddable":true,"href":"https:\/\/nordicmart.andreevmaster.com\/sv\/wp-json\/wp\/v2\/media\/44130"}],"wp:attachment":[{"href":"https:\/\/nordicmart.andreevmaster.com\/sv\/wp-json\/wp\/v2\/media?parent=16427"}],"wp:term":[{"taxonomy":"product_brand","embeddable":true,"href":"https:\/\/nordicmart.andreevmaster.com\/sv\/wp-json\/wp\/v2\/product_brand?post=16427"},{"taxonomy":"product_cat","embeddable":true,"href":"https:\/\/nordicmart.andreevmaster.com\/sv\/wp-json\/wp\/v2\/product_cat?post=16427"},{"taxonomy":"product_tag","embeddable":true,"href":"https:\/\/nordicmart.andreevmaster.com\/sv\/wp-json\/wp\/v2\/product_tag?post=16427"}],"curies":[{"name":"wp","href":"https:\/\/api.w.org\/{rel}","templated":true}]}}