{"id":16424,"date":"2026-02-27T00:30:30","date_gmt":"2026-02-27T00:30:30","guid":{"rendered":"https:\/\/nordicmart.andreevmaster.com\/product\/tv-skap-65-tums-tv-stall-justerbara-hyllor-skjutdorrar-lantlig-design-metallram-lantlig-brun-och-svart\/"},"modified":"2026-02-27T08:20:59","modified_gmt":"2026-02-27T08:20:59","slug":"tv-skap-65-tums-tv-stall-justerbara-hyllor-skjutdorrar-lantlig-design-metallram-lantlig-brun-och-svart","status":"publish","type":"product","link":"https:\/\/nordicmart.andreevmaster.com\/sv\/produkt\/tv-skap-65-tums-tv-stall-justerbara-hyllor-skjutdorrar-lantlig-design-metallram-lantlig-brun-och-svart\/","title":{"rendered":"TV-sk\u00e5p, 65-tums TV-st\u00e4ll, justerbara hyllor, skjutd\u00f6rrar, lantlig design, metallram, lantlig brun och svart"},"content":{"rendered":"<p>[Stabilt stativ] Dess 147 cm stora yta passar \u00e4ven 65-tums tv-apparater. Detta tv-stativ i sp\u00e5nskiva och st\u00e5l med f\u00f6rvaringsutrymme t\u00e5l en total vikt p\u00e5 upp till 91 kg.[3 f\u00f6rvaringsalternativ] 2 justerbara hyllor bakom d\u00f6rrarna, 2 \u00f6ppna fack som \u00e4r \u00e5tskilda av en justerbar hylla och en \u00f6ppen hylla under den \u00f6vre delen. Gott om plats f\u00f6r spel, filmer och multimedieutrustning<br \/>\n[Industriell stil] 2 l\u00e5dd\u00f6rrar, X-formade ramar och rustik brun f\u00e4rg ger denna TV-sk\u00e5p en industriell k\u00e4nsla. Det blir stj\u00e4rnan i ditt vardagsrum<br \/>\n[L\u00e4tt att montera] Tack vare illustrerade instruktioner och numrerade delar \u00e4r detta TV-sk\u00e5p l\u00e4tt att montera.[Praktiska egenskaper] Sk\u00e5pets d\u00f6rrar h\u00e5ller t\u00e4tt. 2 kabelh\u00e5l hj\u00e4lper till att h\u00e5lla kablarna under kontroll. Justerbara ben ger god stabilitet \u00e4ven p\u00e5 n\u00e5got oj\u00e4mna golv.<\/p>\n","protected":false},"excerpt":{"rendered":"<p>[Stabilt stativ] Dess 147 cm stora yta passar \u00e4ven 65-tums tv-apparater. Detta tv-stativ i sp\u00e5nskiva och st\u00e5l med f\u00f6rvaringsutrymme t\u00e5l en total vikt p\u00e5 upp till 91 kg.[3 f\u00f6rvaringsalternativ] 2 justerbara hyllor bakom d\u00f6rrarna, 2 \u00f6ppna fack som \u00e4r \u00e5tskilda av en justerbar hylla och en \u00f6ppen hylla under den \u00f6vre delen. Gott om plats [&hellip;]<\/p>\n","protected":false},"featured_media":0,"comment_status":"open","ping_status":"closed","template":"","meta":[],"product_brand":[],"product_cat":[33],"product_tag":[],"class_list":{"0":"post-16424","1":"product","2":"type-product","3":"status-publish","5":"product_cat-okategoriserad","7":"first","8":"instock","9":"shipping-taxable","10":"product-type-simple"},"_links":{"self":[{"href":"https:\/\/nordicmart.andreevmaster.com\/sv\/wp-json\/wp\/v2\/product\/16424","targetHints":{"allow":["GET"]}}],"collection":[{"href":"https:\/\/nordicmart.andreevmaster.com\/sv\/wp-json\/wp\/v2\/product"}],"about":[{"href":"https:\/\/nordicmart.andreevmaster.com\/sv\/wp-json\/wp\/v2\/types\/product"}],"replies":[{"embeddable":true,"href":"https:\/\/nordicmart.andreevmaster.com\/sv\/wp-json\/wp\/v2\/comments?post=16424"}],"wp:attachment":[{"href":"https:\/\/nordicmart.andreevmaster.com\/sv\/wp-json\/wp\/v2\/media?parent=16424"}],"wp:term":[{"taxonomy":"product_brand","embeddable":true,"href":"https:\/\/nordicmart.andreevmaster.com\/sv\/wp-json\/wp\/v2\/product_brand?post=16424"},{"taxonomy":"product_cat","embeddable":true,"href":"https:\/\/nordicmart.andreevmaster.com\/sv\/wp-json\/wp\/v2\/product_cat?post=16424"},{"taxonomy":"product_tag","embeddable":true,"href":"https:\/\/nordicmart.andreevmaster.com\/sv\/wp-json\/wp\/v2\/product_tag?post=16424"}],"curies":[{"name":"wp","href":"https:\/\/api.w.org\/{rel}","templated":true}]}}