{"id":16423,"date":"2026-02-27T00:30:30","date_gmt":"2026-02-27T00:30:30","guid":{"rendered":"https:\/\/nordicmart.andreevmaster.com\/product\/vasagle-tv-skap-med-oppna-fack-for-tv-apparater-upp-till-65-tum\/"},"modified":"2026-02-27T08:20:59","modified_gmt":"2026-02-27T08:20:59","slug":"vasagle-tv-skap-med-oppna-fack-for-tv-apparater-upp-till-65-tum","status":"publish","type":"product","link":"https:\/\/nordicmart.andreevmaster.com\/sv\/produkt\/vasagle-tv-skap-med-oppna-fack-for-tv-apparater-upp-till-65-tum\/","title":{"rendered":"VASAGLE TV-sk\u00e5p med \u00f6ppna fack f\u00f6r TV-apparater upp till 65 tum"},"content":{"rendered":"<p>VASAGLE TV-sk\u00e5p, TV-bord, TV-hylla, lowboard med \u00f6ppna fack, f\u00f6r vardagsrum, underh\u00e5llningsrum, f\u00f6r TV-apparater upp till 65 tum, industriell design, vintagebrun-bl\u00e4svart LTV061K01<br \/>\nF\u00e4rg: Vintagebrun-bl\u00e4ksvart<br \/>\nMaterial: sp\u00e5nskiva, st\u00e5l<br \/>\nStorlek: 147 x 40 x 50 cm (L x B x H)<br \/>\nVikt: 20,3 kg<br \/>\nMax. statisk belastningskapacitet f\u00f6r toppskivan: 35 kg<br \/>\nMax. statisk belastningskapacitet per sidohylla: 20 kg<br \/>\nMax. statisk belastningskapacitet f\u00f6r den justerbara hyllan: 10 kg<br \/>\nMax. statisk belastningskapacitet totalt: 95 kg<\/p>\n","protected":false},"excerpt":{"rendered":"<p>VASAGLE TV-sk\u00e5p, TV-bord, TV-hylla, lowboard med \u00f6ppna fack, f\u00f6r vardagsrum, underh\u00e5llningsrum, f\u00f6r TV-apparater upp till 65 tum, industriell design, vintagebrun-bl\u00e4svart LTV061K01<\/p>\n","protected":false},"featured_media":44129,"comment_status":"open","ping_status":"closed","template":"","meta":[],"product_brand":[],"product_cat":[33],"product_tag":[],"class_list":{"0":"post-16423","1":"product","2":"type-product","3":"status-publish","4":"has-post-thumbnail","6":"product_cat-okategoriserad","8":"first","9":"instock","10":"shipping-taxable","11":"purchasable","12":"product-type-simple"},"_links":{"self":[{"href":"https:\/\/nordicmart.andreevmaster.com\/sv\/wp-json\/wp\/v2\/product\/16423","targetHints":{"allow":["GET"]}}],"collection":[{"href":"https:\/\/nordicmart.andreevmaster.com\/sv\/wp-json\/wp\/v2\/product"}],"about":[{"href":"https:\/\/nordicmart.andreevmaster.com\/sv\/wp-json\/wp\/v2\/types\/product"}],"replies":[{"embeddable":true,"href":"https:\/\/nordicmart.andreevmaster.com\/sv\/wp-json\/wp\/v2\/comments?post=16423"}],"wp:featuredmedia":[{"embeddable":true,"href":"https:\/\/nordicmart.andreevmaster.com\/sv\/wp-json\/wp\/v2\/media\/44129"}],"wp:attachment":[{"href":"https:\/\/nordicmart.andreevmaster.com\/sv\/wp-json\/wp\/v2\/media?parent=16423"}],"wp:term":[{"taxonomy":"product_brand","embeddable":true,"href":"https:\/\/nordicmart.andreevmaster.com\/sv\/wp-json\/wp\/v2\/product_brand?post=16423"},{"taxonomy":"product_cat","embeddable":true,"href":"https:\/\/nordicmart.andreevmaster.com\/sv\/wp-json\/wp\/v2\/product_cat?post=16423"},{"taxonomy":"product_tag","embeddable":true,"href":"https:\/\/nordicmart.andreevmaster.com\/sv\/wp-json\/wp\/v2\/product_tag?post=16423"}],"curies":[{"name":"wp","href":"https:\/\/api.w.org\/{rel}","templated":true}]}}