{"id":16419,"date":"2026-02-27T00:30:29","date_gmt":"2026-02-27T00:30:29","guid":{"rendered":"https:\/\/nordicmart.andreevmaster.com\/product\/vasagle-tv-skap-160-cm-langt-med-2-dorrar-snovit\/"},"modified":"2026-02-27T08:20:58","modified_gmt":"2026-02-27T08:20:58","slug":"vasagle-tv-skap-160-cm-langt-med-2-dorrar-snovit","status":"publish","type":"product","link":"https:\/\/nordicmart.andreevmaster.com\/sv\/produkt\/vasagle-tv-skap-160-cm-langt-med-2-dorrar-snovit\/","title":{"rendered":"VASAGLE TV-sk\u00e5p 160 cm l\u00e5ngt med 2 d\u00f6rrar sn\u00f6vit"},"content":{"rendered":"<p>VASAGLE TV-sk\u00e5p, TV-bord med 2 d\u00f6rrar, 160 cm l\u00e5ngt, TV-hylla f\u00f6r TV-apparater upp till 65 tum, justerbara hyllor, f\u00f6r vardagsrum, matsal, sovrum, sn\u00f6vit LTV030W01<br \/>\nF\u00e4rg: Sn\u00f6vit<br \/>\nMaterial: Sp\u00e5nskiva<br \/>\nStorlek: 160 x 40 x 50 cm (L x B x H)<br \/>\nVikt: 29,4 kg<br \/>\nMax. statisk belastningskapacitet f\u00f6r bordsskivan: 35 kg<br \/>\nMax. statisk belastningskapacitet totalt: 75 kg<\/p>\n","protected":false},"excerpt":{"rendered":"<p>VASAGLE TV-sk\u00e5p, TV-bord med 2 d\u00f6rrar, 160 cm l\u00e5ngt, TV-hylla f\u00f6r TV-apparater upp till 65 tum, justerbara hyllor, f\u00f6r vardagsrum, matsal, sovrum, sn\u00f6vit LTV030W01<\/p>\n","protected":false},"featured_media":0,"comment_status":"open","ping_status":"closed","template":"","meta":[],"product_brand":[],"product_cat":[33],"product_tag":[],"class_list":{"0":"post-16419","1":"product","2":"type-product","3":"status-publish","5":"product_cat-okategoriserad","7":"first","8":"instock","9":"shipping-taxable","10":"purchasable","11":"product-type-simple"},"_links":{"self":[{"href":"https:\/\/nordicmart.andreevmaster.com\/sv\/wp-json\/wp\/v2\/product\/16419","targetHints":{"allow":["GET"]}}],"collection":[{"href":"https:\/\/nordicmart.andreevmaster.com\/sv\/wp-json\/wp\/v2\/product"}],"about":[{"href":"https:\/\/nordicmart.andreevmaster.com\/sv\/wp-json\/wp\/v2\/types\/product"}],"replies":[{"embeddable":true,"href":"https:\/\/nordicmart.andreevmaster.com\/sv\/wp-json\/wp\/v2\/comments?post=16419"}],"wp:attachment":[{"href":"https:\/\/nordicmart.andreevmaster.com\/sv\/wp-json\/wp\/v2\/media?parent=16419"}],"wp:term":[{"taxonomy":"product_brand","embeddable":true,"href":"https:\/\/nordicmart.andreevmaster.com\/sv\/wp-json\/wp\/v2\/product_brand?post=16419"},{"taxonomy":"product_cat","embeddable":true,"href":"https:\/\/nordicmart.andreevmaster.com\/sv\/wp-json\/wp\/v2\/product_cat?post=16419"},{"taxonomy":"product_tag","embeddable":true,"href":"https:\/\/nordicmart.andreevmaster.com\/sv\/wp-json\/wp\/v2\/product_tag?post=16419"}],"curies":[{"name":"wp","href":"https:\/\/api.w.org\/{rel}","templated":true}]}}