{"id":16418,"date":"2026-02-27T00:30:28","date_gmt":"2026-02-27T00:30:28","guid":{"rendered":"https:\/\/nordicmart.andreevmaster.com\/product\/vasagle-tv-bank-med-2-dorrar\/"},"modified":"2026-02-27T08:20:58","modified_gmt":"2026-02-27T08:20:58","slug":"vasagle-tv-bank-med-2-dorrar","status":"publish","type":"product","link":"https:\/\/nordicmart.andreevmaster.com\/sv\/produkt\/vasagle-tv-bank-med-2-dorrar\/","title":{"rendered":"VASAGLE TV-b\u00e4nk med 2 d\u00f6rrar"},"content":{"rendered":"<p>Vad har du f\u00f6r program? Ska du titta p\u00e5 film med familjen i vardagsrummet i helgen? Vad s\u00e4gs om en lugn filmkv\u00e4ll i vardagsrummet? Oavsett hur du helst spenderar din fritid kommer detta TV-sk\u00e5p att passa dig perfekt. En hemlighet avsl\u00f6jas! Vill du veta vad som d\u00f6ljer sig bakom den magnetiska d\u00f6rren? Okej, jag ska ber\u00e4tta: 2 h\u00f6jdjusterbara hyllplan. F\u00f6rresten, hyllan p\u00e5 v\u00e4nster sida av sk\u00e5pet \u00e4r ocks\u00e5 justerbar! S\u00e4song efter s\u00e4song! Detta sk\u00e5p \u00e4r utrustat med h\u00f6gkvalitativa och robusta sp\u00e5nskivor och kommer att st\u00e5 vid din sida under m\u00e5nga s\u00e4songer. Nu kan du bekv\u00e4mt njuta av dina favoritserier.Produktdetaljer: F\u00e4rg: Vintagebrun Material: Sp\u00e5nskiva Storlek: 140 x 40 x 50 cm (L x B x H) Vikt: 26,2 kg Max. statisk belastningskapacitet: 50 kg Leveransomfattning: 1 x TV-sk\u00e5p 1 x tillbeh\u00f6rspaket 1 x bruksanvisning (DE, EN, FR, ES, IT)<\/p>\n","protected":false},"excerpt":{"rendered":"<p>VASAGLE TV-sk\u00e5p, TV-bord med 2 d\u00f6rrar, TV-hylla f\u00f6r TV-apparater upp till 60 tum, TV-sk\u00e5p med justerbara hyllor, f\u00f6r vardagsrum, matsal och sovrum, vintagebrunt LTV027X01<\/p>\n","protected":false},"featured_media":44125,"comment_status":"open","ping_status":"closed","template":"","meta":[],"product_brand":[],"product_cat":[33],"product_tag":[],"class_list":{"0":"post-16418","1":"product","2":"type-product","3":"status-publish","4":"has-post-thumbnail","6":"product_cat-okategoriserad","8":"first","9":"instock","10":"shipping-taxable","11":"purchasable","12":"product-type-simple"},"_links":{"self":[{"href":"https:\/\/nordicmart.andreevmaster.com\/sv\/wp-json\/wp\/v2\/product\/16418","targetHints":{"allow":["GET"]}}],"collection":[{"href":"https:\/\/nordicmart.andreevmaster.com\/sv\/wp-json\/wp\/v2\/product"}],"about":[{"href":"https:\/\/nordicmart.andreevmaster.com\/sv\/wp-json\/wp\/v2\/types\/product"}],"replies":[{"embeddable":true,"href":"https:\/\/nordicmart.andreevmaster.com\/sv\/wp-json\/wp\/v2\/comments?post=16418"}],"wp:featuredmedia":[{"embeddable":true,"href":"https:\/\/nordicmart.andreevmaster.com\/sv\/wp-json\/wp\/v2\/media\/44125"}],"wp:attachment":[{"href":"https:\/\/nordicmart.andreevmaster.com\/sv\/wp-json\/wp\/v2\/media?parent=16418"}],"wp:term":[{"taxonomy":"product_brand","embeddable":true,"href":"https:\/\/nordicmart.andreevmaster.com\/sv\/wp-json\/wp\/v2\/product_brand?post=16418"},{"taxonomy":"product_cat","embeddable":true,"href":"https:\/\/nordicmart.andreevmaster.com\/sv\/wp-json\/wp\/v2\/product_cat?post=16418"},{"taxonomy":"product_tag","embeddable":true,"href":"https:\/\/nordicmart.andreevmaster.com\/sv\/wp-json\/wp\/v2\/product_tag?post=16418"}],"curies":[{"name":"wp","href":"https:\/\/api.w.org\/{rel}","templated":true}]}}