{"id":16417,"date":"2026-02-27T00:30:28","date_gmt":"2026-02-27T00:30:28","guid":{"rendered":"https:\/\/nordicmart.andreevmaster.com\/product\/vasagle-tv-skap-med-2-dorrar-40-x-140-x-50-cm-vitt\/"},"modified":"2026-02-27T08:20:58","modified_gmt":"2026-02-27T08:20:58","slug":"vasagle-tv-skap-med-2-dorrar-40-x-140-x-50-cm-vitt","status":"publish","type":"product","link":"https:\/\/nordicmart.andreevmaster.com\/sv\/produkt\/vasagle-tv-skap-med-2-dorrar-40-x-140-x-50-cm-vitt\/","title":{"rendered":"VASAGLE TV-sk\u00e5p med 2 d\u00f6rrar 40 x 140 x 50 cm vitt"},"content":{"rendered":"<p>VASAGLE TV-sk\u00e5p, TV-bord med 2 d\u00f6rrar, TV-hylla f\u00f6r TV-apparater upp till 60 tum, TV-sk\u00e5p med justerbara hyllor, f\u00f6r vardagsrum, matsal och sovrum, vintagebrunt LTV027X01<br \/>\nF\u00e4rg: Vit<br \/>\nMaterial: Sp\u00e5nskiva<br \/>\nStorlek: 40 x 140 x 50 cm (D x B x H)<br \/>\nVikt: 26,2 kg<br \/>\nMax. statisk belastningskapacitet: 50 kg<\/p>\n","protected":false},"excerpt":{"rendered":"<p>VASAGLE TV-sk\u00e5p, TV-bord med 2 d\u00f6rrar, TV-hylla f\u00f6r TV-apparater upp till 60 tum, TV-sk\u00e5p med justerbara hyllor, f\u00f6r vardagsrum, matsal och sovrum, vintagebrunt LTV027X01<\/p>\n","protected":false},"featured_media":44124,"comment_status":"open","ping_status":"closed","template":"","meta":[],"product_brand":[],"product_cat":[33],"product_tag":[],"class_list":{"0":"post-16417","1":"product","2":"type-product","3":"status-publish","4":"has-post-thumbnail","6":"product_cat-okategoriserad","8":"first","9":"instock","10":"shipping-taxable","11":"purchasable","12":"product-type-simple"},"_links":{"self":[{"href":"https:\/\/nordicmart.andreevmaster.com\/sv\/wp-json\/wp\/v2\/product\/16417","targetHints":{"allow":["GET"]}}],"collection":[{"href":"https:\/\/nordicmart.andreevmaster.com\/sv\/wp-json\/wp\/v2\/product"}],"about":[{"href":"https:\/\/nordicmart.andreevmaster.com\/sv\/wp-json\/wp\/v2\/types\/product"}],"replies":[{"embeddable":true,"href":"https:\/\/nordicmart.andreevmaster.com\/sv\/wp-json\/wp\/v2\/comments?post=16417"}],"wp:featuredmedia":[{"embeddable":true,"href":"https:\/\/nordicmart.andreevmaster.com\/sv\/wp-json\/wp\/v2\/media\/44124"}],"wp:attachment":[{"href":"https:\/\/nordicmart.andreevmaster.com\/sv\/wp-json\/wp\/v2\/media?parent=16417"}],"wp:term":[{"taxonomy":"product_brand","embeddable":true,"href":"https:\/\/nordicmart.andreevmaster.com\/sv\/wp-json\/wp\/v2\/product_brand?post=16417"},{"taxonomy":"product_cat","embeddable":true,"href":"https:\/\/nordicmart.andreevmaster.com\/sv\/wp-json\/wp\/v2\/product_cat?post=16417"},{"taxonomy":"product_tag","embeddable":true,"href":"https:\/\/nordicmart.andreevmaster.com\/sv\/wp-json\/wp\/v2\/product_tag?post=16417"}],"curies":[{"name":"wp","href":"https:\/\/api.w.org\/{rel}","templated":true}]}}