{"id":16414,"date":"2026-02-27T00:30:27","date_gmt":"2026-02-27T00:30:27","guid":{"rendered":"https:\/\/nordicmart.andreevmaster.com\/product\/vasagle-tv-hylla-for-tv-apparater-upp-till-43-tum\/"},"modified":"2026-02-27T08:20:57","modified_gmt":"2026-02-27T08:20:57","slug":"vasagle-tv-hylla-for-tv-apparater-upp-till-43-tum","status":"publish","type":"product","link":"https:\/\/nordicmart.andreevmaster.com\/sv\/produkt\/vasagle-tv-hylla-for-tv-apparater-upp-till-43-tum\/","title":{"rendered":"VASAGLE TV-hylla f\u00f6r TV-apparater upp till 43 tum"},"content":{"rendered":"<p>Retro, 50\/60-talsstil: Det finns en anledning till varf\u00f6r m\u00f6bler i 50\/60-talsstil \u00e4r s\u00e5 popul\u00e4ra: de ser alltid bra ut, oavsett var de st\u00e5r. Denna l\u00e5da passar till m\u00e5nga inredningsstilar och g\u00f6r sig utm\u00e4rkt i ditt vardagsrum, sovrum eller kontor. 2 hyllplan, en sk\u00e5pd\u00f6rr som \u00f6ppnas med ett l\u00e4tt tryck och d\u00f6ljer \u00e4nnu mer f\u00f6rvaringsutrymme, samt en stor bordsskiva \u2013 denna TV-hylla erbjuder gott om plats f\u00f6r din TV, spelkonsoler, kabelboxar och m\u00e5nga andra f\u00f6rem\u00e5l.<\/p>\n<p>Bepr\u00f6vad VASAGLE-kvalitet: detta TV-sk\u00e5p \u00e4r tillverkat av sp\u00e5nskivor och t\u00e5l en belastning p\u00e5 upp till 50 kg. De ut\u00e5tst\u00e5ende benen ger en trendig retrostil och \u00e4r tillverkade av gummitr\u00e4, vilket g\u00f6r dem extra stabila. De f\u00e4sts p\u00e5 TV-hyllans stomme med hj\u00e4lp av robusta skruvar och tr\u00e4pluggar, s\u00e5 att de alltid sitter p\u00e5 plats och ger utm\u00e4rkt st\u00f6d. Produktdetaljer:<\/p>\n<p>F\u00e4rg: Greige<br \/>\nMaterial: sp\u00e5nskiva, gummitr\u00e4<br \/>\nStorlek: 110 x 40 x 49,5 cm (L x B x H)<br \/>\nVikt: 17,4 kg<br \/>\nMax. statisk belastningskapacitet: 50 kg<br \/>\nLeveransomfattning:<\/p>\n<p>1 x TV-bord<br \/>\n1 x beh\u00e5llare med tillbeh\u00f6r<br \/>\n1 x bruksanvisning (DE, EN, FR, ES, IT)<br \/>\nVASAGLE Anm\u00e4rkningar:<\/p>\n<p>H\u00e5ll barn borta fr\u00e5n bordets h\u00f6rn, eftersom det annars kan leda till skador.<br \/>\nLyft bordet om du vill flytta det. Dra det inte \u00f6ver golvet.<br \/>\nTryck inte f\u00f6r h\u00e5rt p\u00e5 sk\u00e5pd\u00f6rren, eftersom detta kan leda till skador.<\/p>\n","protected":false},"excerpt":{"rendered":"<p>VASAGLE Retro Lowboard, TV-hylla f\u00f6r TV-apparater upp till 43 tum, TV-bord, TV-sk\u00e5p, retrom\u00f6bler f\u00f6r din plattsk\u00e4rm, spelkonsoler, vardagsrum, kontor, greige LTV009M01<\/p>\n","protected":false},"featured_media":0,"comment_status":"open","ping_status":"closed","template":"","meta":[],"product_brand":[],"product_cat":[33],"product_tag":[],"class_list":{"0":"post-16414","1":"product","2":"type-product","3":"status-publish","5":"product_cat-okategoriserad","7":"first","8":"instock","9":"shipping-taxable","10":"purchasable","11":"product-type-simple"},"_links":{"self":[{"href":"https:\/\/nordicmart.andreevmaster.com\/sv\/wp-json\/wp\/v2\/product\/16414","targetHints":{"allow":["GET"]}}],"collection":[{"href":"https:\/\/nordicmart.andreevmaster.com\/sv\/wp-json\/wp\/v2\/product"}],"about":[{"href":"https:\/\/nordicmart.andreevmaster.com\/sv\/wp-json\/wp\/v2\/types\/product"}],"replies":[{"embeddable":true,"href":"https:\/\/nordicmart.andreevmaster.com\/sv\/wp-json\/wp\/v2\/comments?post=16414"}],"wp:attachment":[{"href":"https:\/\/nordicmart.andreevmaster.com\/sv\/wp-json\/wp\/v2\/media?parent=16414"}],"wp:term":[{"taxonomy":"product_brand","embeddable":true,"href":"https:\/\/nordicmart.andreevmaster.com\/sv\/wp-json\/wp\/v2\/product_brand?post=16414"},{"taxonomy":"product_cat","embeddable":true,"href":"https:\/\/nordicmart.andreevmaster.com\/sv\/wp-json\/wp\/v2\/product_cat?post=16414"},{"taxonomy":"product_tag","embeddable":true,"href":"https:\/\/nordicmart.andreevmaster.com\/sv\/wp-json\/wp\/v2\/product_tag?post=16414"}],"curies":[{"name":"wp","href":"https:\/\/api.w.org\/{rel}","templated":true}]}}