{"id":16413,"date":"2026-02-27T00:30:27","date_gmt":"2026-02-27T00:30:27","guid":{"rendered":"https:\/\/nordicmart.andreevmaster.com\/product\/vasagle-tv-bord-vardagsrum-vitt-naturfargat\/"},"modified":"2026-02-27T08:20:57","modified_gmt":"2026-02-27T08:20:57","slug":"vasagle-tv-bord-vardagsrum-vitt-naturfargat","status":"publish","type":"product","link":"https:\/\/nordicmart.andreevmaster.com\/sv\/produkt\/vasagle-tv-bord-vardagsrum-vitt-naturfargat\/","title":{"rendered":"VASAGLE TV-bord vardagsrum vitt-naturf\u00e4rgat"},"content":{"rendered":"<p>Produktdetaljer: &#8211; F\u00e4rg: Vit-naturf\u00e4rgad &#8211; Material: Sp\u00e5nskiva, gummitr\u00e4 &#8211; Storlek: 110 x 40 x 49,5 cm (L x B x H) &#8211; Vikt: 18,9 kg &#8211; Max. statisk belastningskapacitet: 50 kg Leveransomfattning: &#8211; 1 x TV-bord &#8211; 1 x tillbeh\u00f6rspaket &#8211; 1 x bruksanvisning VASAGLE Anvisningar: &#8211; H\u00e5ll barn borta fr\u00e5n bordets h\u00f6rn, eftersom det annars kan leda till skador. &#8211; Lyft bordet om du vill flytta det. Dra inte bordet \u00f6ver golvet. &#8211; Tryck inte f\u00f6r h\u00e5rt p\u00e5 sk\u00e5pd\u00f6rren, eftersom detta kan leda till skador. &#8211; Barn b\u00f6r endast anv\u00e4nda produkten under uppsikt av en vuxen. &#8211; Den maximala belastningskapaciteten i texten avser den maximala statiska vikten.<\/p>\n","protected":false},"excerpt":{"rendered":"<p>VASAGLE TV-sk\u00e5p, TV-hylla, lowboard, f\u00f6r TV-apparater upp till 43 tum, TV-bord, TV-sk\u00e5p, f\u00f6r vardagsrum, vit-naturf\u00e4rgad LTV008W01<\/p>\n","protected":false},"featured_media":44121,"comment_status":"open","ping_status":"closed","template":"","meta":[],"product_brand":[],"product_cat":[33],"product_tag":[],"class_list":{"0":"post-16413","1":"product","2":"type-product","3":"status-publish","4":"has-post-thumbnail","6":"product_cat-okategoriserad","8":"first","9":"instock","10":"shipping-taxable","11":"purchasable","12":"product-type-simple"},"_links":{"self":[{"href":"https:\/\/nordicmart.andreevmaster.com\/sv\/wp-json\/wp\/v2\/product\/16413","targetHints":{"allow":["GET"]}}],"collection":[{"href":"https:\/\/nordicmart.andreevmaster.com\/sv\/wp-json\/wp\/v2\/product"}],"about":[{"href":"https:\/\/nordicmart.andreevmaster.com\/sv\/wp-json\/wp\/v2\/types\/product"}],"replies":[{"embeddable":true,"href":"https:\/\/nordicmart.andreevmaster.com\/sv\/wp-json\/wp\/v2\/comments?post=16413"}],"wp:featuredmedia":[{"embeddable":true,"href":"https:\/\/nordicmart.andreevmaster.com\/sv\/wp-json\/wp\/v2\/media\/44121"}],"wp:attachment":[{"href":"https:\/\/nordicmart.andreevmaster.com\/sv\/wp-json\/wp\/v2\/media?parent=16413"}],"wp:term":[{"taxonomy":"product_brand","embeddable":true,"href":"https:\/\/nordicmart.andreevmaster.com\/sv\/wp-json\/wp\/v2\/product_brand?post=16413"},{"taxonomy":"product_cat","embeddable":true,"href":"https:\/\/nordicmart.andreevmaster.com\/sv\/wp-json\/wp\/v2\/product_cat?post=16413"},{"taxonomy":"product_tag","embeddable":true,"href":"https:\/\/nordicmart.andreevmaster.com\/sv\/wp-json\/wp\/v2\/product_tag?post=16413"}],"curies":[{"name":"wp","href":"https:\/\/api.w.org\/{rel}","templated":true}]}}