{"id":16411,"date":"2026-02-27T00:30:27","date_gmt":"2026-02-27T00:30:27","guid":{"rendered":"https:\/\/nordicmart.andreevmaster.com\/product\/feandrea-nan-5\/"},"modified":"2026-02-27T08:20:57","modified_gmt":"2026-02-27T08:20:57","slug":"feandrea-nan-5","status":"publish","type":"product","link":"https:\/\/nordicmart.andreevmaster.com\/sv\/produkt\/feandrea-nan-5\/","title":{"rendered":"Feandrea nan"},"content":{"rendered":"<p>Feandrea kl\u00e4ttertr\u00e4d stort, 168 cm h\u00f6gt, M kattkl\u00e4ttertr\u00e4d, med 13 kl\u00e4tterst\u00e4nger, 2 plattformar, 2 grottor, korg, h\u00e4ngmatta, plyschbollar, flerv\u00e5nings kattkl\u00e4ttertr\u00e4d, r\u00f6kgr\u00e5tt PCT165G01<br \/>\nM\u00e5tt: 40 x 60 x 97,4 (D x B x H)<br \/>\nVikt: 26,4 kg<br \/>\nMax. statisk b\u00e4rf\u00f6rm\u00e5ga f\u00f6r bordsskivan: 75 kg<br \/>\nMax. statisk b\u00e4rf\u00f6rm\u00e5ga f\u00f6r varje l\u00e5da: 6,8 kg<br \/>\nMaterial: sp\u00e5nskiva, MDF (medeldensitetsfiberplatta)<br \/>\nF\u00e4rg: Vit<\/p>\n","protected":false},"excerpt":{"rendered":"<p>Feandrea kl\u00e4ttertr\u00e4d stort, 168 cm h\u00f6gt, M kattkl\u00e4ttertr\u00e4d, med 13 kl\u00e4tterst\u00e4nger, 2 plattformar, 2 grottor, korg, h\u00e4ngmatta, plyschbollar, flerv\u00e5nings kattkl\u00e4ttertr\u00e4d, r\u00f6kgr\u00e5tt PCT165G01<\/p>\n","protected":false},"featured_media":44119,"comment_status":"open","ping_status":"closed","template":"","meta":[],"product_brand":[],"product_cat":[33],"product_tag":[],"class_list":{"0":"post-16411","1":"product","2":"type-product","3":"status-publish","4":"has-post-thumbnail","6":"product_cat-okategoriserad","8":"first","9":"instock","10":"shipping-taxable","11":"purchasable","12":"product-type-simple"},"_links":{"self":[{"href":"https:\/\/nordicmart.andreevmaster.com\/sv\/wp-json\/wp\/v2\/product\/16411","targetHints":{"allow":["GET"]}}],"collection":[{"href":"https:\/\/nordicmart.andreevmaster.com\/sv\/wp-json\/wp\/v2\/product"}],"about":[{"href":"https:\/\/nordicmart.andreevmaster.com\/sv\/wp-json\/wp\/v2\/types\/product"}],"replies":[{"embeddable":true,"href":"https:\/\/nordicmart.andreevmaster.com\/sv\/wp-json\/wp\/v2\/comments?post=16411"}],"wp:featuredmedia":[{"embeddable":true,"href":"https:\/\/nordicmart.andreevmaster.com\/sv\/wp-json\/wp\/v2\/media\/44119"}],"wp:attachment":[{"href":"https:\/\/nordicmart.andreevmaster.com\/sv\/wp-json\/wp\/v2\/media?parent=16411"}],"wp:term":[{"taxonomy":"product_brand","embeddable":true,"href":"https:\/\/nordicmart.andreevmaster.com\/sv\/wp-json\/wp\/v2\/product_brand?post=16411"},{"taxonomy":"product_cat","embeddable":true,"href":"https:\/\/nordicmart.andreevmaster.com\/sv\/wp-json\/wp\/v2\/product_cat?post=16411"},{"taxonomy":"product_tag","embeddable":true,"href":"https:\/\/nordicmart.andreevmaster.com\/sv\/wp-json\/wp\/v2\/product_tag?post=16411"}],"curies":[{"name":"wp","href":"https:\/\/api.w.org\/{rel}","templated":true}]}}