{"id":16406,"date":"2026-02-27T00:30:25","date_gmt":"2026-02-27T00:30:25","guid":{"rendered":"https:\/\/nordicmart.andreevmaster.com\/product\/songmics-byra-forvaringsskap-med-5-lador-stal\/"},"modified":"2026-02-27T08:20:55","modified_gmt":"2026-02-27T08:20:55","slug":"songmics-byra-forvaringsskap-med-5-lador-stal","status":"publish","type":"product","link":"https:\/\/nordicmart.andreevmaster.com\/sv\/produkt\/songmics-byra-forvaringsskap-med-5-lador-stal\/","title":{"rendered":"SONGMICS byr\u00e5, f\u00f6rvaringssk\u00e5p med 5 l\u00e5dor, st\u00e5l"},"content":{"rendered":"<p>SONGMICS byr\u00e5, f\u00f6rvaringssk\u00e5p, 5 tygl\u00e5dor, f\u00f6r hall, vardagsrum, ljusgr\u00e5-vit LTS514L10<br \/>\nSpecifikationer:<br \/>\n&#8211; Totala m\u00e5tt: 30 x 56 x 93 cm (D x B x H)<br \/>\n&#8211; Vikt: 9,9 kg<br \/>\n&#8211; Max. statisk b\u00e4rf\u00f6rm\u00e5ga p\u00e5 ytan: 15 kg<br \/>\n&#8211; Max. statisk b\u00e4rf\u00f6rm\u00e5ga f\u00f6r varje l\u00e5da: 3 kg<br \/>\n&#8211; Max. statisk b\u00e4rf\u00f6rm\u00e5ga totalt: 30 kg<br \/>\n&#8211; Material: sp\u00e5nskiva, st\u00e5l, non-woven-tyg<br \/>\n&#8211; F\u00e4rg: Ljusgr\u00e5-vit<\/p>\n","protected":false},"excerpt":{"rendered":"<p>SONGMICS byr\u00e5, f\u00f6rvaringssk\u00e5p, 5 tygl\u00e5dor, f\u00f6r hall, vardagsrum, ljusgr\u00e5-vit LTS514L10<\/p>\n","protected":false},"featured_media":44114,"comment_status":"open","ping_status":"closed","template":"","meta":[],"product_brand":[],"product_cat":[33],"product_tag":[],"class_list":{"0":"post-16406","1":"product","2":"type-product","3":"status-publish","4":"has-post-thumbnail","6":"product_cat-okategoriserad","8":"first","9":"instock","10":"shipping-taxable","11":"purchasable","12":"product-type-simple"},"_links":{"self":[{"href":"https:\/\/nordicmart.andreevmaster.com\/sv\/wp-json\/wp\/v2\/product\/16406","targetHints":{"allow":["GET"]}}],"collection":[{"href":"https:\/\/nordicmart.andreevmaster.com\/sv\/wp-json\/wp\/v2\/product"}],"about":[{"href":"https:\/\/nordicmart.andreevmaster.com\/sv\/wp-json\/wp\/v2\/types\/product"}],"replies":[{"embeddable":true,"href":"https:\/\/nordicmart.andreevmaster.com\/sv\/wp-json\/wp\/v2\/comments?post=16406"}],"wp:featuredmedia":[{"embeddable":true,"href":"https:\/\/nordicmart.andreevmaster.com\/sv\/wp-json\/wp\/v2\/media\/44114"}],"wp:attachment":[{"href":"https:\/\/nordicmart.andreevmaster.com\/sv\/wp-json\/wp\/v2\/media?parent=16406"}],"wp:term":[{"taxonomy":"product_brand","embeddable":true,"href":"https:\/\/nordicmart.andreevmaster.com\/sv\/wp-json\/wp\/v2\/product_brand?post=16406"},{"taxonomy":"product_cat","embeddable":true,"href":"https:\/\/nordicmart.andreevmaster.com\/sv\/wp-json\/wp\/v2\/product_cat?post=16406"},{"taxonomy":"product_tag","embeddable":true,"href":"https:\/\/nordicmart.andreevmaster.com\/sv\/wp-json\/wp\/v2\/product_tag?post=16406"}],"curies":[{"name":"wp","href":"https:\/\/api.w.org\/{rel}","templated":true}]}}