{"id":16396,"date":"2026-02-27T00:30:23","date_gmt":"2026-02-27T00:30:23","guid":{"rendered":"https:\/\/nordicmart.andreevmaster.com\/product\/songmics-sminkbord-med-hyllor-bredvid-varandra-eller-i-l-form-snovit\/"},"modified":"2026-02-27T08:20:53","modified_gmt":"2026-02-27T08:20:53","slug":"songmics-sminkbord-med-hyllor-bredvid-varandra-eller-i-l-form-snovit","status":"publish","type":"product","link":"https:\/\/nordicmart.andreevmaster.com\/sv\/produkt\/songmics-sminkbord-med-hyllor-bredvid-varandra-eller-i-l-form-snovit\/","title":{"rendered":"SONGMICS sminkbord med hyllor bredvid varandra eller i L-form, sn\u00f6vit"},"content":{"rendered":"<p>SONGMICS HOME byr\u00e5, sk\u00e5p, sminkbord med hyllplan, snabb montering utan verktyg, bredvid varandra eller i L-form, f\u00f6r sovrum, arbetsrum, verktygsfri teknik, sn\u00f6vit LTS656W01<br \/>\nF\u00e4rg: Sn\u00f6vit<br \/>\nMaterial: Sp\u00e5nskiva<br \/>\nStorlek p\u00e5 byr\u00e5delen: 39 x 120 x 72 cm (D x B x H)<br \/>\nStorlek p\u00e5 bordet med hyllplan: 39 x 90 x 74 cm (D x B x H)<br \/>\nTotalvikt: 49,4 kg<br \/>\nMax. statisk belastningskapacitet totalt: 120 kg<br \/>\nMax. statisk belastningskapacitet f\u00f6r kommodens toppskiva: 75 kg<br \/>\nMax. statisk belastningskapacitet f\u00f6r varje l\u00e5da: 8 kg<\/p>\n","protected":false},"excerpt":{"rendered":"<p>SONGMICS HOME byr\u00e5, sk\u00e5p, sminkbord med hyllplan, snabb montering utan verktyg, bredvid varandra eller i L-form, f\u00f6r sovrum, arbetsrum, verktygsfri teknik, sn\u00f6vit LTS656W01<\/p>\n","protected":false},"featured_media":0,"comment_status":"open","ping_status":"closed","template":"","meta":[],"product_brand":[],"product_cat":[33],"product_tag":[],"class_list":{"0":"post-16396","1":"product","2":"type-product","3":"status-publish","5":"product_cat-okategoriserad","7":"first","8":"instock","9":"shipping-taxable","10":"purchasable","11":"product-type-simple"},"_links":{"self":[{"href":"https:\/\/nordicmart.andreevmaster.com\/sv\/wp-json\/wp\/v2\/product\/16396","targetHints":{"allow":["GET"]}}],"collection":[{"href":"https:\/\/nordicmart.andreevmaster.com\/sv\/wp-json\/wp\/v2\/product"}],"about":[{"href":"https:\/\/nordicmart.andreevmaster.com\/sv\/wp-json\/wp\/v2\/types\/product"}],"replies":[{"embeddable":true,"href":"https:\/\/nordicmart.andreevmaster.com\/sv\/wp-json\/wp\/v2\/comments?post=16396"}],"wp:attachment":[{"href":"https:\/\/nordicmart.andreevmaster.com\/sv\/wp-json\/wp\/v2\/media?parent=16396"}],"wp:term":[{"taxonomy":"product_brand","embeddable":true,"href":"https:\/\/nordicmart.andreevmaster.com\/sv\/wp-json\/wp\/v2\/product_brand?post=16396"},{"taxonomy":"product_cat","embeddable":true,"href":"https:\/\/nordicmart.andreevmaster.com\/sv\/wp-json\/wp\/v2\/product_cat?post=16396"},{"taxonomy":"product_tag","embeddable":true,"href":"https:\/\/nordicmart.andreevmaster.com\/sv\/wp-json\/wp\/v2\/product_tag?post=16396"}],"curies":[{"name":"wp","href":"https:\/\/api.w.org\/{rel}","templated":true}]}}