{"id":16394,"date":"2026-02-27T00:30:23","date_gmt":"2026-02-27T00:30:23","guid":{"rendered":"https:\/\/nordicmart.andreevmaster.com\/product\/vasagle-byra-kailyn-med-sex-lador-for-sovrummet\/"},"modified":"2026-02-27T08:20:53","modified_gmt":"2026-02-27T08:20:53","slug":"vasagle-byra-kailyn-med-sex-lador-for-sovrummet","status":"publish","type":"product","link":"https:\/\/nordicmart.andreevmaster.com\/sv\/produkt\/vasagle-byra-kailyn-med-sex-lador-for-sovrummet\/","title":{"rendered":"VASAGLE byr\u00e5 Kailyn med sex l\u00e5dor f\u00f6r sovrummet"},"content":{"rendered":"<p>VASAGLE byr\u00e5 med 6 l\u00e5dor, byr\u00e5sk\u00e5p, byr\u00e5, byr\u00e5 f\u00f6r kl\u00e4der, f\u00f6r sovrum, 40 x 119,4 x 75 cm, Modern Kailyn-kollektion, ebenholts svart LTS616B01<br \/>\nF\u00e4rg: ebenholts svart<br \/>\nMaterial: Sp\u00e5nskiva, MDF (medeldensitetsfiberplatta)<br \/>\nStorlek: 40 x 119,4 x 75 cm (D x B x H)<br \/>\nVikt: 37,4 kg<br \/>\nMax. statisk belastningskapacitet f\u00f6r \u00f6verplattan: 75 kg<br \/>\nMax. statisk belastningskapacitet f\u00f6r varje l\u00e5da: 10 kg<\/p>\n","protected":false},"excerpt":{"rendered":"<p>VASAGLE byr\u00e5 med 6 l\u00e5dor, byr\u00e5sk\u00e5p, byr\u00e5, byr\u00e5 f\u00f6r kl\u00e4der, f\u00f6r sovrum, 40 x 119,4 x 75 cm, Modern Kailyn-kollektion, ebenholts svart LTS616B01<\/p>\n","protected":false},"featured_media":44104,"comment_status":"open","ping_status":"closed","template":"","meta":[],"product_brand":[],"product_cat":[33],"product_tag":[],"class_list":{"0":"post-16394","1":"product","2":"type-product","3":"status-publish","4":"has-post-thumbnail","6":"product_cat-okategoriserad","8":"first","9":"instock","10":"shipping-taxable","11":"purchasable","12":"product-type-simple"},"_links":{"self":[{"href":"https:\/\/nordicmart.andreevmaster.com\/sv\/wp-json\/wp\/v2\/product\/16394","targetHints":{"allow":["GET"]}}],"collection":[{"href":"https:\/\/nordicmart.andreevmaster.com\/sv\/wp-json\/wp\/v2\/product"}],"about":[{"href":"https:\/\/nordicmart.andreevmaster.com\/sv\/wp-json\/wp\/v2\/types\/product"}],"replies":[{"embeddable":true,"href":"https:\/\/nordicmart.andreevmaster.com\/sv\/wp-json\/wp\/v2\/comments?post=16394"}],"wp:featuredmedia":[{"embeddable":true,"href":"https:\/\/nordicmart.andreevmaster.com\/sv\/wp-json\/wp\/v2\/media\/44104"}],"wp:attachment":[{"href":"https:\/\/nordicmart.andreevmaster.com\/sv\/wp-json\/wp\/v2\/media?parent=16394"}],"wp:term":[{"taxonomy":"product_brand","embeddable":true,"href":"https:\/\/nordicmart.andreevmaster.com\/sv\/wp-json\/wp\/v2\/product_brand?post=16394"},{"taxonomy":"product_cat","embeddable":true,"href":"https:\/\/nordicmart.andreevmaster.com\/sv\/wp-json\/wp\/v2\/product_cat?post=16394"},{"taxonomy":"product_tag","embeddable":true,"href":"https:\/\/nordicmart.andreevmaster.com\/sv\/wp-json\/wp\/v2\/product_tag?post=16394"}],"curies":[{"name":"wp","href":"https:\/\/api.w.org\/{rel}","templated":true}]}}