{"id":16393,"date":"2026-02-27T00:30:22","date_gmt":"2026-02-27T00:30:22","guid":{"rendered":"https:\/\/nordicmart.andreevmaster.com\/product\/songmics-byra-med-7-tyglador\/"},"modified":"2026-02-27T08:20:53","modified_gmt":"2026-02-27T08:20:53","slug":"songmics-byra-med-7-tyglador","status":"publish","type":"product","link":"https:\/\/nordicmart.andreevmaster.com\/sv\/produkt\/songmics-byra-med-7-tyglador\/","title":{"rendered":"SONGMICS byr\u00e5 med 7 tygl\u00e5dor"},"content":{"rendered":"<p>SONGMICS byr\u00e5, sk\u00e5p, 7 tygl\u00e5dor med handtag, metallstativ, industridesign, vintagebrun-svart LTS137B01<br \/>\nF\u00e4rg: Vit-ekf\u00e4rgad<br \/>\nMaterial: sp\u00e5nskiva, st\u00e5l, non-woven<br \/>\nTotal storlek: 28,5 x 98 x 85 cm (D x B x H)<br \/>\nStorlek p\u00e5 varje liten l\u00e5da: 27,5 x 29,5 x 21,5 cm (D x B x H)<br \/>\nStorlek p\u00e5 varje stor l\u00e5da: 27,5 x 46 x 21,5 cm (D x B x H)<br \/>\nVikt: 12,8 kg<br \/>\nMax. statisk belastningskapacitet f\u00f6r varje l\u00e5da: 3 kg<br \/>\nMax. statisk belastningskapacitet f\u00f6r ytan: 15 kg<br \/>\nMax. statisk belastningskapacitet totalt: 36 kg<\/p>\n","protected":false},"excerpt":{"rendered":"<p>SONGMICS byr\u00e5, sk\u00e5p, 7 tygl\u00e5dor med handtag, metallstativ, industridesign, vintagebrun-svart LTS137B01<\/p>\n","protected":false},"featured_media":44103,"comment_status":"open","ping_status":"closed","template":"","meta":[],"product_brand":[],"product_cat":[33],"product_tag":[],"class_list":{"0":"post-16393","1":"product","2":"type-product","3":"status-publish","4":"has-post-thumbnail","6":"product_cat-okategoriserad","8":"first","9":"instock","10":"shipping-taxable","11":"purchasable","12":"product-type-simple"},"_links":{"self":[{"href":"https:\/\/nordicmart.andreevmaster.com\/sv\/wp-json\/wp\/v2\/product\/16393","targetHints":{"allow":["GET"]}}],"collection":[{"href":"https:\/\/nordicmart.andreevmaster.com\/sv\/wp-json\/wp\/v2\/product"}],"about":[{"href":"https:\/\/nordicmart.andreevmaster.com\/sv\/wp-json\/wp\/v2\/types\/product"}],"replies":[{"embeddable":true,"href":"https:\/\/nordicmart.andreevmaster.com\/sv\/wp-json\/wp\/v2\/comments?post=16393"}],"wp:featuredmedia":[{"embeddable":true,"href":"https:\/\/nordicmart.andreevmaster.com\/sv\/wp-json\/wp\/v2\/media\/44103"}],"wp:attachment":[{"href":"https:\/\/nordicmart.andreevmaster.com\/sv\/wp-json\/wp\/v2\/media?parent=16393"}],"wp:term":[{"taxonomy":"product_brand","embeddable":true,"href":"https:\/\/nordicmart.andreevmaster.com\/sv\/wp-json\/wp\/v2\/product_brand?post=16393"},{"taxonomy":"product_cat","embeddable":true,"href":"https:\/\/nordicmart.andreevmaster.com\/sv\/wp-json\/wp\/v2\/product_cat?post=16393"},{"taxonomy":"product_tag","embeddable":true,"href":"https:\/\/nordicmart.andreevmaster.com\/sv\/wp-json\/wp\/v2\/product_tag?post=16393"}],"curies":[{"name":"wp","href":"https:\/\/api.w.org\/{rel}","templated":true}]}}