{"id":16386,"date":"2026-02-27T00:30:20","date_gmt":"2026-02-27T00:30:20","guid":{"rendered":"https:\/\/nordicmart.andreevmaster.com\/product\/songmics-byra-med-5-tyglador-och-metallram-i-ljusgratt-vitt\/"},"modified":"2026-02-27T08:20:51","modified_gmt":"2026-02-27T08:20:51","slug":"songmics-byra-med-5-tyglador-och-metallram-i-ljusgratt-vitt","status":"publish","type":"product","link":"https:\/\/nordicmart.andreevmaster.com\/sv\/produkt\/songmics-byra-med-5-tyglador-och-metallram-i-ljusgratt-vitt\/","title":{"rendered":"SONGMICS byr\u00e5 med 5 tygl\u00e5dor och metallram i ljusgr\u00e5tt-vitt"},"content":{"rendered":"<p>SONGMICS byr\u00e5, f\u00f6rvaringssk\u00e5p, 5 tygl\u00e5dor, f\u00f6r hall, vardagsrum, ljusgr\u00e5-vit LTS514L10<br \/>\nF\u00e4rg: Ljusgr\u00e5-vit<br \/>\nMaterial: sp\u00e5nskiva, st\u00e5l, non-woven tyg<br \/>\nTotal storlek: 30 x 56 x 93 cm (D x B x H)<br \/>\nVikt: 9,9 kg<br \/>\nMax. statisk belastningskapacitet f\u00f6r ytan: 15 kg<br \/>\nMax. statisk belastningskapacitet f\u00f6r varje l\u00e5da: 3 kg<br \/>\nMax. statisk belastningskapacitet totalt: 30 kg<\/p>\n","protected":false},"excerpt":{"rendered":"<p>SONGMICS byr\u00e5, f\u00f6rvaringssk\u00e5p, 5 tygl\u00e5dor, f\u00f6r hall, vardagsrum, ljusgr\u00e5-vit LTS514L10<\/p>\n","protected":false},"featured_media":44096,"comment_status":"open","ping_status":"closed","template":"","meta":[],"product_brand":[],"product_cat":[33],"product_tag":[],"class_list":{"0":"post-16386","1":"product","2":"type-product","3":"status-publish","4":"has-post-thumbnail","6":"product_cat-okategoriserad","8":"first","9":"instock","10":"shipping-taxable","11":"purchasable","12":"product-type-simple"},"_links":{"self":[{"href":"https:\/\/nordicmart.andreevmaster.com\/sv\/wp-json\/wp\/v2\/product\/16386","targetHints":{"allow":["GET"]}}],"collection":[{"href":"https:\/\/nordicmart.andreevmaster.com\/sv\/wp-json\/wp\/v2\/product"}],"about":[{"href":"https:\/\/nordicmart.andreevmaster.com\/sv\/wp-json\/wp\/v2\/types\/product"}],"replies":[{"embeddable":true,"href":"https:\/\/nordicmart.andreevmaster.com\/sv\/wp-json\/wp\/v2\/comments?post=16386"}],"wp:featuredmedia":[{"embeddable":true,"href":"https:\/\/nordicmart.andreevmaster.com\/sv\/wp-json\/wp\/v2\/media\/44096"}],"wp:attachment":[{"href":"https:\/\/nordicmart.andreevmaster.com\/sv\/wp-json\/wp\/v2\/media?parent=16386"}],"wp:term":[{"taxonomy":"product_brand","embeddable":true,"href":"https:\/\/nordicmart.andreevmaster.com\/sv\/wp-json\/wp\/v2\/product_brand?post=16386"},{"taxonomy":"product_cat","embeddable":true,"href":"https:\/\/nordicmart.andreevmaster.com\/sv\/wp-json\/wp\/v2\/product_cat?post=16386"},{"taxonomy":"product_tag","embeddable":true,"href":"https:\/\/nordicmart.andreevmaster.com\/sv\/wp-json\/wp\/v2\/product_tag?post=16386"}],"curies":[{"name":"wp","href":"https:\/\/api.w.org\/{rel}","templated":true}]}}