{"id":16384,"date":"2026-02-27T00:30:20","date_gmt":"2026-02-27T00:30:20","guid":{"rendered":"https:\/\/nordicmart.andreevmaster.com\/product\/songmics-byra-med-6-tyglador-och-metallram-organizer\/"},"modified":"2026-02-27T08:20:51","modified_gmt":"2026-02-27T08:20:51","slug":"songmics-byra-med-6-tyglador-och-metallram-organizer","status":"publish","type":"product","link":"https:\/\/nordicmart.andreevmaster.com\/sv\/produkt\/songmics-byra-med-6-tyglador-och-metallram-organizer\/","title":{"rendered":"SONGMICS byr\u00e5 med 6 tygl\u00e5dor och metallram Organizer"},"content":{"rendered":"<p>SONGMICS byr\u00e5 med 6 tygl\u00e5dor med metallram F\u00f6rvaringsorganiserare Byr\u00e5 f\u00f6r barnrum, sovrum, hall<br \/>\nF\u00e4rg: Ljusgr\u00e5, vit<br \/>\nMaterial: sp\u00e5nskiva, st\u00e5l, non-woven tyg<br \/>\nProduktstorlek: 30 x 80 x 71 cm (D x B x H)<br \/>\nProduktvikt: 10,2 kg. Max.<br \/>\nStatisk belastningskapacitet f\u00f6r varje l\u00e5da: 3 kg Max.<br \/>\nStatisk belastningskapacitet f\u00f6r bordsskivan: 15 kg Max.<br \/>\nStatisk totalbelastningskapacitet: 33 kg<\/p>\n","protected":false},"excerpt":{"rendered":"<p>SONGMICS byr\u00e5 med 6 tygl\u00e5dor med metallram F\u00f6rvaringsorganiserare Byr\u00e5 f\u00f6r barnrum, sovrum, hall<\/p>\n","protected":false},"featured_media":44094,"comment_status":"open","ping_status":"closed","template":"","meta":[],"product_brand":[],"product_cat":[33],"product_tag":[],"class_list":{"0":"post-16384","1":"product","2":"type-product","3":"status-publish","4":"has-post-thumbnail","6":"product_cat-okategoriserad","8":"first","9":"instock","10":"shipping-taxable","11":"purchasable","12":"product-type-simple"},"_links":{"self":[{"href":"https:\/\/nordicmart.andreevmaster.com\/sv\/wp-json\/wp\/v2\/product\/16384","targetHints":{"allow":["GET"]}}],"collection":[{"href":"https:\/\/nordicmart.andreevmaster.com\/sv\/wp-json\/wp\/v2\/product"}],"about":[{"href":"https:\/\/nordicmart.andreevmaster.com\/sv\/wp-json\/wp\/v2\/types\/product"}],"replies":[{"embeddable":true,"href":"https:\/\/nordicmart.andreevmaster.com\/sv\/wp-json\/wp\/v2\/comments?post=16384"}],"wp:featuredmedia":[{"embeddable":true,"href":"https:\/\/nordicmart.andreevmaster.com\/sv\/wp-json\/wp\/v2\/media\/44094"}],"wp:attachment":[{"href":"https:\/\/nordicmart.andreevmaster.com\/sv\/wp-json\/wp\/v2\/media?parent=16384"}],"wp:term":[{"taxonomy":"product_brand","embeddable":true,"href":"https:\/\/nordicmart.andreevmaster.com\/sv\/wp-json\/wp\/v2\/product_brand?post=16384"},{"taxonomy":"product_cat","embeddable":true,"href":"https:\/\/nordicmart.andreevmaster.com\/sv\/wp-json\/wp\/v2\/product_cat?post=16384"},{"taxonomy":"product_tag","embeddable":true,"href":"https:\/\/nordicmart.andreevmaster.com\/sv\/wp-json\/wp\/v2\/product_tag?post=16384"}],"curies":[{"name":"wp","href":"https:\/\/api.w.org\/{rel}","templated":true}]}}