{"id":16383,"date":"2026-02-27T00:30:20","date_gmt":"2026-02-27T00:30:20","guid":{"rendered":"https:\/\/nordicmart.andreevmaster.com\/product\/songmics-byra-med-5-tyglador-smal-kamelgul-kramvit\/"},"modified":"2026-02-27T08:20:50","modified_gmt":"2026-02-27T08:20:50","slug":"songmics-byra-med-5-tyglador-smal-kamelgul-kramvit","status":"publish","type":"product","link":"https:\/\/nordicmart.andreevmaster.com\/sv\/produkt\/songmics-byra-med-5-tyglador-smal-kamelgul-kramvit\/","title":{"rendered":"SONGMICS byr\u00e5 med 5 tygl\u00e5dor, smal, kamelgul-kr\u00e4mvit"},"content":{"rendered":"<p>SONGMICS byr\u00e5, f\u00f6rvaringssk\u00e5p med 5 tygl\u00e5dor, metallram, h\u00f6gt och smalt, duvgr\u00e5-kr\u00e4mvit<br \/>\nF\u00e4rg: Kamelgul-kr\u00e4mvit<br \/>\nMaterial: sp\u00e5nskiva, st\u00e5l, l\u00e5dfronter av tyg<br \/>\nTotala m\u00e5tt: 29,8 x 45 x 112,3 cm (D x B x H)<br \/>\nVikt: 7,7 kg<br \/>\nMax. statisk belastningskapacitet f\u00f6r varje l\u00e5da: 5 kg<br \/>\nMax. statisk belastningskapacitet f\u00f6r ytan: 25 kg<br \/>\nMax. statisk belastningskapacitet totalt: 68 kg<\/p>\n","protected":false},"excerpt":{"rendered":"<p>SONGMICS byr\u00e5, f\u00f6rvaringssk\u00e5p med 5 tygl\u00e5dor, metallram, h\u00f6gt och smalt, duvgr\u00e5-kr\u00e4mvit<\/p>\n","protected":false},"featured_media":44093,"comment_status":"open","ping_status":"closed","template":"","meta":[],"product_brand":[],"product_cat":[33],"product_tag":[],"class_list":{"0":"post-16383","1":"product","2":"type-product","3":"status-publish","4":"has-post-thumbnail","6":"product_cat-okategoriserad","8":"first","9":"instock","10":"shipping-taxable","11":"purchasable","12":"product-type-simple"},"_links":{"self":[{"href":"https:\/\/nordicmart.andreevmaster.com\/sv\/wp-json\/wp\/v2\/product\/16383","targetHints":{"allow":["GET"]}}],"collection":[{"href":"https:\/\/nordicmart.andreevmaster.com\/sv\/wp-json\/wp\/v2\/product"}],"about":[{"href":"https:\/\/nordicmart.andreevmaster.com\/sv\/wp-json\/wp\/v2\/types\/product"}],"replies":[{"embeddable":true,"href":"https:\/\/nordicmart.andreevmaster.com\/sv\/wp-json\/wp\/v2\/comments?post=16383"}],"wp:featuredmedia":[{"embeddable":true,"href":"https:\/\/nordicmart.andreevmaster.com\/sv\/wp-json\/wp\/v2\/media\/44093"}],"wp:attachment":[{"href":"https:\/\/nordicmart.andreevmaster.com\/sv\/wp-json\/wp\/v2\/media?parent=16383"}],"wp:term":[{"taxonomy":"product_brand","embeddable":true,"href":"https:\/\/nordicmart.andreevmaster.com\/sv\/wp-json\/wp\/v2\/product_brand?post=16383"},{"taxonomy":"product_cat","embeddable":true,"href":"https:\/\/nordicmart.andreevmaster.com\/sv\/wp-json\/wp\/v2\/product_cat?post=16383"},{"taxonomy":"product_tag","embeddable":true,"href":"https:\/\/nordicmart.andreevmaster.com\/sv\/wp-json\/wp\/v2\/product_tag?post=16383"}],"curies":[{"name":"wp","href":"https:\/\/api.w.org\/{rel}","templated":true}]}}