{"id":16381,"date":"2026-02-27T00:30:19","date_gmt":"2026-02-27T00:30:19","guid":{"rendered":"https:\/\/nordicmart.andreevmaster.com\/product\/songmics-byra-med-4-tyglador-och-metallram-i-vit-ekfarg\/"},"modified":"2026-02-27T08:20:50","modified_gmt":"2026-02-27T08:20:50","slug":"songmics-byra-med-4-tyglador-och-metallram-i-vit-ekfarg","status":"publish","type":"product","link":"https:\/\/nordicmart.andreevmaster.com\/sv\/produkt\/songmics-byra-med-4-tyglador-och-metallram-i-vit-ekfarg\/","title":{"rendered":"SONGMICS byr\u00e5 med 4 tygl\u00e5dor och metallram i vit ekf\u00e4rg"},"content":{"rendered":"<p>SONGMICS byr\u00e5, f\u00f6rvaringssk\u00e5p med 4 tygl\u00e5dor, metallram, h\u00f6gt och smalt, duvgr\u00e5-kr\u00e4mvit LTS314L10<br \/>\nF\u00e4rg: Vit ek<br \/>\nMaterial: sp\u00e5nskiva, st\u00e5l, non-woven<br \/>\nTotala m\u00e5tt: 30 x 45 x 91,7 cm (D x B x H)<br \/>\nVikt: 7,1 kg<br \/>\nMax. statisk belastningskapacitet f\u00f6r ytan: 15 kg<br \/>\nMax. statisk belastningskapacitet f\u00f6r varje l\u00e5da: 3 kg<br \/>\nMax. statisk belastningskapacitet totalt: 27 kg<\/p>\n","protected":false},"excerpt":{"rendered":"<p>SONGMICS byr\u00e5, f\u00f6rvaringssk\u00e5p med 4 tygl\u00e5dor, metallram, h\u00f6gt och smalt, duvgr\u00e5-kr\u00e4mvit LTS314L10<\/p>\n","protected":false},"featured_media":44091,"comment_status":"open","ping_status":"closed","template":"","meta":[],"product_brand":[],"product_cat":[33],"product_tag":[],"class_list":{"0":"post-16381","1":"product","2":"type-product","3":"status-publish","4":"has-post-thumbnail","6":"product_cat-okategoriserad","8":"first","9":"instock","10":"shipping-taxable","11":"purchasable","12":"product-type-simple"},"_links":{"self":[{"href":"https:\/\/nordicmart.andreevmaster.com\/sv\/wp-json\/wp\/v2\/product\/16381","targetHints":{"allow":["GET"]}}],"collection":[{"href":"https:\/\/nordicmart.andreevmaster.com\/sv\/wp-json\/wp\/v2\/product"}],"about":[{"href":"https:\/\/nordicmart.andreevmaster.com\/sv\/wp-json\/wp\/v2\/types\/product"}],"replies":[{"embeddable":true,"href":"https:\/\/nordicmart.andreevmaster.com\/sv\/wp-json\/wp\/v2\/comments?post=16381"}],"wp:featuredmedia":[{"embeddable":true,"href":"https:\/\/nordicmart.andreevmaster.com\/sv\/wp-json\/wp\/v2\/media\/44091"}],"wp:attachment":[{"href":"https:\/\/nordicmart.andreevmaster.com\/sv\/wp-json\/wp\/v2\/media?parent=16381"}],"wp:term":[{"taxonomy":"product_brand","embeddable":true,"href":"https:\/\/nordicmart.andreevmaster.com\/sv\/wp-json\/wp\/v2\/product_brand?post=16381"},{"taxonomy":"product_cat","embeddable":true,"href":"https:\/\/nordicmart.andreevmaster.com\/sv\/wp-json\/wp\/v2\/product_cat?post=16381"},{"taxonomy":"product_tag","embeddable":true,"href":"https:\/\/nordicmart.andreevmaster.com\/sv\/wp-json\/wp\/v2\/product_tag?post=16381"}],"curies":[{"name":"wp","href":"https:\/\/api.w.org\/{rel}","templated":true}]}}