{"id":16377,"date":"2026-02-27T00:30:18","date_gmt":"2026-02-27T00:30:18","guid":{"rendered":"https:\/\/nordicmart.andreevmaster.com\/product\/songmics-industriellt-designad-byra-med-7-tyglador\/"},"modified":"2026-02-27T08:20:49","modified_gmt":"2026-02-27T08:20:49","slug":"songmics-industriellt-designad-byra-med-7-tyglador","status":"publish","type":"product","link":"https:\/\/nordicmart.andreevmaster.com\/sv\/produkt\/songmics-industriellt-designad-byra-med-7-tyglador\/","title":{"rendered":"SONGMICS industriellt designad byr\u00e5 med 7 tygl\u00e5dor"},"content":{"rendered":"<p>S\u00e4g adj\u00f6 till kaoset: tack vare denna byr\u00e5 har du \u00e4ntligen kontroll \u00f6ver alla saker som ligger och skr\u00e4par! 7 l\u00e5dor f\u00f6r omfattande f\u00f6rvaring \u2013 skapa ordning p\u00e5 ett enkelt s\u00e4tt! Bra material talar f\u00f6r sig sj\u00e4lva: L\u00e5dorna i non-woven-tyg kombineras med MDF-front, MDF-bordsskivan m\u00f6ter metallramen \u2013 resultatet \u00e4r en solid och h\u00e5llbar byr\u00e5 som l\u00e4tt kan flyttas \u00f6verallt. Produktdetaljer: &#8211; F\u00e4rg: Vintagebrun-svart &#8211; Material: Polyester, MDF (medeldensitetsfiberplatta), Oxford-tyg, non-woven-material, kartong &#8211; Totalstorlek: 98 x 28,5 x 85 cm (L x B x H) &#8211; Storlek p\u00e5 varje liten l\u00e5da: 29,5 x 27,5 x 21,5 cm (L x B x H) &#8211; Storlek p\u00e5 varje stor l\u00e5da: 46 x 27, 5 x 21,5 cm (L x B x H) &#8211; Vikt: 12,5 kg &#8211; Max. statisk belastningskapacitet f\u00f6r varje l\u00e5da: 3 kg &#8211; Max. statisk belastningskapacitet totalt: 15 kg Leveransomfattning: &#8211; 1 x byr\u00e5 &#8211; 1 x tillbeh\u00f6rspaket &#8211; 1 x bruksanvisning SONGMICS Anm\u00e4rkningar:- L\u00e5dorna \u00e4r tillverkade av tyg, l\u00e4gg inte f\u00f6r tunga f\u00f6rem\u00e5l i dem. &#8211; L\u00e5dorna \u00e4r inte tv\u00e4ttbara! Vid nedsmutsning reng\u00f6r du dem med en fuktig trasa.- Det kan h\u00e4nda att produkten luktar \u201dnytt\u201d n\u00e4r du packar upp den. I s\u00e5 fall kan du st\u00e4lla den i ett v\u00e4lventilerat rum s\u00e5 att lukten f\u00f6rsvinner efter en kort stund. &#8211; F\u00e4st produkten p\u00e5 v\u00e4ggen med den medf\u00f6ljande tippskyddet f\u00f6r att garantera s\u00e4ker anv\u00e4ndning.<\/p>\n","protected":false},"excerpt":{"rendered":"<p>SONGMICS byr\u00e5, sk\u00e5p, 7 tygl\u00e5dor med handtag, metallstativ, industridesign, vintagebrun-svart LTS137B01<\/p>\n","protected":false},"featured_media":44087,"comment_status":"open","ping_status":"closed","template":"","meta":[],"product_brand":[],"product_cat":[33],"product_tag":[],"class_list":{"0":"post-16377","1":"product","2":"type-product","3":"status-publish","4":"has-post-thumbnail","6":"product_cat-okategoriserad","8":"first","9":"instock","10":"shipping-taxable","11":"purchasable","12":"product-type-simple"},"_links":{"self":[{"href":"https:\/\/nordicmart.andreevmaster.com\/sv\/wp-json\/wp\/v2\/product\/16377","targetHints":{"allow":["GET"]}}],"collection":[{"href":"https:\/\/nordicmart.andreevmaster.com\/sv\/wp-json\/wp\/v2\/product"}],"about":[{"href":"https:\/\/nordicmart.andreevmaster.com\/sv\/wp-json\/wp\/v2\/types\/product"}],"replies":[{"embeddable":true,"href":"https:\/\/nordicmart.andreevmaster.com\/sv\/wp-json\/wp\/v2\/comments?post=16377"}],"wp:featuredmedia":[{"embeddable":true,"href":"https:\/\/nordicmart.andreevmaster.com\/sv\/wp-json\/wp\/v2\/media\/44087"}],"wp:attachment":[{"href":"https:\/\/nordicmart.andreevmaster.com\/sv\/wp-json\/wp\/v2\/media?parent=16377"}],"wp:term":[{"taxonomy":"product_brand","embeddable":true,"href":"https:\/\/nordicmart.andreevmaster.com\/sv\/wp-json\/wp\/v2\/product_brand?post=16377"},{"taxonomy":"product_cat","embeddable":true,"href":"https:\/\/nordicmart.andreevmaster.com\/sv\/wp-json\/wp\/v2\/product_cat?post=16377"},{"taxonomy":"product_tag","embeddable":true,"href":"https:\/\/nordicmart.andreevmaster.com\/sv\/wp-json\/wp\/v2\/product_tag?post=16377"}],"curies":[{"name":"wp","href":"https:\/\/api.w.org\/{rel}","templated":true}]}}