{"id":16376,"date":"2026-02-27T00:30:18","date_gmt":"2026-02-27T00:30:18","guid":{"rendered":"https:\/\/nordicmart.andreevmaster.com\/product\/songmics-byra-med-5-tyglador-molnvit-ekbeige\/"},"modified":"2026-02-27T08:20:49","modified_gmt":"2026-02-27T08:20:49","slug":"songmics-byra-med-5-tyglador-molnvit-ekbeige","status":"publish","type":"product","link":"https:\/\/nordicmart.andreevmaster.com\/sv\/produkt\/songmics-byra-med-5-tyglador-molnvit-ekbeige\/","title":{"rendered":"SONGMICS byr\u00e5 med 5 tygl\u00e5dor molnvit-ekbeige"},"content":{"rendered":"<p>SONGMICS byr\u00e5, sovrumssk\u00e5p, f\u00f6rvaringssk\u00e5p 5 tygdr\u00f6ner med handtag, sideboard, f\u00f6r vardagsrum, hall, st\u00e5lram, vintagebrun-bl\u00e4ck svart LTS135B01<br \/>\nF\u00e4rg: Molnvit-ekbeige<br \/>\nMaterial: Sp\u00e5nskiva, MDF (medeldensitetsfiberplatta), st\u00e5l, polyester, nonwoven<br \/>\nStorlek: 29 x 98,2 x 70 cm (D x B x H)<br \/>\nVikt: 11,2 kg<br \/>\nMax. statisk belastningskapacitet per l\u00e5da: 4,5 kg<br \/>\nMax. statisk belastningskapacitet f\u00f6r bordsskivan: 45,4 kg<\/p>\n","protected":false},"excerpt":{"rendered":"<p>SONGMICS byr\u00e5, sovrumssk\u00e5p, f\u00f6rvaringssk\u00e5p 5 tygdr\u00f6ner med handtag, sideboard, f\u00f6r vardagsrum, hall, st\u00e5lram, vintagebrun-bl\u00e4ck svart LTS135B01<\/p>\n","protected":false},"featured_media":44086,"comment_status":"open","ping_status":"closed","template":"","meta":[],"product_brand":[],"product_cat":[33],"product_tag":[],"class_list":{"0":"post-16376","1":"product","2":"type-product","3":"status-publish","4":"has-post-thumbnail","6":"product_cat-okategoriserad","8":"first","9":"instock","10":"shipping-taxable","11":"purchasable","12":"product-type-simple"},"_links":{"self":[{"href":"https:\/\/nordicmart.andreevmaster.com\/sv\/wp-json\/wp\/v2\/product\/16376","targetHints":{"allow":["GET"]}}],"collection":[{"href":"https:\/\/nordicmart.andreevmaster.com\/sv\/wp-json\/wp\/v2\/product"}],"about":[{"href":"https:\/\/nordicmart.andreevmaster.com\/sv\/wp-json\/wp\/v2\/types\/product"}],"replies":[{"embeddable":true,"href":"https:\/\/nordicmart.andreevmaster.com\/sv\/wp-json\/wp\/v2\/comments?post=16376"}],"wp:featuredmedia":[{"embeddable":true,"href":"https:\/\/nordicmart.andreevmaster.com\/sv\/wp-json\/wp\/v2\/media\/44086"}],"wp:attachment":[{"href":"https:\/\/nordicmart.andreevmaster.com\/sv\/wp-json\/wp\/v2\/media?parent=16376"}],"wp:term":[{"taxonomy":"product_brand","embeddable":true,"href":"https:\/\/nordicmart.andreevmaster.com\/sv\/wp-json\/wp\/v2\/product_brand?post=16376"},{"taxonomy":"product_cat","embeddable":true,"href":"https:\/\/nordicmart.andreevmaster.com\/sv\/wp-json\/wp\/v2\/product_cat?post=16376"},{"taxonomy":"product_tag","embeddable":true,"href":"https:\/\/nordicmart.andreevmaster.com\/sv\/wp-json\/wp\/v2\/product_tag?post=16376"}],"curies":[{"name":"wp","href":"https:\/\/api.w.org\/{rel}","templated":true}]}}