{"id":16374,"date":"2026-02-27T00:30:17","date_gmt":"2026-02-27T00:30:17","guid":{"rendered":"https:\/\/nordicmart.andreevmaster.com\/product\/songmics-byra-med-4-tyglador\/"},"modified":"2026-02-27T08:20:48","modified_gmt":"2026-02-27T08:20:48","slug":"songmics-byra-med-4-tyglador","status":"publish","type":"product","link":"https:\/\/nordicmart.andreevmaster.com\/sv\/produkt\/songmics-byra-med-4-tyglador\/","title":{"rendered":"SONGMICS byr\u00e5 med 4 tygl\u00e5dor"},"content":{"rendered":"<p>SONGMICS byr\u00e5, f\u00f6rvaringssk\u00e5p, byr\u00e5 med 4 tygl\u00e5dor, metallram, f\u00f6r sovrum, ebenholts- och bl\u00e4cksvart LTS114B01<br \/>\nF\u00e4rg: ebenholts- och bl\u00e4ck svart<br \/>\nMaterial: sp\u00e5nskiva, st\u00e5l, MDF (medeldensitetsfiberplatta), polyester, non-woven<br \/>\nStorlek: 30 x 51 x 99 cm (D x B x H)<br \/>\nVikt: 7,1 kg<br \/>\nMax. statisk totalbelastning: 63,5 kg<\/p>\n","protected":false},"excerpt":{"rendered":"<p>SONGMICS byr\u00e5, f\u00f6rvaringssk\u00e5p, byr\u00e5 med 4 tygl\u00e5dor, metallram, f\u00f6r sovrum, ebenholts- och bl\u00e4cksvart LTS114B01<\/p>\n","protected":false},"featured_media":44085,"comment_status":"open","ping_status":"closed","template":"","meta":[],"product_brand":[],"product_cat":[33],"product_tag":[],"class_list":{"0":"post-16374","1":"product","2":"type-product","3":"status-publish","4":"has-post-thumbnail","6":"product_cat-okategoriserad","8":"first","9":"instock","10":"shipping-taxable","11":"purchasable","12":"product-type-simple"},"_links":{"self":[{"href":"https:\/\/nordicmart.andreevmaster.com\/sv\/wp-json\/wp\/v2\/product\/16374","targetHints":{"allow":["GET"]}}],"collection":[{"href":"https:\/\/nordicmart.andreevmaster.com\/sv\/wp-json\/wp\/v2\/product"}],"about":[{"href":"https:\/\/nordicmart.andreevmaster.com\/sv\/wp-json\/wp\/v2\/types\/product"}],"replies":[{"embeddable":true,"href":"https:\/\/nordicmart.andreevmaster.com\/sv\/wp-json\/wp\/v2\/comments?post=16374"}],"wp:featuredmedia":[{"embeddable":true,"href":"https:\/\/nordicmart.andreevmaster.com\/sv\/wp-json\/wp\/v2\/media\/44085"}],"wp:attachment":[{"href":"https:\/\/nordicmart.andreevmaster.com\/sv\/wp-json\/wp\/v2\/media?parent=16374"}],"wp:term":[{"taxonomy":"product_brand","embeddable":true,"href":"https:\/\/nordicmart.andreevmaster.com\/sv\/wp-json\/wp\/v2\/product_brand?post=16374"},{"taxonomy":"product_cat","embeddable":true,"href":"https:\/\/nordicmart.andreevmaster.com\/sv\/wp-json\/wp\/v2\/product_cat?post=16374"},{"taxonomy":"product_tag","embeddable":true,"href":"https:\/\/nordicmart.andreevmaster.com\/sv\/wp-json\/wp\/v2\/product_tag?post=16374"}],"curies":[{"name":"wp","href":"https:\/\/api.w.org\/{rel}","templated":true}]}}