{"id":16373,"date":"2026-02-27T00:30:17","date_gmt":"2026-02-27T00:30:17","guid":{"rendered":"https:\/\/nordicmart.andreevmaster.com\/product\/songmics-tv-skap-120-cm-langt-med-dorrar-och-3-justerbara-hyllor\/"},"modified":"2026-02-27T08:20:48","modified_gmt":"2026-02-27T08:20:48","slug":"songmics-tv-skap-120-cm-langt-med-dorrar-och-3-justerbara-hyllor","status":"publish","type":"product","link":"https:\/\/nordicmart.andreevmaster.com\/sv\/produkt\/songmics-tv-skap-120-cm-langt-med-dorrar-och-3-justerbara-hyllor\/","title":{"rendered":"SONGMICS TV-sk\u00e5p 120 cm l\u00e5ngt med d\u00f6rrar och 3 justerbara hyllor"},"content":{"rendered":"<p>SONGMICS TV-sk\u00e5p, TV-hylla, med 3 justerbara hyllplan, TV-bord, lowboard f\u00f6r TV-apparater upp till 55 tum, f\u00f6r vardagsrum, vintagebrun-matt svart LTS103B01<br \/>\nF\u00e4rg: ekbrun-vit<br \/>\nMaterial: sp\u00e5nskiva, st\u00e5l<br \/>\nStorlek: 40 x 120 x 55 cm (D x B x H)<br \/>\nVikt: 21,9 kg<br \/>\nMax. statisk belastningskapacitet f\u00f6r ytan: 30 kg<br \/>\nMax. statisk belastningskapacitet totalt: 80 kg<\/p>\n","protected":false},"excerpt":{"rendered":"<p>SONGMICS TV-sk\u00e5p, TV-hylla, med 3 justerbara hyllplan, TV-bord, lowboard f\u00f6r TV-apparater upp till 55 tum, f\u00f6r vardagsrum, vintagebrun-matt svart LTS103B01<\/p>\n","protected":false},"featured_media":44084,"comment_status":"open","ping_status":"closed","template":"","meta":[],"product_brand":[],"product_cat":[33],"product_tag":[],"class_list":{"0":"post-16373","1":"product","2":"type-product","3":"status-publish","4":"has-post-thumbnail","6":"product_cat-okategoriserad","8":"first","9":"instock","10":"shipping-taxable","11":"purchasable","12":"product-type-simple"},"_links":{"self":[{"href":"https:\/\/nordicmart.andreevmaster.com\/sv\/wp-json\/wp\/v2\/product\/16373","targetHints":{"allow":["GET"]}}],"collection":[{"href":"https:\/\/nordicmart.andreevmaster.com\/sv\/wp-json\/wp\/v2\/product"}],"about":[{"href":"https:\/\/nordicmart.andreevmaster.com\/sv\/wp-json\/wp\/v2\/types\/product"}],"replies":[{"embeddable":true,"href":"https:\/\/nordicmart.andreevmaster.com\/sv\/wp-json\/wp\/v2\/comments?post=16373"}],"wp:featuredmedia":[{"embeddable":true,"href":"https:\/\/nordicmart.andreevmaster.com\/sv\/wp-json\/wp\/v2\/media\/44084"}],"wp:attachment":[{"href":"https:\/\/nordicmart.andreevmaster.com\/sv\/wp-json\/wp\/v2\/media?parent=16373"}],"wp:term":[{"taxonomy":"product_brand","embeddable":true,"href":"https:\/\/nordicmart.andreevmaster.com\/sv\/wp-json\/wp\/v2\/product_brand?post=16373"},{"taxonomy":"product_cat","embeddable":true,"href":"https:\/\/nordicmart.andreevmaster.com\/sv\/wp-json\/wp\/v2\/product_cat?post=16373"},{"taxonomy":"product_tag","embeddable":true,"href":"https:\/\/nordicmart.andreevmaster.com\/sv\/wp-json\/wp\/v2\/product_tag?post=16373"}],"curies":[{"name":"wp","href":"https:\/\/api.w.org\/{rel}","templated":true}]}}