{"id":16371,"date":"2026-02-27T00:30:16","date_gmt":"2026-02-27T00:30:16","guid":{"rendered":"https:\/\/nordicmart.andreevmaster.com\/product\/songmics-forvaringsskap-med-metallstativ-for-vardagsrum-kramvit-ekfargat\/"},"modified":"2026-02-27T08:20:48","modified_gmt":"2026-02-27T08:20:48","slug":"songmics-forvaringsskap-med-metallstativ-for-vardagsrum-kramvit-ekfargat","status":"publish","type":"product","link":"https:\/\/nordicmart.andreevmaster.com\/sv\/produkt\/songmics-forvaringsskap-med-metallstativ-for-vardagsrum-kramvit-ekfargat\/","title":{"rendered":"SONGMICS F\u00f6rvaringssk\u00e5p med metallstativ f\u00f6r vardagsrum, kr\u00e4mvit-ekf\u00e4rgat"},"content":{"rendered":"<p>SONGMICS byr\u00e5, f\u00f6rvaringssk\u00e5p, 8 tygl\u00e5dor, med metallstativ, bordsskiva, f\u00f6r kl\u00e4dsk\u00e5p, vardagsrum<br \/>\nF\u00e4rg: kr\u00e4mvit-ekf\u00e4rgad<br \/>\nMaterial: MDF (medeldensitetsfiberplatta), st\u00e5l, non-woven-tyg, oxfordtyg<br \/>\nStorlek: 30 x 80 x 81,5 cm (D x B x H)<br \/>\nVikt: 11,5 kg<br \/>\nMax. statisk totalbelastning: 30 kg<\/p>\n","protected":false},"excerpt":{"rendered":"<p>SONGMICS byr\u00e5, f\u00f6rvaringssk\u00e5p, 8 tygl\u00e5dor, med metallstativ, bordsskiva, f\u00f6r kl\u00e4dsk\u00e5p, vardagsrum<\/p>\n","protected":false},"featured_media":44082,"comment_status":"open","ping_status":"closed","template":"","meta":[],"product_brand":[],"product_cat":[33],"product_tag":[],"class_list":{"0":"post-16371","1":"product","2":"type-product","3":"status-publish","4":"has-post-thumbnail","6":"product_cat-okategoriserad","8":"first","9":"instock","10":"shipping-taxable","11":"purchasable","12":"product-type-simple"},"_links":{"self":[{"href":"https:\/\/nordicmart.andreevmaster.com\/sv\/wp-json\/wp\/v2\/product\/16371","targetHints":{"allow":["GET"]}}],"collection":[{"href":"https:\/\/nordicmart.andreevmaster.com\/sv\/wp-json\/wp\/v2\/product"}],"about":[{"href":"https:\/\/nordicmart.andreevmaster.com\/sv\/wp-json\/wp\/v2\/types\/product"}],"replies":[{"embeddable":true,"href":"https:\/\/nordicmart.andreevmaster.com\/sv\/wp-json\/wp\/v2\/comments?post=16371"}],"wp:featuredmedia":[{"embeddable":true,"href":"https:\/\/nordicmart.andreevmaster.com\/sv\/wp-json\/wp\/v2\/media\/44082"}],"wp:attachment":[{"href":"https:\/\/nordicmart.andreevmaster.com\/sv\/wp-json\/wp\/v2\/media?parent=16371"}],"wp:term":[{"taxonomy":"product_brand","embeddable":true,"href":"https:\/\/nordicmart.andreevmaster.com\/sv\/wp-json\/wp\/v2\/product_brand?post=16371"},{"taxonomy":"product_cat","embeddable":true,"href":"https:\/\/nordicmart.andreevmaster.com\/sv\/wp-json\/wp\/v2\/product_cat?post=16371"},{"taxonomy":"product_tag","embeddable":true,"href":"https:\/\/nordicmart.andreevmaster.com\/sv\/wp-json\/wp\/v2\/product_tag?post=16371"}],"curies":[{"name":"wp","href":"https:\/\/api.w.org\/{rel}","templated":true}]}}