{"id":16370,"date":"2026-02-27T00:30:16","date_gmt":"2026-02-27T00:30:16","guid":{"rendered":"https:\/\/nordicmart.andreevmaster.com\/product\/vasagle-tv-bank-i-vitt\/"},"modified":"2026-02-27T08:20:48","modified_gmt":"2026-02-27T08:20:48","slug":"vasagle-tv-bank-i-vitt","status":"publish","type":"product","link":"https:\/\/nordicmart.andreevmaster.com\/sv\/produkt\/vasagle-tv-bank-i-vitt\/","title":{"rendered":"VASAGLE TV-b\u00e4nk i vitt"},"content":{"rendered":"<p>F\u00f6rdelarna med det moderna TV-sk\u00e5pet i korthet: &#8211; Klassisk f\u00e4rgkombination i vitt och tr\u00e4toner; moderna, ut\u00e5tb\u00f6jda metallhandtag. &#8211; Praktisk indelning: 2 sk\u00e5p, 3 \u00f6ppna fack, stor bordsskiva. &#8211; Melaminbelagd; l\u00e4tt att reng\u00f6ra och slitstark. &#8211; Det stabila lowboardet t\u00e5l en belastning p\u00e5 upp till 50 kg. &#8211; Utrustat med kabeldragning.- Enkel och snabb montering tack vare numrerade delar. Produktdetaljer: &#8211; F\u00e4rg: Vit-natur &#8211; Material: Sp\u00e5nskiva &#8211; Storlek: 105 x 42 x 52 cm (L x B x H) &#8211; Vikt: 25,7 kg &#8211; Max. statisk belastningskapacitet: 50 kg Leveransomfattning:- 1 x TV-b\u00e4nk &#8211; 1 x beh\u00e5llare med tillbeh\u00f6r &#8211; 1 x bruksanvisning (DE, EN, FR, ES, IT) VASAGLE Anm\u00e4rkningar: &#8211; F\u00f6rsiktighet, vassa h\u00f6rn! Se s\u00e4rskilt till att barn inte st\u00f6ter sig. &#8211; Montera produkten enligt anvisningarna. &#8211; Barn ska inte kl\u00e4ttra p\u00e5 eller leka med produkten. &#8211; Produkten f\u00e5r inte komma i kontakt med vatten. &#8211; H\u00e5ll produkten borta fr\u00e5n vassa eller skarpa f\u00f6rem\u00e5l f\u00f6r att undvika skador.<\/p>\n","protected":false},"excerpt":{"rendered":"<p>VASAGLE TV-sk\u00e5p, TV-b\u00e4nk, lowboard, vardagsrum, sovrum, enkel montering, med melaminbel\u00e4ggning, l\u00e4tt att reng\u00f6ra, 105 x 42 x 52 cm, vit-natur LTC03WN<\/p>\n","protected":false},"featured_media":44081,"comment_status":"open","ping_status":"closed","template":"","meta":[],"product_brand":[],"product_cat":[33],"product_tag":[],"class_list":{"0":"post-16370","1":"product","2":"type-product","3":"status-publish","4":"has-post-thumbnail","6":"product_cat-okategoriserad","8":"first","9":"instock","10":"shipping-taxable","11":"purchasable","12":"product-type-simple"},"_links":{"self":[{"href":"https:\/\/nordicmart.andreevmaster.com\/sv\/wp-json\/wp\/v2\/product\/16370","targetHints":{"allow":["GET"]}}],"collection":[{"href":"https:\/\/nordicmart.andreevmaster.com\/sv\/wp-json\/wp\/v2\/product"}],"about":[{"href":"https:\/\/nordicmart.andreevmaster.com\/sv\/wp-json\/wp\/v2\/types\/product"}],"replies":[{"embeddable":true,"href":"https:\/\/nordicmart.andreevmaster.com\/sv\/wp-json\/wp\/v2\/comments?post=16370"}],"wp:featuredmedia":[{"embeddable":true,"href":"https:\/\/nordicmart.andreevmaster.com\/sv\/wp-json\/wp\/v2\/media\/44081"}],"wp:attachment":[{"href":"https:\/\/nordicmart.andreevmaster.com\/sv\/wp-json\/wp\/v2\/media?parent=16370"}],"wp:term":[{"taxonomy":"product_brand","embeddable":true,"href":"https:\/\/nordicmart.andreevmaster.com\/sv\/wp-json\/wp\/v2\/product_brand?post=16370"},{"taxonomy":"product_cat","embeddable":true,"href":"https:\/\/nordicmart.andreevmaster.com\/sv\/wp-json\/wp\/v2\/product_cat?post=16370"},{"taxonomy":"product_tag","embeddable":true,"href":"https:\/\/nordicmart.andreevmaster.com\/sv\/wp-json\/wp\/v2\/product_tag?post=16370"}],"curies":[{"name":"wp","href":"https:\/\/api.w.org\/{rel}","templated":true}]}}