{"id":16369,"date":"2026-02-27T00:30:16","date_gmt":"2026-02-27T00:30:16","guid":{"rendered":"https:\/\/nordicmart.andreevmaster.com\/product\/vasagle-enkel-tv-bank-pa-hjul\/"},"modified":"2026-02-27T08:20:47","modified_gmt":"2026-02-27T08:20:47","slug":"vasagle-enkel-tv-bank-pa-hjul","status":"publish","type":"product","link":"https:\/\/nordicmart.andreevmaster.com\/sv\/produkt\/vasagle-enkel-tv-bank-pa-hjul\/","title":{"rendered":"VASAGLE Enkel TV-b\u00e4nk p\u00e5 hjul"},"content":{"rendered":"<p>Elegant TV-sk\u00e5p  Det vita sk\u00e5pet \u00e4r perfekt f\u00f6r m\u00e5nga apparater som du kan anv\u00e4nda f\u00f6r att titta p\u00e5 dina favoritprogram. Den enkla elegansen passar perfekt till olika inredningsstilar och f\u00f6rsk\u00f6nar p\u00e5 ett diskret s\u00e4tt alla boendestilar. Med 4 fack f\u00f6r fler apparater Alla apparater som mottagare, h\u00e5rddisk, DVD-spelare och allt annat du beh\u00f6ver f\u00f6r en avslappnad TV-kv\u00e4ll f\u00e5r plats i detta sk\u00e5p. Varje enhet f\u00e5r sitt eget fack med ett h\u00e5l i bakv\u00e4ggen s\u00e5 att str\u00f6mkablar och anslutningskablar inte syns. Med 4 hjul f\u00f6r mer frihet Med hjulen kan du enkelt flytta TV-b\u00e4nken s\u00e5 att du kan dammsuga under den eller vid behov enkelt flytta b\u00e4nken fr\u00e5n vardagsrummet till sovrummet. P\u00e5 s\u00e5 s\u00e4tt f\u00e5r du mer utrymme och kan vara mer flexibel med din nya TV-b\u00e4nk. Produktdetaljer: &#8211; F\u00e4rg: vit &#8211; Material: MDF-skiva + sp\u00e5nskiva + melaminfan\u00e9r &#8211; M\u00e5tt: 85 x 35 x 35 cm (B x H x D) &#8211; Vikt: 12,5 kg &#8211; Max. belastningskapacitet f\u00f6r den \u00f6vre skivplattan: 30 kg &#8211; Max. belastningskapacitet f\u00f6r varje fack: 15 kg Leveransomfattning: &#8211; 1 x TV-sk\u00e5p &#8211; 1 x tillbeh\u00f6rsp\u00e5se &#8211; 1 x bruksanvisning (DE, EN, FR, ES, IT)<\/p>\n","protected":false},"excerpt":{"rendered":"<p>VASAGLE TV-sk\u00e5p, TV-sk\u00e5p med 4 fack och hjul, TV-bord \u00d6ppet lowboard f\u00f6r TV, tr\u00e4, vitt LTC02WT<\/p>\n","protected":false},"featured_media":44080,"comment_status":"open","ping_status":"closed","template":"","meta":[],"product_brand":[],"product_cat":[33],"product_tag":[],"class_list":{"0":"post-16369","1":"product","2":"type-product","3":"status-publish","4":"has-post-thumbnail","6":"product_cat-okategoriserad","8":"first","9":"instock","10":"shipping-taxable","11":"purchasable","12":"product-type-simple"},"_links":{"self":[{"href":"https:\/\/nordicmart.andreevmaster.com\/sv\/wp-json\/wp\/v2\/product\/16369","targetHints":{"allow":["GET"]}}],"collection":[{"href":"https:\/\/nordicmart.andreevmaster.com\/sv\/wp-json\/wp\/v2\/product"}],"about":[{"href":"https:\/\/nordicmart.andreevmaster.com\/sv\/wp-json\/wp\/v2\/types\/product"}],"replies":[{"embeddable":true,"href":"https:\/\/nordicmart.andreevmaster.com\/sv\/wp-json\/wp\/v2\/comments?post=16369"}],"wp:featuredmedia":[{"embeddable":true,"href":"https:\/\/nordicmart.andreevmaster.com\/sv\/wp-json\/wp\/v2\/media\/44080"}],"wp:attachment":[{"href":"https:\/\/nordicmart.andreevmaster.com\/sv\/wp-json\/wp\/v2\/media?parent=16369"}],"wp:term":[{"taxonomy":"product_brand","embeddable":true,"href":"https:\/\/nordicmart.andreevmaster.com\/sv\/wp-json\/wp\/v2\/product_brand?post=16369"},{"taxonomy":"product_cat","embeddable":true,"href":"https:\/\/nordicmart.andreevmaster.com\/sv\/wp-json\/wp\/v2\/product_cat?post=16369"},{"taxonomy":"product_tag","embeddable":true,"href":"https:\/\/nordicmart.andreevmaster.com\/sv\/wp-json\/wp\/v2\/product_tag?post=16369"}],"curies":[{"name":"wp","href":"https:\/\/api.w.org\/{rel}","templated":true}]}}