{"id":16368,"date":"2026-02-27T00:30:16","date_gmt":"2026-02-27T00:30:16","guid":{"rendered":"https:\/\/nordicmart.andreevmaster.com\/product\/vasagle-tv-bord-med-fallbara-dorrar-vit-naturfarg\/"},"modified":"2026-02-27T08:20:47","modified_gmt":"2026-02-27T08:20:47","slug":"vasagle-tv-bord-med-fallbara-dorrar-vit-naturfarg","status":"publish","type":"product","link":"https:\/\/nordicmart.andreevmaster.com\/sv\/produkt\/vasagle-tv-bord-med-fallbara-dorrar-vit-naturfarg\/","title":{"rendered":"VASAGLE TV-bord med f\u00e4llbara d\u00f6rrar Vit-naturf\u00e4rg"},"content":{"rendered":"<p>Elegant sk\u00e5p f\u00f6r dina TV-apparater och tillbeh\u00f6r I detta TV-sk\u00e5p f\u00e5r alla st\u00f6rre TV-apparater plats och under finns det gott om utrymme f\u00f6r mottagare, DVD-spelare, h\u00e5rddisk och allt annat du beh\u00f6ver f\u00f6r en avslappnad TV-kv\u00e4ll. De tv\u00e5 st\u00e4ngda facken ger dig plats att f\u00f6rvara allt som du vill ha undan. Det kan vara bruksanvisningar, DVD-skivor, CD-skivor, b\u00f6cker, tidningar och s\u00e5 vidare. Flerf\u00e4rgad look Den klassiska designen i vitt och tr\u00e4f\u00e4rger passar perfekt till olika inredningsstilar. TV-sk\u00e5pet kan kombineras lika elegant med ljusa m\u00f6bler som med en m\u00f6rkare stil. Med sitt tr\u00e4utseende passar det ocks\u00e5 perfekt till lantlig stil och ger varje rum mer charm. Robust och smart Med den f\u00f6rtjockade skivplattan kan \u00e4ven st\u00f6rre TV-apparater f\u00e5 plats p\u00e5 sideboardet. Den t\u00e5l upp till 50 kg, vilket inneb\u00e4r mycket TV-n\u00f6je. F\u00f6r kablarna till spelaren och mottagaren finns ett stort h\u00e5l p\u00e5 baksidan som erbjuder enkel och flexibel kabeldragning f\u00f6r anslutningen. Produktdetaljer: &#8211; F\u00e4rg: vit + tr\u00e4f\u00e4rgad &#8211; Material: MDF-skiva + sp\u00e5nskiva + melaminfan\u00e9r &#8211; M\u00e5tt: 100 x 40 x 40 cm (B x H x D) &#8211; Vikt: 20 kg &#8211; Max. belastningskapacitet f\u00f6r den \u00f6vre skivskivan: 50 kg &#8211; Max. belastningskapacitet f\u00f6r varje fack: 20 kg Leveransomfattning: &#8211; 1 x TV-sk\u00e5p &#8211; 1 x tillbeh\u00f6rsp\u00e5se &#8211; 1 x bruksanvisning (DE, EN, FR, ES, IT)<\/p>\n","protected":false},"excerpt":{"rendered":"<p>VASAGLE TV-bord, TV-sk\u00e5p med fack och luckor, TV-sk\u00e5p, TV-bord, lowboard, TV-m\u00f6bel i vitt tr\u00e4 LTC01WN<\/p>\n","protected":false},"featured_media":44079,"comment_status":"open","ping_status":"closed","template":"","meta":[],"product_brand":[],"product_cat":[33],"product_tag":[],"class_list":{"0":"post-16368","1":"product","2":"type-product","3":"status-publish","4":"has-post-thumbnail","6":"product_cat-okategoriserad","8":"first","9":"instock","10":"shipping-taxable","11":"purchasable","12":"product-type-simple"},"_links":{"self":[{"href":"https:\/\/nordicmart.andreevmaster.com\/sv\/wp-json\/wp\/v2\/product\/16368","targetHints":{"allow":["GET"]}}],"collection":[{"href":"https:\/\/nordicmart.andreevmaster.com\/sv\/wp-json\/wp\/v2\/product"}],"about":[{"href":"https:\/\/nordicmart.andreevmaster.com\/sv\/wp-json\/wp\/v2\/types\/product"}],"replies":[{"embeddable":true,"href":"https:\/\/nordicmart.andreevmaster.com\/sv\/wp-json\/wp\/v2\/comments?post=16368"}],"wp:featuredmedia":[{"embeddable":true,"href":"https:\/\/nordicmart.andreevmaster.com\/sv\/wp-json\/wp\/v2\/media\/44079"}],"wp:attachment":[{"href":"https:\/\/nordicmart.andreevmaster.com\/sv\/wp-json\/wp\/v2\/media?parent=16368"}],"wp:term":[{"taxonomy":"product_brand","embeddable":true,"href":"https:\/\/nordicmart.andreevmaster.com\/sv\/wp-json\/wp\/v2\/product_brand?post=16368"},{"taxonomy":"product_cat","embeddable":true,"href":"https:\/\/nordicmart.andreevmaster.com\/sv\/wp-json\/wp\/v2\/product_cat?post=16368"},{"taxonomy":"product_tag","embeddable":true,"href":"https:\/\/nordicmart.andreevmaster.com\/sv\/wp-json\/wp\/v2\/product_tag?post=16368"}],"curies":[{"name":"wp","href":"https:\/\/api.w.org\/{rel}","templated":true}]}}