{"id":16363,"date":"2026-02-27T00:30:15","date_gmt":"2026-02-27T00:30:15","guid":{"rendered":"https:\/\/nordicmart.andreevmaster.com\/product\/songmics-hangande-soptunna-8-l-stalskrapkorg-med-lock-for-biologiskt-avfall-for-montering-pa-skapdorr-eller-vagg\/"},"modified":"2026-02-27T08:20:46","modified_gmt":"2026-02-27T08:20:46","slug":"songmics-hangande-soptunna-8-l-stalskrapkorg-med-lock-for-biologiskt-avfall-for-montering-pa-skapdorr-eller-vagg","status":"publish","type":"product","link":"https:\/\/nordicmart.andreevmaster.com\/sv\/produkt\/songmics-hangande-soptunna-8-l-stalskrapkorg-med-lock-for-biologiskt-avfall-for-montering-pa-skapdorr-eller-vagg\/","title":{"rendered":"SONGMICS h\u00e4ngande soptunna, 8 L st\u00e5lskr\u00e4pkorg med lock f\u00f6r biologiskt avfall, f\u00f6r montering p\u00e5 sk\u00e5pd\u00f6rr eller v\u00e4gg"},"content":{"rendered":"<p>SONGMICS h\u00e4ngande soptunna, 8 L kompostbeh\u00e5llare f\u00f6r k\u00f6ket, st\u00e5lbeh\u00e5llare med lock f\u00f6r biologiskt avfall, med krok, f\u00f6r sk\u00e5pd\u00f6rr eller v\u00e4gg, f\u00f6r undersk\u00e5p i badrummet<\/p>\n<p>Specifikationer:<br \/>\n&#8211; M\u00e5tt: 25,8 x 15,2 x 32 cm (L x B x H)<br \/>\n&#8211; Total h\u00f6jd (med locket uppf\u00e4llt): 46 cm<br \/>\n&#8211; Storlek p\u00e5 innerbeh\u00e5llare: 21,9 x 13,3 x 30,5 cm (L x B x H)<br \/>\n&#8211; Kapacitet: 8 liter<br \/>\n&#8211; Vikt: 1,2 kg<br \/>\n&#8211; Material: Ytterbeh\u00e5llare av st\u00e5l, innerbeh\u00e5llare av PP-plast, sockel av ABS-plast<br \/>\n&#8211; F\u00e4rg: svart<\/p>\n","protected":false},"excerpt":{"rendered":"<p>SONGMICS h\u00e4ngande soptunna, 8 L kompostbeh\u00e5llare f\u00f6r k\u00f6ket, st\u00e5lbeh\u00e5llare med lock f\u00f6r biologiskt avfall, med krok, f\u00f6r sk\u00e5pd\u00f6rr eller v\u00e4gg, f\u00f6r undersk\u00e5p i badrummet<\/p>\n","protected":false},"featured_media":44074,"comment_status":"open","ping_status":"closed","template":"","meta":[],"product_brand":[],"product_cat":[33],"product_tag":[],"class_list":{"0":"post-16363","1":"product","2":"type-product","3":"status-publish","4":"has-post-thumbnail","6":"product_cat-okategoriserad","8":"first","9":"instock","10":"shipping-taxable","11":"purchasable","12":"product-type-simple"},"_links":{"self":[{"href":"https:\/\/nordicmart.andreevmaster.com\/sv\/wp-json\/wp\/v2\/product\/16363","targetHints":{"allow":["GET"]}}],"collection":[{"href":"https:\/\/nordicmart.andreevmaster.com\/sv\/wp-json\/wp\/v2\/product"}],"about":[{"href":"https:\/\/nordicmart.andreevmaster.com\/sv\/wp-json\/wp\/v2\/types\/product"}],"replies":[{"embeddable":true,"href":"https:\/\/nordicmart.andreevmaster.com\/sv\/wp-json\/wp\/v2\/comments?post=16363"}],"wp:featuredmedia":[{"embeddable":true,"href":"https:\/\/nordicmart.andreevmaster.com\/sv\/wp-json\/wp\/v2\/media\/44074"}],"wp:attachment":[{"href":"https:\/\/nordicmart.andreevmaster.com\/sv\/wp-json\/wp\/v2\/media?parent=16363"}],"wp:term":[{"taxonomy":"product_brand","embeddable":true,"href":"https:\/\/nordicmart.andreevmaster.com\/sv\/wp-json\/wp\/v2\/product_brand?post=16363"},{"taxonomy":"product_cat","embeddable":true,"href":"https:\/\/nordicmart.andreevmaster.com\/sv\/wp-json\/wp\/v2\/product_cat?post=16363"},{"taxonomy":"product_tag","embeddable":true,"href":"https:\/\/nordicmart.andreevmaster.com\/sv\/wp-json\/wp\/v2\/product_tag?post=16363"}],"curies":[{"name":"wp","href":"https:\/\/api.w.org\/{rel}","templated":true}]}}