{"id":16353,"date":"2026-02-27T00:30:12","date_gmt":"2026-02-27T00:30:12","guid":{"rendered":"https:\/\/nordicmart.andreevmaster.com\/product\/songmics-soptunna-for-koket-30-liters-soptunna-pedalsoptunna\/"},"modified":"2026-02-27T08:20:44","modified_gmt":"2026-02-27T08:20:44","slug":"songmics-soptunna-for-koket-30-liters-soptunna-pedalsoptunna","status":"publish","type":"product","link":"https:\/\/nordicmart.andreevmaster.com\/sv\/produkt\/songmics-soptunna-for-koket-30-liters-soptunna-pedalsoptunna\/","title":{"rendered":"SONGMICS Soptunna f\u00f6r k\u00f6ket, 30 liters soptunna, pedalsoptunna"},"content":{"rendered":"<p>Soptunna f\u00f6r k\u00f6ket, 30 liters soptunna, pedalsoptunna, st\u00e5l, med innerbeh\u00e5llare, mjukst\u00e4ngning, \u00f6ppningsfunktion, bl\u00e4ck svart<br \/>\nSpecifikationer:<br \/>\n&#8211; M\u00e5tt: 34 x 28,5 x 54,4 cm (L x B x H)<br \/>\n&#8211; Total h\u00f6jd (med \u00f6ppet lock): 82 cm<br \/>\n&#8211; M\u00e5tt p\u00e5 innerk\u00e4rl: 28,5 x 28,3 x 49,5 cm (L x B x H)<br \/>\n&#8211; Kapacitet: 30 liter<br \/>\n&#8211; Vikt: 3,1 kg<br \/>\n&#8211; Material: st\u00e5l, PP-plast<br \/>\n&#8211; F\u00e4rg: beige<\/p>\n","protected":false},"excerpt":{"rendered":"<p>Soptunna f\u00f6r k\u00f6ket, 30 liters soptunna, pedalsoptunna, st\u00e5l, med innerbeh\u00e5llare, mjukst\u00e4ngning, \u00f6ppningsfunktion, bl\u00e4ck svart<\/p>\n","protected":false},"featured_media":44065,"comment_status":"open","ping_status":"closed","template":"","meta":[],"product_brand":[],"product_cat":[33],"product_tag":[],"class_list":{"0":"post-16353","1":"product","2":"type-product","3":"status-publish","4":"has-post-thumbnail","6":"product_cat-okategoriserad","8":"first","9":"instock","10":"shipping-taxable","11":"purchasable","12":"product-type-simple"},"_links":{"self":[{"href":"https:\/\/nordicmart.andreevmaster.com\/sv\/wp-json\/wp\/v2\/product\/16353","targetHints":{"allow":["GET"]}}],"collection":[{"href":"https:\/\/nordicmart.andreevmaster.com\/sv\/wp-json\/wp\/v2\/product"}],"about":[{"href":"https:\/\/nordicmart.andreevmaster.com\/sv\/wp-json\/wp\/v2\/types\/product"}],"replies":[{"embeddable":true,"href":"https:\/\/nordicmart.andreevmaster.com\/sv\/wp-json\/wp\/v2\/comments?post=16353"}],"wp:featuredmedia":[{"embeddable":true,"href":"https:\/\/nordicmart.andreevmaster.com\/sv\/wp-json\/wp\/v2\/media\/44065"}],"wp:attachment":[{"href":"https:\/\/nordicmart.andreevmaster.com\/sv\/wp-json\/wp\/v2\/media?parent=16353"}],"wp:term":[{"taxonomy":"product_brand","embeddable":true,"href":"https:\/\/nordicmart.andreevmaster.com\/sv\/wp-json\/wp\/v2\/product_brand?post=16353"},{"taxonomy":"product_cat","embeddable":true,"href":"https:\/\/nordicmart.andreevmaster.com\/sv\/wp-json\/wp\/v2\/product_cat?post=16353"},{"taxonomy":"product_tag","embeddable":true,"href":"https:\/\/nordicmart.andreevmaster.com\/sv\/wp-json\/wp\/v2\/product_tag?post=16353"}],"curies":[{"name":"wp","href":"https:\/\/api.w.org\/{rel}","templated":true}]}}