{"id":16337,"date":"2026-02-27T00:30:07","date_gmt":"2026-02-27T00:30:07","guid":{"rendered":"https:\/\/nordicmart.andreevmaster.com\/product\/songmics-soptunna-for-koket-metallicsilver\/"},"modified":"2026-02-27T08:20:41","modified_gmt":"2026-02-27T08:20:41","slug":"songmics-soptunna-for-koket-metallicsilver","status":"publish","type":"product","link":"https:\/\/nordicmart.andreevmaster.com\/sv\/produkt\/songmics-soptunna-for-koket-metallicsilver\/","title":{"rendered":"SONGMICS soptunna f\u00f6r k\u00f6ket, metallicsilver"},"content":{"rendered":"<p>SONGMICS soptunna f\u00f6r k\u00f6ket, avfallssorteringssystem 2 x 15 l, 2 fack f\u00f6r \u00e5tervinning och restavfall, soptunna, innerbeh\u00e5llare, st\u00e5l, softclose-lock, bred robust pedal, molnvit LTB544W02<br \/>\nF\u00e4rg: Metallicsilver<br \/>\nMaterial: St\u00e5l, innerkorg av PP-plast<br \/>\nStorlek: 41,7 x 33,2 x 49,4 cm (L x B x H)<br \/>\nTotal h\u00f6jd (med \u00f6ppet lock): 74 cm<br \/>\nStorlek per innerkorg: 22,5 x 18,2 x 44,8 cm (L x B x H)<br \/>\nStorlek p\u00e5 pedalen: 18,5 x 5,3 cm (L x B)<br \/>\nKapacitet: 2 x 15 l<br \/>\nVikt: 4,9 kg<\/p>\n","protected":false},"excerpt":{"rendered":"<p>SONGMICS soptunna f\u00f6r k\u00f6ket, avfallssorteringssystem 2 x 15 l, 2 fack f\u00f6r \u00e5tervinning och restavfall, soptunna, innerbeh\u00e5llare, st\u00e5l, softclose-lock, bred robust pedal, molnvit LTB544W02<\/p>\n","protected":false},"featured_media":44053,"comment_status":"open","ping_status":"closed","template":"","meta":[],"product_brand":[],"product_cat":[33],"product_tag":[],"class_list":{"0":"post-16337","1":"product","2":"type-product","3":"status-publish","4":"has-post-thumbnail","6":"product_cat-okategoriserad","8":"first","9":"instock","10":"shipping-taxable","11":"purchasable","12":"product-type-simple"},"_links":{"self":[{"href":"https:\/\/nordicmart.andreevmaster.com\/sv\/wp-json\/wp\/v2\/product\/16337","targetHints":{"allow":["GET"]}}],"collection":[{"href":"https:\/\/nordicmart.andreevmaster.com\/sv\/wp-json\/wp\/v2\/product"}],"about":[{"href":"https:\/\/nordicmart.andreevmaster.com\/sv\/wp-json\/wp\/v2\/types\/product"}],"replies":[{"embeddable":true,"href":"https:\/\/nordicmart.andreevmaster.com\/sv\/wp-json\/wp\/v2\/comments?post=16337"}],"wp:featuredmedia":[{"embeddable":true,"href":"https:\/\/nordicmart.andreevmaster.com\/sv\/wp-json\/wp\/v2\/media\/44053"}],"wp:attachment":[{"href":"https:\/\/nordicmart.andreevmaster.com\/sv\/wp-json\/wp\/v2\/media?parent=16337"}],"wp:term":[{"taxonomy":"product_brand","embeddable":true,"href":"https:\/\/nordicmart.andreevmaster.com\/sv\/wp-json\/wp\/v2\/product_brand?post=16337"},{"taxonomy":"product_cat","embeddable":true,"href":"https:\/\/nordicmart.andreevmaster.com\/sv\/wp-json\/wp\/v2\/product_cat?post=16337"},{"taxonomy":"product_tag","embeddable":true,"href":"https:\/\/nordicmart.andreevmaster.com\/sv\/wp-json\/wp\/v2\/product_tag?post=16337"}],"curies":[{"name":"wp","href":"https:\/\/api.w.org\/{rel}","templated":true}]}}