{"id":16335,"date":"2026-02-27T00:30:07","date_gmt":"2026-02-27T00:30:07","guid":{"rendered":"https:\/\/nordicmart.andreevmaster.com\/product\/songmics-soptunna-for-kok-stor-soptunna-med-lock-av-stal\/"},"modified":"2026-02-27T08:20:41","modified_gmt":"2026-02-27T08:20:41","slug":"songmics-soptunna-for-kok-stor-soptunna-med-lock-av-stal","status":"publish","type":"product","link":"https:\/\/nordicmart.andreevmaster.com\/sv\/produkt\/songmics-soptunna-for-kok-stor-soptunna-med-lock-av-stal\/","title":{"rendered":"SONGMICS soptunna f\u00f6r k\u00f6k, stor soptunna med lock, av st\u00e5l"},"content":{"rendered":"<p>SONGMICS soptunna f\u00f6r k\u00f6ket, 40 liter, stor soptunna med fotpedal, med lock, av st\u00e5l, mjukst\u00e4ngande, inklusive 15 sopp\u00e5sar<br \/>\nSpecifikationer:<br \/>\n&#8211; M\u00e5tt: 34,8 x 32,1 x 55,7 cm (L x B x H)<br \/>\n&#8211; Vikt: 3,3 kg<br \/>\n&#8211; Material: st\u00e5l<br \/>\n&#8211; F\u00e4rg: svart<\/p>\n","protected":false},"excerpt":{"rendered":"<p>SONGMICS soptunna f\u00f6r k\u00f6ket, 40 liter, stor soptunna med fotpedal, med lock, av st\u00e5l, mjukst\u00e4ngande, inklusive 15 sopp\u00e5sar<\/p>\n","protected":false},"featured_media":44051,"comment_status":"open","ping_status":"closed","template":"","meta":[],"product_brand":[],"product_cat":[33],"product_tag":[],"class_list":{"0":"post-16335","1":"product","2":"type-product","3":"status-publish","4":"has-post-thumbnail","6":"product_cat-okategoriserad","8":"first","9":"instock","10":"shipping-taxable","11":"purchasable","12":"product-type-simple"},"_links":{"self":[{"href":"https:\/\/nordicmart.andreevmaster.com\/sv\/wp-json\/wp\/v2\/product\/16335","targetHints":{"allow":["GET"]}}],"collection":[{"href":"https:\/\/nordicmart.andreevmaster.com\/sv\/wp-json\/wp\/v2\/product"}],"about":[{"href":"https:\/\/nordicmart.andreevmaster.com\/sv\/wp-json\/wp\/v2\/types\/product"}],"replies":[{"embeddable":true,"href":"https:\/\/nordicmart.andreevmaster.com\/sv\/wp-json\/wp\/v2\/comments?post=16335"}],"wp:featuredmedia":[{"embeddable":true,"href":"https:\/\/nordicmart.andreevmaster.com\/sv\/wp-json\/wp\/v2\/media\/44051"}],"wp:attachment":[{"href":"https:\/\/nordicmart.andreevmaster.com\/sv\/wp-json\/wp\/v2\/media?parent=16335"}],"wp:term":[{"taxonomy":"product_brand","embeddable":true,"href":"https:\/\/nordicmart.andreevmaster.com\/sv\/wp-json\/wp\/v2\/product_brand?post=16335"},{"taxonomy":"product_cat","embeddable":true,"href":"https:\/\/nordicmart.andreevmaster.com\/sv\/wp-json\/wp\/v2\/product_cat?post=16335"},{"taxonomy":"product_tag","embeddable":true,"href":"https:\/\/nordicmart.andreevmaster.com\/sv\/wp-json\/wp\/v2\/product_tag?post=16335"}],"curies":[{"name":"wp","href":"https:\/\/api.w.org\/{rel}","templated":true}]}}