{"id":16334,"date":"2026-02-27T00:30:07","date_gmt":"2026-02-27T00:30:07","guid":{"rendered":"https:\/\/nordicmart.andreevmaster.com\/product\/songmics-soptunna-40-liter-soptunna-15-soppasar-ingar\/"},"modified":"2026-02-27T08:20:40","modified_gmt":"2026-02-27T08:20:40","slug":"songmics-soptunna-40-liter-soptunna-15-soppasar-ingar","status":"publish","type":"product","link":"https:\/\/nordicmart.andreevmaster.com\/sv\/produkt\/songmics-soptunna-40-liter-soptunna-15-soppasar-ingar\/","title":{"rendered":"SONGMICS soptunna, 40 liter soptunna, 15 sopp\u00e5sar ing\u00e5r"},"content":{"rendered":"<p>SONGMICS soptunna f\u00f6r k\u00f6ket, 40 liter, stor soptunna med fotpedal, med lock, av st\u00e5l, mjukst\u00e4ngande, inklusive 15 sopp\u00e5sar<br \/>\nM\u00e5tt: 34,8 x 32,1 x 55,7 cm (L x B x H)<br \/>\nTotal h\u00f6jd (med \u00f6ppet lock): 83,3 cm<br \/>\nVikt: 3,3 kg<br \/>\nMaterial: st\u00e5l<br \/>\nF\u00e4rg: Sandbeige<\/p>\n","protected":false},"excerpt":{"rendered":"<p>SONGMICS soptunna f\u00f6r k\u00f6ket, 40 liter, stor soptunna med fotpedal, med lock, av st\u00e5l, mjukst\u00e4ngande, inklusive 15 sopp\u00e5sar<\/p>\n","protected":false},"featured_media":44050,"comment_status":"open","ping_status":"closed","template":"","meta":[],"product_brand":[],"product_cat":[33],"product_tag":[],"class_list":{"0":"post-16334","1":"product","2":"type-product","3":"status-publish","4":"has-post-thumbnail","6":"product_cat-okategoriserad","8":"first","9":"instock","10":"shipping-taxable","11":"purchasable","12":"product-type-simple"},"_links":{"self":[{"href":"https:\/\/nordicmart.andreevmaster.com\/sv\/wp-json\/wp\/v2\/product\/16334","targetHints":{"allow":["GET"]}}],"collection":[{"href":"https:\/\/nordicmart.andreevmaster.com\/sv\/wp-json\/wp\/v2\/product"}],"about":[{"href":"https:\/\/nordicmart.andreevmaster.com\/sv\/wp-json\/wp\/v2\/types\/product"}],"replies":[{"embeddable":true,"href":"https:\/\/nordicmart.andreevmaster.com\/sv\/wp-json\/wp\/v2\/comments?post=16334"}],"wp:featuredmedia":[{"embeddable":true,"href":"https:\/\/nordicmart.andreevmaster.com\/sv\/wp-json\/wp\/v2\/media\/44050"}],"wp:attachment":[{"href":"https:\/\/nordicmart.andreevmaster.com\/sv\/wp-json\/wp\/v2\/media?parent=16334"}],"wp:term":[{"taxonomy":"product_brand","embeddable":true,"href":"https:\/\/nordicmart.andreevmaster.com\/sv\/wp-json\/wp\/v2\/product_brand?post=16334"},{"taxonomy":"product_cat","embeddable":true,"href":"https:\/\/nordicmart.andreevmaster.com\/sv\/wp-json\/wp\/v2\/product_cat?post=16334"},{"taxonomy":"product_tag","embeddable":true,"href":"https:\/\/nordicmart.andreevmaster.com\/sv\/wp-json\/wp\/v2\/product_tag?post=16334"}],"curies":[{"name":"wp","href":"https:\/\/api.w.org\/{rel}","templated":true}]}}