{"id":16327,"date":"2026-02-27T00:30:05","date_gmt":"2026-02-27T00:30:05","guid":{"rendered":"https:\/\/nordicmart.andreevmaster.com\/product\/songmics-soptunna-for-kok-68-liters-soptunna-pedalsoptunna-i-metall\/"},"modified":"2026-02-27T08:20:39","modified_gmt":"2026-02-27T08:20:39","slug":"songmics-soptunna-for-kok-68-liters-soptunna-pedalsoptunna-i-metall","status":"publish","type":"product","link":"https:\/\/nordicmart.andreevmaster.com\/sv\/produkt\/songmics-soptunna-for-kok-68-liters-soptunna-pedalsoptunna-i-metall\/","title":{"rendered":"SONGMICS soptunna f\u00f6r k\u00f6k, 68 liters soptunna, pedalsoptunna i metall"},"content":{"rendered":"<p>SONGMICS soptunna f\u00f6r k\u00f6k, 68 liters soptunna, pedalsoptunna av metall, med lock, h\u00f6g, smal och rymlig, vit-svart LTB520W6802<br \/>\nSpecifikationer:<br \/>\n&#8211; M\u00e5tt: 40,5 x 38,1 x 77,1 cm (L x B x H) (utan fotpedal)<br \/>\n&#8211; Total h\u00f6jd (med \u00f6ppet lock): 108 cm<br \/>\n&#8211; M\u00e5tt p\u00e5 fotpedalen: 19,7 x 5,9 cm (L x B)<br \/>\n&#8211; Vikt: 5,5 kg<br \/>\n&#8211; Material: st\u00e5l, PP-plast<br \/>\n&#8211; F\u00e4rg: svart<\/p>\n","protected":false},"excerpt":{"rendered":"<p>SONGMICS soptunna f\u00f6r k\u00f6k, 68 liters soptunna, pedalsoptunna av metall, med lock, h\u00f6g, smal och rymlig, vit-svart LTB520W6802<\/p>\n","protected":false},"featured_media":44045,"comment_status":"open","ping_status":"closed","template":"","meta":[],"product_brand":[],"product_cat":[33],"product_tag":[],"class_list":{"0":"post-16327","1":"product","2":"type-product","3":"status-publish","4":"has-post-thumbnail","6":"product_cat-okategoriserad","8":"first","9":"instock","10":"shipping-taxable","11":"purchasable","12":"product-type-simple"},"_links":{"self":[{"href":"https:\/\/nordicmart.andreevmaster.com\/sv\/wp-json\/wp\/v2\/product\/16327","targetHints":{"allow":["GET"]}}],"collection":[{"href":"https:\/\/nordicmart.andreevmaster.com\/sv\/wp-json\/wp\/v2\/product"}],"about":[{"href":"https:\/\/nordicmart.andreevmaster.com\/sv\/wp-json\/wp\/v2\/types\/product"}],"replies":[{"embeddable":true,"href":"https:\/\/nordicmart.andreevmaster.com\/sv\/wp-json\/wp\/v2\/comments?post=16327"}],"wp:featuredmedia":[{"embeddable":true,"href":"https:\/\/nordicmart.andreevmaster.com\/sv\/wp-json\/wp\/v2\/media\/44045"}],"wp:attachment":[{"href":"https:\/\/nordicmart.andreevmaster.com\/sv\/wp-json\/wp\/v2\/media?parent=16327"}],"wp:term":[{"taxonomy":"product_brand","embeddable":true,"href":"https:\/\/nordicmart.andreevmaster.com\/sv\/wp-json\/wp\/v2\/product_brand?post=16327"},{"taxonomy":"product_cat","embeddable":true,"href":"https:\/\/nordicmart.andreevmaster.com\/sv\/wp-json\/wp\/v2\/product_cat?post=16327"},{"taxonomy":"product_tag","embeddable":true,"href":"https:\/\/nordicmart.andreevmaster.com\/sv\/wp-json\/wp\/v2\/product_tag?post=16327"}],"curies":[{"name":"wp","href":"https:\/\/api.w.org\/{rel}","templated":true}]}}