{"id":16323,"date":"2026-02-27T00:30:04","date_gmt":"2026-02-27T00:30:04","guid":{"rendered":"https:\/\/nordicmart.andreevmaster.com\/product\/songmics-soptunna-med-3-fack-avfallssorteringssystem-for-koket-avfallskorg\/"},"modified":"2026-02-27T08:20:38","modified_gmt":"2026-02-27T08:20:38","slug":"songmics-soptunna-med-3-fack-avfallssorteringssystem-for-koket-avfallskorg","status":"publish","type":"product","link":"https:\/\/nordicmart.andreevmaster.com\/sv\/produkt\/songmics-soptunna-med-3-fack-avfallssorteringssystem-for-koket-avfallskorg\/","title":{"rendered":"SONGMICS soptunna med 3 fack, avfallssorteringssystem f\u00f6r k\u00f6ket, avfallskorg"},"content":{"rendered":"<p>SONGMICS Soptunna Avfallsk\u00e4rl Avfallsk\u00e4rl med innerk\u00e4rl Avfallssorteringssystem Trampk\u00e4rl Rostfritt st\u00e5l 45 liter 3 x 15L, F\u00e4rgad<br \/>\nSpecifikationer:<br \/>\n&#8211; Storlek: 60,5 x 40,5 x 48,5 cm (L x B x H)<br \/>\n&#8211; Totala m\u00e5tt (med \u00f6ppet lock): 73 cm<br \/>\n&#8211; M\u00e5tt per innerbeh\u00e5llare: 17,7 x 26,5 x 40,5 cm (L x B x H)<br \/>\n&#8211; M\u00e5tt p\u00e5 fotpedalen: 10 x 5,5 cm (L x B)<br \/>\n&#8211; Kapacitet: 45 liter<br \/>\n&#8211; Vikt: 6,3 kg<br \/>\n&#8211; Material: Ytterbeh\u00e5llare av st\u00e5l, innerbeh\u00e5llare av PP-plast, lock av ABS-plast<br \/>\n&#8211; F\u00e4rg: svart<\/p>\n","protected":false},"excerpt":{"rendered":"<p>SONGMICS Soptunna Avfallsk\u00e4rl Avfallsk\u00e4rl med innerk\u00e4rl Avfallssorteringssystem Trampk\u00e4rl Rostfritt st\u00e5l 45 liter 3 x 15L, F\u00e4rgad<\/p>\n","protected":false},"featured_media":44041,"comment_status":"open","ping_status":"closed","template":"","meta":[],"product_brand":[],"product_cat":[33],"product_tag":[],"class_list":{"0":"post-16323","1":"product","2":"type-product","3":"status-publish","4":"has-post-thumbnail","6":"product_cat-okategoriserad","8":"first","9":"instock","10":"shipping-taxable","11":"purchasable","12":"product-type-simple"},"_links":{"self":[{"href":"https:\/\/nordicmart.andreevmaster.com\/sv\/wp-json\/wp\/v2\/product\/16323","targetHints":{"allow":["GET"]}}],"collection":[{"href":"https:\/\/nordicmart.andreevmaster.com\/sv\/wp-json\/wp\/v2\/product"}],"about":[{"href":"https:\/\/nordicmart.andreevmaster.com\/sv\/wp-json\/wp\/v2\/types\/product"}],"replies":[{"embeddable":true,"href":"https:\/\/nordicmart.andreevmaster.com\/sv\/wp-json\/wp\/v2\/comments?post=16323"}],"wp:featuredmedia":[{"embeddable":true,"href":"https:\/\/nordicmart.andreevmaster.com\/sv\/wp-json\/wp\/v2\/media\/44041"}],"wp:attachment":[{"href":"https:\/\/nordicmart.andreevmaster.com\/sv\/wp-json\/wp\/v2\/media?parent=16323"}],"wp:term":[{"taxonomy":"product_brand","embeddable":true,"href":"https:\/\/nordicmart.andreevmaster.com\/sv\/wp-json\/wp\/v2\/product_brand?post=16323"},{"taxonomy":"product_cat","embeddable":true,"href":"https:\/\/nordicmart.andreevmaster.com\/sv\/wp-json\/wp\/v2\/product_cat?post=16323"},{"taxonomy":"product_tag","embeddable":true,"href":"https:\/\/nordicmart.andreevmaster.com\/sv\/wp-json\/wp\/v2\/product_tag?post=16323"}],"curies":[{"name":"wp","href":"https:\/\/api.w.org\/{rel}","templated":true}]}}