{"id":16320,"date":"2026-02-27T00:30:03","date_gmt":"2026-02-27T00:30:03","guid":{"rendered":"https:\/\/nordicmart.andreevmaster.com\/product\/songmics-soptunna-2-x-20-l-avfallssorteringssystem-med-2-fack-soptunna-i-metall\/"},"modified":"2026-02-27T08:20:37","modified_gmt":"2026-02-27T08:20:37","slug":"songmics-soptunna-2-x-20-l-avfallssorteringssystem-med-2-fack-soptunna-i-metall","status":"publish","type":"product","link":"https:\/\/nordicmart.andreevmaster.com\/sv\/produkt\/songmics-soptunna-2-x-20-l-avfallssorteringssystem-med-2-fack-soptunna-i-metall\/","title":{"rendered":"SONGMICS soptunna 2 x 20 L, avfallssorteringssystem med 2 fack, soptunna i metall"},"content":{"rendered":"<p>SONGMICS 40 L soptunna med 2 fack, 2 x 20 L, avfallskorg, pedalsoptunna av metall, innerbeh\u00e5llare av plast, med lock och handtag, mjukst\u00e4ngning, luftt\u00e4t, vit LTB40WT<br \/>\nSpecifikationer:<br \/>\n&#8211; M\u00e5tt (med fotpedal): 44,4 x 40,8 x 60,2 cm (L x B x H)<br \/>\n&#8211; M\u00e5tt per innerbeh\u00e5llare: 19 x 28,5 x 50 cm (L x B x H)<br \/>\n&#8211; Total h\u00f6jd (med \u00f6ppet lock): 92 cm<br \/>\n&#8211; Vikt: 7,1 kg<br \/>\n&#8211; Material: st\u00e5l, innerbeh\u00e5llare av PP-plast<br \/>\n&#8211; F\u00e4rg: Gr\u00e5gr\u00f6n<\/p>\n","protected":false},"excerpt":{"rendered":"<p>SONGMICS 40 L soptunna med 2 fack, 2 x 20 L, avfallskorg, pedalsoptunna av metall, innerbeh\u00e5llare av plast, med lock och handtag, mjukst\u00e4ngning, luftt\u00e4t, vit LTB40WT<\/p>\n","protected":false},"featured_media":44038,"comment_status":"open","ping_status":"closed","template":"","meta":[],"product_brand":[],"product_cat":[33],"product_tag":[],"class_list":{"0":"post-16320","1":"product","2":"type-product","3":"status-publish","4":"has-post-thumbnail","6":"product_cat-okategoriserad","8":"first","9":"instock","10":"shipping-taxable","11":"purchasable","12":"product-type-simple"},"_links":{"self":[{"href":"https:\/\/nordicmart.andreevmaster.com\/sv\/wp-json\/wp\/v2\/product\/16320","targetHints":{"allow":["GET"]}}],"collection":[{"href":"https:\/\/nordicmart.andreevmaster.com\/sv\/wp-json\/wp\/v2\/product"}],"about":[{"href":"https:\/\/nordicmart.andreevmaster.com\/sv\/wp-json\/wp\/v2\/types\/product"}],"replies":[{"embeddable":true,"href":"https:\/\/nordicmart.andreevmaster.com\/sv\/wp-json\/wp\/v2\/comments?post=16320"}],"wp:featuredmedia":[{"embeddable":true,"href":"https:\/\/nordicmart.andreevmaster.com\/sv\/wp-json\/wp\/v2\/media\/44038"}],"wp:attachment":[{"href":"https:\/\/nordicmart.andreevmaster.com\/sv\/wp-json\/wp\/v2\/media?parent=16320"}],"wp:term":[{"taxonomy":"product_brand","embeddable":true,"href":"https:\/\/nordicmart.andreevmaster.com\/sv\/wp-json\/wp\/v2\/product_brand?post=16320"},{"taxonomy":"product_cat","embeddable":true,"href":"https:\/\/nordicmart.andreevmaster.com\/sv\/wp-json\/wp\/v2\/product_cat?post=16320"},{"taxonomy":"product_tag","embeddable":true,"href":"https:\/\/nordicmart.andreevmaster.com\/sv\/wp-json\/wp\/v2\/product_tag?post=16320"}],"curies":[{"name":"wp","href":"https:\/\/api.w.org\/{rel}","templated":true}]}}