{"id":16315,"date":"2026-02-27T00:30:01","date_gmt":"2026-02-27T00:30:01","guid":{"rendered":"https:\/\/nordicmart.andreevmaster.com\/product\/songmics-soptunna-2-x-15-liter-avfallssorteringssystem-med-2-fack-inklusive-15-soppasar\/"},"modified":"2026-02-27T08:20:36","modified_gmt":"2026-02-27T08:20:36","slug":"songmics-soptunna-2-x-15-liter-avfallssorteringssystem-med-2-fack-inklusive-15-soppasar","status":"publish","type":"product","link":"https:\/\/nordicmart.andreevmaster.com\/sv\/produkt\/songmics-soptunna-2-x-15-liter-avfallssorteringssystem-med-2-fack-inklusive-15-soppasar\/","title":{"rendered":"SONGMICS soptunna 2 x 15 liter, avfallssorteringssystem med 2 fack, inklusive 15 sopp\u00e5sar"},"content":{"rendered":"<p>SONGMICS 30 L soptunna avfallssortering avfallssorteringssystem med 2 innerk\u00e4rl pedalsoptunna f\u00f6r k\u00f6k rostfritt st\u00e5l 2 x 15 L LTB30H<br \/>\nSpecifikationer:<br \/>\n&#8211; M\u00e5tt (utan fotpedal): 41 x 31,5 x 47 cm (L x B x H)<br \/>\n&#8211; Total h\u00f6jd (med \u00f6ppet lock): 73,5 cm<br \/>\n&#8211; M\u00e5tt per innerbeh\u00e5llare: 18,4 x 26,3 x 40 cm (L x B x H)<br \/>\n&#8211; M\u00e5tt p\u00e5 fotpedalen: 11 x 3,5 cm (L x B)<br \/>\n&#8211; Kapacitet: 2 x 15 liter<br \/>\n&#8211; Vikt: 5,1 kg<br \/>\n&#8211; Material: Ytterbeh\u00e5llare av st\u00e5l, innerbeh\u00e5llare av PP-plast, lock av ABS-plast<br \/>\n&#8211; F\u00e4rg: beige-svart<\/p>\n","protected":false},"excerpt":{"rendered":"<p>SONGMICS 30 L soptunna avfallssortering avfallssorteringssystem med 2 innerk\u00e4rl pedalsoptunna f\u00f6r k\u00f6k rostfritt st\u00e5l 2 x 15 L LTB30H<\/p>\n","protected":false},"featured_media":44033,"comment_status":"open","ping_status":"closed","template":"","meta":[],"product_brand":[],"product_cat":[33],"product_tag":[],"class_list":{"0":"post-16315","1":"product","2":"type-product","3":"status-publish","4":"has-post-thumbnail","6":"product_cat-okategoriserad","8":"first","9":"instock","10":"shipping-taxable","11":"purchasable","12":"product-type-simple"},"_links":{"self":[{"href":"https:\/\/nordicmart.andreevmaster.com\/sv\/wp-json\/wp\/v2\/product\/16315","targetHints":{"allow":["GET"]}}],"collection":[{"href":"https:\/\/nordicmart.andreevmaster.com\/sv\/wp-json\/wp\/v2\/product"}],"about":[{"href":"https:\/\/nordicmart.andreevmaster.com\/sv\/wp-json\/wp\/v2\/types\/product"}],"replies":[{"embeddable":true,"href":"https:\/\/nordicmart.andreevmaster.com\/sv\/wp-json\/wp\/v2\/comments?post=16315"}],"wp:featuredmedia":[{"embeddable":true,"href":"https:\/\/nordicmart.andreevmaster.com\/sv\/wp-json\/wp\/v2\/media\/44033"}],"wp:attachment":[{"href":"https:\/\/nordicmart.andreevmaster.com\/sv\/wp-json\/wp\/v2\/media?parent=16315"}],"wp:term":[{"taxonomy":"product_brand","embeddable":true,"href":"https:\/\/nordicmart.andreevmaster.com\/sv\/wp-json\/wp\/v2\/product_brand?post=16315"},{"taxonomy":"product_cat","embeddable":true,"href":"https:\/\/nordicmart.andreevmaster.com\/sv\/wp-json\/wp\/v2\/product_cat?post=16315"},{"taxonomy":"product_tag","embeddable":true,"href":"https:\/\/nordicmart.andreevmaster.com\/sv\/wp-json\/wp\/v2\/product_tag?post=16315"}],"curies":[{"name":"wp","href":"https:\/\/api.w.org\/{rel}","templated":true}]}}