{"id":16309,"date":"2026-02-27T00:30:00","date_gmt":"2026-02-27T00:30:00","guid":{"rendered":"https:\/\/nordicmart.andreevmaster.com\/product\/songmics-soptunna-2-x-30-liter-2-fack\/"},"modified":"2026-02-27T08:20:35","modified_gmt":"2026-02-27T08:20:35","slug":"songmics-soptunna-2-x-30-liter-2-fack","status":"publish","type":"product","link":"https:\/\/nordicmart.andreevmaster.com\/sv\/produkt\/songmics-soptunna-2-x-30-liter-2-fack\/","title":{"rendered":"SONGMICS soptunna, 2 x 30 liter, 2 fack,"},"content":{"rendered":"<p>SONGMICS soptunna, avfallssorteringssystem, med 2 innerk\u00e4rl av plast, 2 x 30 L pedalsoptunna, soptunna med fotpedal, med handtag, silver LTB60NL<br \/>\n&#8211; F\u00e4rg: Vit<br \/>\n&#8211; Material: Ytterbeh\u00e5llare av st\u00e5l, innerbeh\u00e5llare av PP-plast, lock av ABS-plast<br \/>\n&#8211; Storlek (med fotpedal): 59 x 36,5 x 65,2 cm (L x B x H)<br \/>\n&#8211; Total h\u00f6jd (med \u00f6ppet lock): 94 cm<br \/>\n&#8211; Storlek per innerbeh\u00e5llare: 27 x 27 x 58,5 cm (L x B x H)<br \/>\n&#8211; Storlek p\u00e5 fotpedalen: 13,5 x 4 cm (L x B)<br \/>\n&#8211; Kapacitet: 2 x 30 liter<br \/>\n&#8211; Vikt: 10,5 kg<\/p>\n","protected":false},"excerpt":{"rendered":"<p>SONGMICS soptunna, avfallssorteringssystem, med 2 innerk\u00e4rl av plast, 2 x 30 L pedalsoptunna, soptunna med fotpedal, med handtag, silver LTB60NL<\/p>\n","protected":false},"featured_media":0,"comment_status":"open","ping_status":"closed","template":"","meta":[],"product_brand":[],"product_cat":[33],"product_tag":[],"class_list":{"0":"post-16309","1":"product","2":"type-product","3":"status-publish","5":"product_cat-okategoriserad","7":"first","8":"instock","9":"shipping-taxable","10":"purchasable","11":"product-type-simple"},"_links":{"self":[{"href":"https:\/\/nordicmart.andreevmaster.com\/sv\/wp-json\/wp\/v2\/product\/16309","targetHints":{"allow":["GET"]}}],"collection":[{"href":"https:\/\/nordicmart.andreevmaster.com\/sv\/wp-json\/wp\/v2\/product"}],"about":[{"href":"https:\/\/nordicmart.andreevmaster.com\/sv\/wp-json\/wp\/v2\/types\/product"}],"replies":[{"embeddable":true,"href":"https:\/\/nordicmart.andreevmaster.com\/sv\/wp-json\/wp\/v2\/comments?post=16309"}],"wp:attachment":[{"href":"https:\/\/nordicmart.andreevmaster.com\/sv\/wp-json\/wp\/v2\/media?parent=16309"}],"wp:term":[{"taxonomy":"product_brand","embeddable":true,"href":"https:\/\/nordicmart.andreevmaster.com\/sv\/wp-json\/wp\/v2\/product_brand?post=16309"},{"taxonomy":"product_cat","embeddable":true,"href":"https:\/\/nordicmart.andreevmaster.com\/sv\/wp-json\/wp\/v2\/product_cat?post=16309"},{"taxonomy":"product_tag","embeddable":true,"href":"https:\/\/nordicmart.andreevmaster.com\/sv\/wp-json\/wp\/v2\/product_tag?post=16309"}],"curies":[{"name":"wp","href":"https:\/\/api.w.org\/{rel}","templated":true}]}}