{"id":16308,"date":"2026-02-27T00:30:00","date_gmt":"2026-02-27T00:30:00","guid":{"rendered":"https:\/\/nordicmart.andreevmaster.com\/product\/songmics-soptunna-for-koket-3-x-18-l-avfallssorteringssystem-med-3-fack\/"},"modified":"2026-02-27T08:20:35","modified_gmt":"2026-02-27T08:20:35","slug":"songmics-soptunna-for-koket-3-x-18-l-avfallssorteringssystem-med-3-fack","status":"publish","type":"product","link":"https:\/\/nordicmart.andreevmaster.com\/sv\/produkt\/songmics-soptunna-for-koket-3-x-18-l-avfallssorteringssystem-med-3-fack\/","title":{"rendered":"SONGMICS soptunna f\u00f6r k\u00f6ket, 3 x 18 l, avfallssorteringssystem med 3 fack"},"content":{"rendered":"<p>SONGMICS soptunna, avfallssorteringssystem, med 3 innerk\u00e4rl av plast, pedalsoptunna, avfallsk\u00e4rl med fotpedal, av fingeravtrycksfritt rostfritt st\u00e5l, med handtag (54 liter 3 x 18 L) LTB54NL<br \/>\nSpecifikationer:<br \/>\n&#8211; M\u00e5tt (utan fotpedal): 61 x 31,5 x 55,5 cm (L x B x H)<br \/>\n&#8211; Total h\u00f6jd (med \u00f6ppet lock): 84,5 cm<br \/>\n&#8211; M\u00e5tt per innerbeh\u00e5llare: 18 x 26,5 x 49 cm (L x B x H)<br \/>\n&#8211; M\u00e5tt p\u00e5 fotpedalen: 11 x 3,5 cm (L x B)<br \/>\n&#8211; Kapacitet: 3 x 18 liter<br \/>\n&#8211; Vikt: 8,9 kg<br \/>\n&#8211; Material: Ytterbeh\u00e5llare av st\u00e5l, innerbeh\u00e5llare av PP-plast, lock av ABS-plast<br \/>\n&#8211; F\u00e4rg: Beige<\/p>\n","protected":false},"excerpt":{"rendered":"<p>SONGMICS soptunna, avfallssorteringssystem, med 3 innerk\u00e4rl av plast, pedalsoptunna, avfallsk\u00e4rl med fotpedal, av fingeravtrycksfritt rostfritt st\u00e5l, med handtag (54 liter 3 x 18 L) LTB54NL<\/p>\n","protected":false},"featured_media":44027,"comment_status":"open","ping_status":"closed","template":"","meta":[],"product_brand":[],"product_cat":[33],"product_tag":[],"class_list":{"0":"post-16308","1":"product","2":"type-product","3":"status-publish","4":"has-post-thumbnail","6":"product_cat-okategoriserad","8":"first","9":"instock","10":"shipping-taxable","11":"purchasable","12":"product-type-simple"},"_links":{"self":[{"href":"https:\/\/nordicmart.andreevmaster.com\/sv\/wp-json\/wp\/v2\/product\/16308","targetHints":{"allow":["GET"]}}],"collection":[{"href":"https:\/\/nordicmart.andreevmaster.com\/sv\/wp-json\/wp\/v2\/product"}],"about":[{"href":"https:\/\/nordicmart.andreevmaster.com\/sv\/wp-json\/wp\/v2\/types\/product"}],"replies":[{"embeddable":true,"href":"https:\/\/nordicmart.andreevmaster.com\/sv\/wp-json\/wp\/v2\/comments?post=16308"}],"wp:featuredmedia":[{"embeddable":true,"href":"https:\/\/nordicmart.andreevmaster.com\/sv\/wp-json\/wp\/v2\/media\/44027"}],"wp:attachment":[{"href":"https:\/\/nordicmart.andreevmaster.com\/sv\/wp-json\/wp\/v2\/media?parent=16308"}],"wp:term":[{"taxonomy":"product_brand","embeddable":true,"href":"https:\/\/nordicmart.andreevmaster.com\/sv\/wp-json\/wp\/v2\/product_brand?post=16308"},{"taxonomy":"product_cat","embeddable":true,"href":"https:\/\/nordicmart.andreevmaster.com\/sv\/wp-json\/wp\/v2\/product_cat?post=16308"},{"taxonomy":"product_tag","embeddable":true,"href":"https:\/\/nordicmart.andreevmaster.com\/sv\/wp-json\/wp\/v2\/product_tag?post=16308"}],"curies":[{"name":"wp","href":"https:\/\/api.w.org\/{rel}","templated":true}]}}