{"id":16301,"date":"2026-02-27T00:29:58","date_gmt":"2026-02-27T00:29:58","guid":{"rendered":"https:\/\/nordicmart.andreevmaster.com\/product\/songmics-soptunna-for-koket-3-x-8-l-liten-kapacitet\/"},"modified":"2026-02-27T08:20:34","modified_gmt":"2026-02-27T08:20:34","slug":"songmics-soptunna-for-koket-3-x-8-l-liten-kapacitet","status":"publish","type":"product","link":"https:\/\/nordicmart.andreevmaster.com\/sv\/produkt\/songmics-soptunna-for-koket-3-x-8-l-liten-kapacitet\/","title":{"rendered":"SONGMICS soptunna f\u00f6r k\u00f6ket, 3 x 8 l, liten kapacitet"},"content":{"rendered":"<p>Soptunna f\u00f6r k\u00f6ket, 3 x 8 l, liten kapacitet, avfallssorteringssystem med 3 fack, soptunna med lock, pedaler och innerbeh\u00e5llare, silver-svart<br \/>\nSpecifikationer:<br \/>\n&#8211; M\u00e5tt (utan fotpedal): 47 x 28,3 x 39,5 cm (L x B x H)<br \/>\n&#8211; Total h\u00f6jd (med \u00f6ppet lock): 63,5 cm<br \/>\n&#8211; M\u00e5tt per innerhink: 14 x 23 x 35 cm (L x B x H)<br \/>\n&#8211; M\u00e5tt p\u00e5 fotpedalen: 8 x 5 cm (L x B)<br \/>\n&#8211; Kapacitet: 3 x 8 liter<br \/>\n&#8211; Vikt: 9,1 kg<br \/>\n&#8211; Material: Ytterbeh\u00e5llare av st\u00e5l, innerbeh\u00e5llare av PP-plast, lock av ABS-plast<br \/>\n&#8211; F\u00e4rg: kr\u00e4mvit-brun<\/p>\n","protected":false},"excerpt":{"rendered":"<p>Soptunna f\u00f6r k\u00f6ket, 3 x 8 l, liten kapacitet, avfallssorteringssystem med 3 fack, soptunna med lock, pedaler och innerbeh\u00e5llare, silver-svart<\/p>\n","protected":false},"featured_media":44021,"comment_status":"open","ping_status":"closed","template":"","meta":[],"product_brand":[],"product_cat":[33],"product_tag":[],"class_list":{"0":"post-16301","1":"product","2":"type-product","3":"status-publish","4":"has-post-thumbnail","6":"product_cat-okategoriserad","8":"first","9":"instock","10":"shipping-taxable","11":"purchasable","12":"product-type-simple"},"_links":{"self":[{"href":"https:\/\/nordicmart.andreevmaster.com\/sv\/wp-json\/wp\/v2\/product\/16301","targetHints":{"allow":["GET"]}}],"collection":[{"href":"https:\/\/nordicmart.andreevmaster.com\/sv\/wp-json\/wp\/v2\/product"}],"about":[{"href":"https:\/\/nordicmart.andreevmaster.com\/sv\/wp-json\/wp\/v2\/types\/product"}],"replies":[{"embeddable":true,"href":"https:\/\/nordicmart.andreevmaster.com\/sv\/wp-json\/wp\/v2\/comments?post=16301"}],"wp:featuredmedia":[{"embeddable":true,"href":"https:\/\/nordicmart.andreevmaster.com\/sv\/wp-json\/wp\/v2\/media\/44021"}],"wp:attachment":[{"href":"https:\/\/nordicmart.andreevmaster.com\/sv\/wp-json\/wp\/v2\/media?parent=16301"}],"wp:term":[{"taxonomy":"product_brand","embeddable":true,"href":"https:\/\/nordicmart.andreevmaster.com\/sv\/wp-json\/wp\/v2\/product_brand?post=16301"},{"taxonomy":"product_cat","embeddable":true,"href":"https:\/\/nordicmart.andreevmaster.com\/sv\/wp-json\/wp\/v2\/product_cat?post=16301"},{"taxonomy":"product_tag","embeddable":true,"href":"https:\/\/nordicmart.andreevmaster.com\/sv\/wp-json\/wp\/v2\/product_tag?post=16301"}],"curies":[{"name":"wp","href":"https:\/\/api.w.org\/{rel}","templated":true}]}}