{"id":16299,"date":"2026-02-27T00:29:57","date_gmt":"2026-02-27T00:29:57","guid":{"rendered":"https:\/\/nordicmart.andreevmaster.com\/product\/songmics-soptunna-30-liter-avfallskorg-pedalsoptunna-for-kok\/"},"modified":"2026-02-27T08:20:33","modified_gmt":"2026-02-27T08:20:33","slug":"songmics-soptunna-30-liter-avfallskorg-pedalsoptunna-for-kok","status":"publish","type":"product","link":"https:\/\/nordicmart.andreevmaster.com\/sv\/produkt\/songmics-soptunna-30-liter-avfallskorg-pedalsoptunna-for-kok\/","title":{"rendered":"SONGMICS soptunna 30 liter, avfallskorg, pedalsoptunna f\u00f6r k\u00f6k"},"content":{"rendered":"<p>SONGMICS Soptunna med fotpedal f\u00f6r k\u00f6ket, softclose, soptunna med lock och innerbeh\u00e5llare, 30 l avfallsk\u00e4rl i rostfritt st\u00e5l, luktfri och hygienisk LTB03NL<br \/>\nSpecifikationer:<br \/>\n&#8211; M\u00e5tt: 34,8 x 29,7 x 63,3 cm (L x B x H)<br \/>\n&#8211; Vikt: 3,8 kg<br \/>\n&#8211; Max. statisk b\u00e4rf\u00f6rm\u00e5ga:<br \/>\n&#8211; Material: Ytterbeh\u00e5llare av st\u00e5l, innerbeh\u00e5llare av PP-plast<br \/>\n&#8211; F\u00e4rg: Vintage gr\u00f6n<\/p>\n","protected":false},"excerpt":{"rendered":"<p>SONGMICS Soptunna med fotpedal f\u00f6r k\u00f6ket, softclose, soptunna med lock och innerbeh\u00e5llare, 30 l avfallsk\u00e4rl i rostfritt st\u00e5l, luktfri och hygienisk LTB03NL<\/p>\n","protected":false},"featured_media":44019,"comment_status":"open","ping_status":"closed","template":"","meta":[],"product_brand":[],"product_cat":[33],"product_tag":[],"class_list":{"0":"post-16299","1":"product","2":"type-product","3":"status-publish","4":"has-post-thumbnail","6":"product_cat-okategoriserad","8":"first","9":"instock","10":"shipping-taxable","11":"purchasable","12":"product-type-simple"},"_links":{"self":[{"href":"https:\/\/nordicmart.andreevmaster.com\/sv\/wp-json\/wp\/v2\/product\/16299","targetHints":{"allow":["GET"]}}],"collection":[{"href":"https:\/\/nordicmart.andreevmaster.com\/sv\/wp-json\/wp\/v2\/product"}],"about":[{"href":"https:\/\/nordicmart.andreevmaster.com\/sv\/wp-json\/wp\/v2\/types\/product"}],"replies":[{"embeddable":true,"href":"https:\/\/nordicmart.andreevmaster.com\/sv\/wp-json\/wp\/v2\/comments?post=16299"}],"wp:featuredmedia":[{"embeddable":true,"href":"https:\/\/nordicmart.andreevmaster.com\/sv\/wp-json\/wp\/v2\/media\/44019"}],"wp:attachment":[{"href":"https:\/\/nordicmart.andreevmaster.com\/sv\/wp-json\/wp\/v2\/media?parent=16299"}],"wp:term":[{"taxonomy":"product_brand","embeddable":true,"href":"https:\/\/nordicmart.andreevmaster.com\/sv\/wp-json\/wp\/v2\/product_brand?post=16299"},{"taxonomy":"product_cat","embeddable":true,"href":"https:\/\/nordicmart.andreevmaster.com\/sv\/wp-json\/wp\/v2\/product_cat?post=16299"},{"taxonomy":"product_tag","embeddable":true,"href":"https:\/\/nordicmart.andreevmaster.com\/sv\/wp-json\/wp\/v2\/product_tag?post=16299"}],"curies":[{"name":"wp","href":"https:\/\/api.w.org\/{rel}","templated":true}]}}