{"id":16297,"date":"2026-02-27T00:29:57","date_gmt":"2026-02-27T00:29:57","guid":{"rendered":"https:\/\/nordicmart.andreevmaster.com\/product\/songmics-soptunna-med-tva-fack-och-utdragbart-avfallssorteringssystem\/"},"modified":"2026-02-27T08:20:33","modified_gmt":"2026-02-27T08:20:33","slug":"songmics-soptunna-med-tva-fack-och-utdragbart-avfallssorteringssystem","status":"publish","type":"product","link":"https:\/\/nordicmart.andreevmaster.com\/sv\/produkt\/songmics-soptunna-med-tva-fack-och-utdragbart-avfallssorteringssystem\/","title":{"rendered":"SONGMICS soptunna med tv\u00e5 fack och utdragbart avfallssorteringssystem"},"content":{"rendered":"<p>SONGMICS soptunna f\u00f6r k\u00f6k, avfallssorteringssystem f\u00f6r undersk\u00e5p, 2 x 15 l, soptunna med 2 fack, utdragbar, st\u00e5lram, ABS-lock, bl\u00e4cksvart LTB950B01<br \/>\nF\u00e4rg: bl\u00e4ck svart<br \/>\nMaterial: Soptunna av st\u00e5l, lock av ABS-plast, innerbeh\u00e5llare av PP-plast<br \/>\nStorlek: 48,6 x 25,4 x 44 cm (L x B x H)<br \/>\nKapacitet: 2 x 15 l<br \/>\nVikt: 7,2 kg<\/p>\n","protected":false},"excerpt":{"rendered":"<p>SONGMICS soptunna f\u00f6r k\u00f6k, avfallssorteringssystem f\u00f6r undersk\u00e5p, 2 x 15 l, soptunna med 2 fack, utdragbar, st\u00e5lram, ABS-lock, bl\u00e4cksvart LTB950B01<\/p>\n","protected":false},"featured_media":44017,"comment_status":"open","ping_status":"closed","template":"","meta":[],"product_brand":[],"product_cat":[33],"product_tag":[],"class_list":{"0":"post-16297","1":"product","2":"type-product","3":"status-publish","4":"has-post-thumbnail","6":"product_cat-okategoriserad","8":"first","9":"instock","10":"shipping-taxable","11":"purchasable","12":"product-type-simple"},"_links":{"self":[{"href":"https:\/\/nordicmart.andreevmaster.com\/sv\/wp-json\/wp\/v2\/product\/16297","targetHints":{"allow":["GET"]}}],"collection":[{"href":"https:\/\/nordicmart.andreevmaster.com\/sv\/wp-json\/wp\/v2\/product"}],"about":[{"href":"https:\/\/nordicmart.andreevmaster.com\/sv\/wp-json\/wp\/v2\/types\/product"}],"replies":[{"embeddable":true,"href":"https:\/\/nordicmart.andreevmaster.com\/sv\/wp-json\/wp\/v2\/comments?post=16297"}],"wp:featuredmedia":[{"embeddable":true,"href":"https:\/\/nordicmart.andreevmaster.com\/sv\/wp-json\/wp\/v2\/media\/44017"}],"wp:attachment":[{"href":"https:\/\/nordicmart.andreevmaster.com\/sv\/wp-json\/wp\/v2\/media?parent=16297"}],"wp:term":[{"taxonomy":"product_brand","embeddable":true,"href":"https:\/\/nordicmart.andreevmaster.com\/sv\/wp-json\/wp\/v2\/product_brand?post=16297"},{"taxonomy":"product_cat","embeddable":true,"href":"https:\/\/nordicmart.andreevmaster.com\/sv\/wp-json\/wp\/v2\/product_cat?post=16297"},{"taxonomy":"product_tag","embeddable":true,"href":"https:\/\/nordicmart.andreevmaster.com\/sv\/wp-json\/wp\/v2\/product_tag?post=16297"}],"curies":[{"name":"wp","href":"https:\/\/api.w.org\/{rel}","templated":true}]}}