{"id":16296,"date":"2026-02-27T00:29:56","date_gmt":"2026-02-27T00:29:56","guid":{"rendered":"https:\/\/nordicmart.andreevmaster.com\/product\/songmics-soptunna-med-sensor-70-l\/"},"modified":"2026-02-27T08:20:33","modified_gmt":"2026-02-27T08:20:33","slug":"songmics-soptunna-med-sensor-70-l","status":"publish","type":"product","link":"https:\/\/nordicmart.andreevmaster.com\/sv\/produkt\/songmics-soptunna-med-sensor-70-l\/","title":{"rendered":"SONGMICS soptunna med sensor 70 L"},"content":{"rendered":"<p>Varf\u00f6r ska du v\u00e4lja papperskorg fr\u00e5n SONGMICS? Sensorn g\u00f6r att du kan sl\u00e4nga ditt skr\u00e4p utan att beh\u00f6va r\u00f6ra papperskorgen, vilket ger b\u00e4ttre hygien. De tv\u00e5 facken med kl\u00e4mringar hj\u00e4lper dig att sortera olika typer av avfall; varje fack rymmer upp till 35 liter. Tack vare den stora kapaciteten beh\u00f6ver du inte byta sopp\u00e5sen s\u00e5 ofta. L\u00e4tt som en pl\u00e4tt: Sl\u00e4ng bioavfall i det ena facket och \u00f6vrigt avfall i det andra \u2013 du beh\u00f6ver inte ens r\u00f6ra papperskorgen med handen! Allt du beh\u00f6ver g\u00f6ra \u00e4r att h\u00e5lla handen \u00f6ver sensorn p\u00e5 locket s\u00e5 \u00f6ppnas det som genom ett trollslag. Dessutom st\u00e4ngs den inte f\u00f6rr\u00e4n du tar bort handen igen. I s\u00e4rskilda fall d\u00e4r locket ska f\u00f6rbli \u00f6ppet trycker du bara p\u00e5 knappen \u201dOPEN\u201d. P\u00e5 s\u00e5 s\u00e4tt kan du enkelt sl\u00e4nga avfall som uppst\u00e5r n\u00e4r du dukar av bordet eller reng\u00f6r kylsk\u00e5pet. Tryck p\u00e5 knappen \u201dCLOSE\u201d n\u00e4r du \u00e4r klar f\u00f6r att st\u00e4nga locket igen. En sk\u00f6nhet i rostfritt st\u00e5l: Denna soptunna i rostfritt st\u00e5l passar perfekt i alla moderna k\u00f6k och harmonierar perfekt med andra k\u00f6ksredskap i rostfritt st\u00e5l. Denna k\u00f6kshj\u00e4lpreda ser inte bara stilfull ut, utan \u00e4r ocks\u00e5 l\u00e4tt att reng\u00f6ra och motst\u00e5ndskraftig mot fingeravtryck. Skaffa denna soptunna (2 x 35 liter) s\u00e5 slipper du ta ut soporna varje dag \u2013 perfekt f\u00f6r regniga eftermiddagar n\u00e4r du bara vill stanna hemma.Produktdetaljer: F\u00e4rg: Silver Material: 430 rostfritt st\u00e5l M\u00e5tt: 54,2 x 33 x 67,1 cm (L x B x H) Total h\u00f6jd (med \u00f6ppet lock): 93 cm Avst\u00e5nd fr\u00e5n v\u00e4ggen: 5,5 cm M\u00e5tt p\u00e5 kl\u00e4mringen: 21 x 23 cm Vikt: 5,2 kg Leveransomfattning: 1 x soptunna 1 x bruksanvisning (DE, EN, FR, ES, IT) SONGMICS Anm\u00e4rkningar: Placera produkten p\u00e5 ett plant, torrt underlag, skydda den fr\u00e5n h\u00f6ga temperaturer och h\u00e5ll den borta fr\u00e5n \u00f6ppen eld.Reng\u00f6r produkten dagligen med en fuktig trasa. Anv\u00e4nd ett milt reng\u00f6ringsmedel vid behov.<\/p>\n","protected":false},"excerpt":{"rendered":"<p>SONGMICS 70L soptunna med sensor, automatisk soptunna, 2 x 35L avfallssorteringssystem, avfallsk\u00e4rl med 2 fack, ber\u00f6ringsfri, f\u00f6r k\u00f6ket, silver LTB93NL<\/p>\n","protected":false},"featured_media":44016,"comment_status":"open","ping_status":"closed","template":"","meta":[],"product_brand":[],"product_cat":[33],"product_tag":[],"class_list":{"0":"post-16296","1":"product","2":"type-product","3":"status-publish","4":"has-post-thumbnail","6":"product_cat-okategoriserad","8":"first","9":"instock","10":"shipping-taxable","11":"purchasable","12":"product-type-simple"},"_links":{"self":[{"href":"https:\/\/nordicmart.andreevmaster.com\/sv\/wp-json\/wp\/v2\/product\/16296","targetHints":{"allow":["GET"]}}],"collection":[{"href":"https:\/\/nordicmart.andreevmaster.com\/sv\/wp-json\/wp\/v2\/product"}],"about":[{"href":"https:\/\/nordicmart.andreevmaster.com\/sv\/wp-json\/wp\/v2\/types\/product"}],"replies":[{"embeddable":true,"href":"https:\/\/nordicmart.andreevmaster.com\/sv\/wp-json\/wp\/v2\/comments?post=16296"}],"wp:featuredmedia":[{"embeddable":true,"href":"https:\/\/nordicmart.andreevmaster.com\/sv\/wp-json\/wp\/v2\/media\/44016"}],"wp:attachment":[{"href":"https:\/\/nordicmart.andreevmaster.com\/sv\/wp-json\/wp\/v2\/media?parent=16296"}],"wp:term":[{"taxonomy":"product_brand","embeddable":true,"href":"https:\/\/nordicmart.andreevmaster.com\/sv\/wp-json\/wp\/v2\/product_brand?post=16296"},{"taxonomy":"product_cat","embeddable":true,"href":"https:\/\/nordicmart.andreevmaster.com\/sv\/wp-json\/wp\/v2\/product_cat?post=16296"},{"taxonomy":"product_tag","embeddable":true,"href":"https:\/\/nordicmart.andreevmaster.com\/sv\/wp-json\/wp\/v2\/product_tag?post=16296"}],"curies":[{"name":"wp","href":"https:\/\/api.w.org\/{rel}","templated":true}]}}