{"id":16295,"date":"2026-02-27T00:29:56","date_gmt":"2026-02-27T00:29:56","guid":{"rendered":"https:\/\/nordicmart.andreevmaster.com\/product\/songmics-soptunna-med-handsensor-50-l\/"},"modified":"2026-02-27T08:20:33","modified_gmt":"2026-02-27T08:20:33","slug":"songmics-soptunna-med-handsensor-50-l","status":"publish","type":"product","link":"https:\/\/nordicmart.andreevmaster.com\/sv\/produkt\/songmics-soptunna-med-handsensor-50-l\/","title":{"rendered":"SONGMICS soptunna med handsensor 50 L"},"content":{"rendered":"<p>N\u00e4r du n\u00e4rmar dig sensorf\u00f6nstret med h\u00e4nderna eller andra f\u00f6rem\u00e5l \u00f6ppnas locket automatiskt. S\u00e5 snart du \u00e4r utanf\u00f6r r\u00e4ckvidden st\u00e4ngs det igen efter 5 sekunder, s\u00e5 du kan sl\u00e4nga soporna utan att beh\u00f6va r\u00f6ra vid papperskorgen. Vid l\u00e4ngre anv\u00e4ndning trycker du direkt p\u00e5 knappen &#8221;OPEN&#8221; s\u00e5 f\u00f6rblir locket \u00f6ppet. Efter anv\u00e4ndning trycker du p\u00e5 knappen &#8221;CLOSE&#8221; f\u00f6r att st\u00e4nga locket igen. L\u00e5ngsamt och tyst st\u00e4ngande lock skapar en lugn milj\u00f6. Lock: ABS-plast, utan batterier kan du \u00f6ppna locket med h\u00e4nderna.Kl\u00e4mring: Denna f\u00e4ster sopp\u00e5sarna vid soptunnan s\u00e5 att de inte glider ner. Ytterbeh\u00e5llare: Tillverkad av 430 rostfritt st\u00e5l, fingeravtrycksfri och smutsavvisande, fl\u00e4ckar p\u00e5 den kan enkelt torkas bort. Tack vare den perfekta t\u00e4tningen f\u00f6rhindras effektivt den besv\u00e4rliga s\u00e4llskapslukten. Produktdetaljer: Material: Rostfritt st\u00e5l (h\u00f6lje) + ABS-plast (lock) Ytterm\u00e5tt: 29,3 \u00d7 72,2 \u00d7 42 cm (B x H x D)M\u00e5tt lock helt \u00f6ppet: 29,3 \u00d7 93 \u00d7 42 cm (B x H x D) F\u00e4rg: silver (h\u00f6lje), svart (lock) Nettovikt: 3,54 kg Bruttovikt: 5,7 kg Leveransomfattning: 1 x soptunna 1 x bruksanvisning (DE, EN, IT, FR, ES)<\/p>\n","protected":false},"excerpt":{"rendered":"<p>SONGMICS Sensor papperskorg 50L papperskorg automatisk avfallsk\u00e4rl avfallsk\u00e4rl f\u00f6r k\u00f6k rostfritt st\u00e5l LTB92NG<\/p>\n","protected":false},"featured_media":44015,"comment_status":"open","ping_status":"closed","template":"","meta":[],"product_brand":[],"product_cat":[33],"product_tag":[],"class_list":{"0":"post-16295","1":"product","2":"type-product","3":"status-publish","4":"has-post-thumbnail","6":"product_cat-okategoriserad","8":"first","9":"instock","10":"shipping-taxable","11":"purchasable","12":"product-type-simple"},"_links":{"self":[{"href":"https:\/\/nordicmart.andreevmaster.com\/sv\/wp-json\/wp\/v2\/product\/16295","targetHints":{"allow":["GET"]}}],"collection":[{"href":"https:\/\/nordicmart.andreevmaster.com\/sv\/wp-json\/wp\/v2\/product"}],"about":[{"href":"https:\/\/nordicmart.andreevmaster.com\/sv\/wp-json\/wp\/v2\/types\/product"}],"replies":[{"embeddable":true,"href":"https:\/\/nordicmart.andreevmaster.com\/sv\/wp-json\/wp\/v2\/comments?post=16295"}],"wp:featuredmedia":[{"embeddable":true,"href":"https:\/\/nordicmart.andreevmaster.com\/sv\/wp-json\/wp\/v2\/media\/44015"}],"wp:attachment":[{"href":"https:\/\/nordicmart.andreevmaster.com\/sv\/wp-json\/wp\/v2\/media?parent=16295"}],"wp:term":[{"taxonomy":"product_brand","embeddable":true,"href":"https:\/\/nordicmart.andreevmaster.com\/sv\/wp-json\/wp\/v2\/product_brand?post=16295"},{"taxonomy":"product_cat","embeddable":true,"href":"https:\/\/nordicmart.andreevmaster.com\/sv\/wp-json\/wp\/v2\/product_cat?post=16295"},{"taxonomy":"product_tag","embeddable":true,"href":"https:\/\/nordicmart.andreevmaster.com\/sv\/wp-json\/wp\/v2\/product_tag?post=16295"}],"curies":[{"name":"wp","href":"https:\/\/api.w.org\/{rel}","templated":true}]}}