{"id":16294,"date":"2026-02-27T00:29:56","date_gmt":"2026-02-27T00:29:56","guid":{"rendered":"https:\/\/nordicmart.andreevmaster.com\/product\/songmics-soptunna-med-fotpedal-50-l\/"},"modified":"2026-02-27T08:20:32","modified_gmt":"2026-02-27T08:20:32","slug":"songmics-soptunna-med-fotpedal-50-l","status":"publish","type":"product","link":"https:\/\/nordicmart.andreevmaster.com\/sv\/produkt\/songmics-soptunna-med-fotpedal-50-l\/","title":{"rendered":"SONGMICS soptunna med fotpedal 50 L"},"content":{"rendered":"<p>\u00d6ppnas med en l\u00e4tt tryckning med foten, utan att anv\u00e4nda h\u00e4nderna: F\u00f6r att \u00f6ppna locket beh\u00f6ver du bara trycka l\u00e4tt p\u00e5 den nedre fot\u00f6ppnaren, efter ca 5 sekunder st\u00e4ngs locket l\u00e5ngsamt och ljudl\u00f6st, vilket skapar en lugn milj\u00f6. Om batterierna \u00e4r slut kan du ocks\u00e5 \u00f6ppna locket med h\u00e4nderna. N\u00e4r du \u00e4r upptagen i k\u00f6ket kan papperskorgen f\u00f6rbli \u00f6ppen, vilket \u00e4r praktiskt f\u00f6r dig: Tryck l\u00e4tt p\u00e5 den nedre fot\u00f6ppnaren, h\u00e5ll kvar i 5 sekunder och sl\u00e4pp sedan, s\u00e5 f\u00f6rblir locket \u00f6ppet. F\u00f6r att st\u00e4nga locket efter anv\u00e4ndning trycker du p\u00e5 fot\u00f6ppnaren igen.Materialet i h\u00f6ljet: H\u00f6ljet \u00e4r tillverkat av 430 rostfritt st\u00e5l, fingeravtrycksfritt och smutsavvisande, fl\u00e4ckar p\u00e5 det kan enkelt torkas bort. Perfekt t\u00e4tning: Det luktfria locket f\u00f6rhindrar effektivt obehaglig soptunne lukt. Fotst\u00f6det av plast skyddar den yttre beh\u00e5llaren fr\u00e5n vatten p\u00e5 golvet f\u00f6r att effektivt f\u00f6rhindra rostbildning. Produktdetaljer:Material: Matt rostfritt st\u00e5l (h\u00f6lje) + ABS-plast (lock) Ytterm\u00e5tt: 35,5 x 64,4 x 38,1 cm (B x H x D) M\u00e5tt lock helt \u00f6ppet: 35,5 x 95 x 38,1 cm (B x H x D) F\u00e4rg: silver (h\u00f6lje), svart (lock) Nettovikt: 3,18 kg Bruttovikt: 5,26 kg Leveransomfattning: 1 x soptunna 1 x bruksanvisning (DE, EN, IT, FR, ES)<\/p>\n","protected":false},"excerpt":{"rendered":"<p>SONGMICS soptunna med sensor, fingeravtrycksfri fotpedal, 50 l, med tryckring, luktfri soptunna f\u00f6r k\u00f6k, rostfritt st\u00e5l, silver LTB91NB<\/p>\n","protected":false},"featured_media":44014,"comment_status":"open","ping_status":"closed","template":"","meta":[],"product_brand":[],"product_cat":[33],"product_tag":[],"class_list":{"0":"post-16294","1":"product","2":"type-product","3":"status-publish","4":"has-post-thumbnail","6":"product_cat-okategoriserad","8":"first","9":"instock","10":"shipping-taxable","11":"purchasable","12":"product-type-simple"},"_links":{"self":[{"href":"https:\/\/nordicmart.andreevmaster.com\/sv\/wp-json\/wp\/v2\/product\/16294","targetHints":{"allow":["GET"]}}],"collection":[{"href":"https:\/\/nordicmart.andreevmaster.com\/sv\/wp-json\/wp\/v2\/product"}],"about":[{"href":"https:\/\/nordicmart.andreevmaster.com\/sv\/wp-json\/wp\/v2\/types\/product"}],"replies":[{"embeddable":true,"href":"https:\/\/nordicmart.andreevmaster.com\/sv\/wp-json\/wp\/v2\/comments?post=16294"}],"wp:featuredmedia":[{"embeddable":true,"href":"https:\/\/nordicmart.andreevmaster.com\/sv\/wp-json\/wp\/v2\/media\/44014"}],"wp:attachment":[{"href":"https:\/\/nordicmart.andreevmaster.com\/sv\/wp-json\/wp\/v2\/media?parent=16294"}],"wp:term":[{"taxonomy":"product_brand","embeddable":true,"href":"https:\/\/nordicmart.andreevmaster.com\/sv\/wp-json\/wp\/v2\/product_brand?post=16294"},{"taxonomy":"product_cat","embeddable":true,"href":"https:\/\/nordicmart.andreevmaster.com\/sv\/wp-json\/wp\/v2\/product_cat?post=16294"},{"taxonomy":"product_tag","embeddable":true,"href":"https:\/\/nordicmart.andreevmaster.com\/sv\/wp-json\/wp\/v2\/product_tag?post=16294"}],"curies":[{"name":"wp","href":"https:\/\/api.w.org\/{rel}","templated":true}]}}