{"id":16286,"date":"2026-02-27T00:29:54","date_gmt":"2026-02-27T00:29:54","guid":{"rendered":"https:\/\/nordicmart.andreevmaster.com\/product\/songmics-kokssoptunna-med-tva-fack-och-softclose-lock-i-stal\/"},"modified":"2026-02-27T08:20:31","modified_gmt":"2026-02-27T08:20:31","slug":"songmics-kokssoptunna-med-tva-fack-och-softclose-lock-i-stal","status":"publish","type":"product","link":"https:\/\/nordicmart.andreevmaster.com\/sv\/produkt\/songmics-kokssoptunna-med-tva-fack-och-softclose-lock-i-stal\/","title":{"rendered":"SONGMICS k\u00f6kssoptunna med tv\u00e5 fack och softclose-lock i st\u00e5l"},"content":{"rendered":"<p>SONGMICS soptunna f\u00f6r k\u00f6k, 2 x 30 liter, 2 fack, soptunna, pedalsoptunna, k\u00f6kssoptunna med softclose-lock och innerbeh\u00e5llare, st\u00e5l, inklusive 15 sopp\u00e5sar, bl\u00e4ck svart LTB741B02<br \/>\nF\u00e4rg: bl\u00e4ck svart<br \/>\nMaterial: st\u00e5l, PP-plast<br \/>\nStorlek (med fotpedal): 47,6 x 37,7 x 66,9 cm (L x B x H)<br \/>\nTotal h\u00f6jd (med \u00f6ppet lock): 99,1 cm<br \/>\nStorlek per innerbeh\u00e5llare: 27,8 x 21,6 x 62,5 cm (L x B x H)<br \/>\nStorlek p\u00e5 fotpedalen: 11,5 x 4,8 cm (L x B)<br \/>\nKapacitet: 2 x 30 liter<br \/>\nVikt: 7,4 kg<\/p>\n","protected":false},"excerpt":{"rendered":"<p>SONGMICS soptunna f\u00f6r k\u00f6k, 2 x 30 liter, 2 fack, soptunna, pedalsoptunna, k\u00f6kssoptunna med softclose-lock och innerbeh\u00e5llare, st\u00e5l, inklusive 15 sopp\u00e5sar, bl\u00e4ck svart LTB741B02<\/p>\n","protected":false},"featured_media":44006,"comment_status":"open","ping_status":"closed","template":"","meta":[],"product_brand":[],"product_cat":[33],"product_tag":[],"class_list":{"0":"post-16286","1":"product","2":"type-product","3":"status-publish","4":"has-post-thumbnail","6":"product_cat-okategoriserad","8":"first","9":"instock","10":"shipping-taxable","11":"purchasable","12":"product-type-simple"},"_links":{"self":[{"href":"https:\/\/nordicmart.andreevmaster.com\/sv\/wp-json\/wp\/v2\/product\/16286","targetHints":{"allow":["GET"]}}],"collection":[{"href":"https:\/\/nordicmart.andreevmaster.com\/sv\/wp-json\/wp\/v2\/product"}],"about":[{"href":"https:\/\/nordicmart.andreevmaster.com\/sv\/wp-json\/wp\/v2\/types\/product"}],"replies":[{"embeddable":true,"href":"https:\/\/nordicmart.andreevmaster.com\/sv\/wp-json\/wp\/v2\/comments?post=16286"}],"wp:featuredmedia":[{"embeddable":true,"href":"https:\/\/nordicmart.andreevmaster.com\/sv\/wp-json\/wp\/v2\/media\/44006"}],"wp:attachment":[{"href":"https:\/\/nordicmart.andreevmaster.com\/sv\/wp-json\/wp\/v2\/media?parent=16286"}],"wp:term":[{"taxonomy":"product_brand","embeddable":true,"href":"https:\/\/nordicmart.andreevmaster.com\/sv\/wp-json\/wp\/v2\/product_brand?post=16286"},{"taxonomy":"product_cat","embeddable":true,"href":"https:\/\/nordicmart.andreevmaster.com\/sv\/wp-json\/wp\/v2\/product_cat?post=16286"},{"taxonomy":"product_tag","embeddable":true,"href":"https:\/\/nordicmart.andreevmaster.com\/sv\/wp-json\/wp\/v2\/product_tag?post=16286"}],"curies":[{"name":"wp","href":"https:\/\/api.w.org\/{rel}","templated":true}]}}