{"id":16283,"date":"2026-02-27T00:29:53","date_gmt":"2026-02-27T00:29:53","guid":{"rendered":"https:\/\/nordicmart.andreevmaster.com\/product\/songmics-home-soptunna-for-kok-3-x-15-l-fack-black-svart\/"},"modified":"2026-02-27T08:20:30","modified_gmt":"2026-02-27T08:20:30","slug":"songmics-home-soptunna-for-kok-3-x-15-l-fack-black-svart","status":"publish","type":"product","link":"https:\/\/nordicmart.andreevmaster.com\/sv\/produkt\/songmics-home-soptunna-for-kok-3-x-15-l-fack-black-svart\/","title":{"rendered":"SONGMICS HOME soptunna f\u00f6r k\u00f6k 3 x 15 L fack bl\u00e4ck svart"},"content":{"rendered":"<p>SONGMICS HOME Soptunna f\u00f6r k\u00f6k, 3 x 15 l fack, soptunna med f\u00e4rgkodade pedaler, avfallssorteringssystem, med lock och innerk\u00e4rl, st\u00e5l, bl\u00e4ck svart LTB740B02V1<br \/>\nF\u00e4rg: Bl\u00e4ck svart<br \/>\nMaterial: St\u00e5l, innerk\u00e4rl av PP-plast<br \/>\nStorlek: 60,5 x 38,8 x 42,7 cm (L x B x H)<br \/>\nTotal h\u00f6jd (med \u00f6ppet lock): 73,3 cm<br \/>\nStorlek per innerbeh\u00e5llare: 28,5 x 18 x 39,4 cm (L x B x H)<br \/>\nKapacitet: 45 l<br \/>\nVikt: 6,8 kg<\/p>\n","protected":false},"excerpt":{"rendered":"<p>SONGMICS HOME Soptunna f\u00f6r k\u00f6k, 3 x 15 l fack, soptunna med f\u00e4rgkodade pedaler, avfallssorteringssystem, med lock och innerk\u00e4rl, st\u00e5l, bl\u00e4ck svart LTB740B02V1<\/p>\n","protected":false},"featured_media":44003,"comment_status":"open","ping_status":"closed","template":"","meta":[],"product_brand":[],"product_cat":[33],"product_tag":[],"class_list":{"0":"post-16283","1":"product","2":"type-product","3":"status-publish","4":"has-post-thumbnail","6":"product_cat-okategoriserad","8":"first","9":"instock","10":"shipping-taxable","11":"purchasable","12":"product-type-simple"},"_links":{"self":[{"href":"https:\/\/nordicmart.andreevmaster.com\/sv\/wp-json\/wp\/v2\/product\/16283","targetHints":{"allow":["GET"]}}],"collection":[{"href":"https:\/\/nordicmart.andreevmaster.com\/sv\/wp-json\/wp\/v2\/product"}],"about":[{"href":"https:\/\/nordicmart.andreevmaster.com\/sv\/wp-json\/wp\/v2\/types\/product"}],"replies":[{"embeddable":true,"href":"https:\/\/nordicmart.andreevmaster.com\/sv\/wp-json\/wp\/v2\/comments?post=16283"}],"wp:featuredmedia":[{"embeddable":true,"href":"https:\/\/nordicmart.andreevmaster.com\/sv\/wp-json\/wp\/v2\/media\/44003"}],"wp:attachment":[{"href":"https:\/\/nordicmart.andreevmaster.com\/sv\/wp-json\/wp\/v2\/media?parent=16283"}],"wp:term":[{"taxonomy":"product_brand","embeddable":true,"href":"https:\/\/nordicmart.andreevmaster.com\/sv\/wp-json\/wp\/v2\/product_brand?post=16283"},{"taxonomy":"product_cat","embeddable":true,"href":"https:\/\/nordicmart.andreevmaster.com\/sv\/wp-json\/wp\/v2\/product_cat?post=16283"},{"taxonomy":"product_tag","embeddable":true,"href":"https:\/\/nordicmart.andreevmaster.com\/sv\/wp-json\/wp\/v2\/product_tag?post=16283"}],"curies":[{"name":"wp","href":"https:\/\/api.w.org\/{rel}","templated":true}]}}