{"id":16281,"date":"2026-02-27T00:29:53","date_gmt":"2026-02-27T00:29:53","guid":{"rendered":"https:\/\/nordicmart.andreevmaster.com\/product\/songmics-automatisk-soptunna-med-sensor-och-softclose-lock-i-stal\/"},"modified":"2026-02-27T08:20:30","modified_gmt":"2026-02-27T08:20:30","slug":"songmics-automatisk-soptunna-med-sensor-och-softclose-lock-i-stal","status":"publish","type":"product","link":"https:\/\/nordicmart.andreevmaster.com\/sv\/produkt\/songmics-automatisk-soptunna-med-sensor-och-softclose-lock-i-stal\/","title":{"rendered":"SONGMICS Automatisk soptunna med sensor och softclose-lock i st\u00e5l"},"content":{"rendered":"<p>SONGMICS soptunna med sensor, automatisk soptunna 50 l, \u00f6ppnas med handr\u00f6relse eller ber\u00f6ring, softclose-lock, st\u00e5l, inkl. 15 sopp\u00e5sar, bl\u00e4ck svart LTB640B02<br \/>\nF\u00e4rg: bl\u00e4ck svart<br \/>\nMaterial: st\u00e5l, PP-plast<br \/>\nStorlek: 42,5 x 27,1 x 58,7 cm (L x B x H)<br \/>\nTotal h\u00f6jd (med \u00f6ppet lock): 85 cm<br \/>\nKapacitet: 50 L<br \/>\nVikt: 3,7 kg<\/p>\n","protected":false},"excerpt":{"rendered":"<p>SONGMICS soptunna med sensor, automatisk soptunna 50 l, \u00f6ppnas med handr\u00f6relse eller ber\u00f6ring, softclose-lock, st\u00e5l, inkl. 15 sopp\u00e5sar, bl\u00e4ck svart LTB640B02<\/p>\n","protected":false},"featured_media":44001,"comment_status":"open","ping_status":"closed","template":"","meta":[],"product_brand":[],"product_cat":[33],"product_tag":[],"class_list":{"0":"post-16281","1":"product","2":"type-product","3":"status-publish","4":"has-post-thumbnail","6":"product_cat-okategoriserad","8":"first","9":"instock","10":"shipping-taxable","11":"purchasable","12":"product-type-simple"},"_links":{"self":[{"href":"https:\/\/nordicmart.andreevmaster.com\/sv\/wp-json\/wp\/v2\/product\/16281","targetHints":{"allow":["GET"]}}],"collection":[{"href":"https:\/\/nordicmart.andreevmaster.com\/sv\/wp-json\/wp\/v2\/product"}],"about":[{"href":"https:\/\/nordicmart.andreevmaster.com\/sv\/wp-json\/wp\/v2\/types\/product"}],"replies":[{"embeddable":true,"href":"https:\/\/nordicmart.andreevmaster.com\/sv\/wp-json\/wp\/v2\/comments?post=16281"}],"wp:featuredmedia":[{"embeddable":true,"href":"https:\/\/nordicmart.andreevmaster.com\/sv\/wp-json\/wp\/v2\/media\/44001"}],"wp:attachment":[{"href":"https:\/\/nordicmart.andreevmaster.com\/sv\/wp-json\/wp\/v2\/media?parent=16281"}],"wp:term":[{"taxonomy":"product_brand","embeddable":true,"href":"https:\/\/nordicmart.andreevmaster.com\/sv\/wp-json\/wp\/v2\/product_brand?post=16281"},{"taxonomy":"product_cat","embeddable":true,"href":"https:\/\/nordicmart.andreevmaster.com\/sv\/wp-json\/wp\/v2\/product_cat?post=16281"},{"taxonomy":"product_tag","embeddable":true,"href":"https:\/\/nordicmart.andreevmaster.com\/sv\/wp-json\/wp\/v2\/product_tag?post=16281"}],"curies":[{"name":"wp","href":"https:\/\/api.w.org\/{rel}","templated":true}]}}