{"id":16278,"date":"2026-02-27T00:29:52","date_gmt":"2026-02-27T00:29:52","guid":{"rendered":"https:\/\/nordicmart.andreevmaster.com\/product\/songmics-papperskorg-med-rorelsesensor-i-stal-black-svart\/"},"modified":"2026-02-27T08:20:29","modified_gmt":"2026-02-27T08:20:29","slug":"songmics-papperskorg-med-rorelsesensor-i-stal-black-svart","status":"publish","type":"product","link":"https:\/\/nordicmart.andreevmaster.com\/sv\/produkt\/songmics-papperskorg-med-rorelsesensor-i-stal-black-svart\/","title":{"rendered":"SONGMICS papperskorg med r\u00f6relsesensor i st\u00e5l, bl\u00e4ck svart"},"content":{"rendered":"<p>SONGMICS soptunna med r\u00f6relsesensor, soptunna f\u00f6r k\u00f6k 68 L, automatisk, softclose-lock, \u00f6ppningsfunktion, st\u00e5l, 15 sopp\u00e5sar ing\u00e5r<br \/>\nF\u00e4rg: bl\u00e4ck svart<br \/>\nMaterial: st\u00e5l, PP-plast<br \/>\nStorlek: 41 x 29,5 x 67 cm (L x B x H)<br \/>\nTotal h\u00f6jd (med \u00f6ppet lock): 90 cm<br \/>\nKapacitet: 68 liter<br \/>\nVikt: 5 kg<\/p>\n","protected":false},"excerpt":{"rendered":"<p>SONGMICS soptunna med r\u00f6relsesensor, soptunna f\u00f6r k\u00f6k 68 L, automatisk, softclose-lock, \u00f6ppningsfunktion, st\u00e5l, 15 sopp\u00e5sar ing\u00e5r<\/p>\n","protected":false},"featured_media":43998,"comment_status":"open","ping_status":"closed","template":"","meta":[],"product_brand":[],"product_cat":[33],"product_tag":[],"class_list":{"0":"post-16278","1":"product","2":"type-product","3":"status-publish","4":"has-post-thumbnail","6":"product_cat-okategoriserad","8":"first","9":"instock","10":"shipping-taxable","11":"purchasable","12":"product-type-simple"},"_links":{"self":[{"href":"https:\/\/nordicmart.andreevmaster.com\/sv\/wp-json\/wp\/v2\/product\/16278","targetHints":{"allow":["GET"]}}],"collection":[{"href":"https:\/\/nordicmart.andreevmaster.com\/sv\/wp-json\/wp\/v2\/product"}],"about":[{"href":"https:\/\/nordicmart.andreevmaster.com\/sv\/wp-json\/wp\/v2\/types\/product"}],"replies":[{"embeddable":true,"href":"https:\/\/nordicmart.andreevmaster.com\/sv\/wp-json\/wp\/v2\/comments?post=16278"}],"wp:featuredmedia":[{"embeddable":true,"href":"https:\/\/nordicmart.andreevmaster.com\/sv\/wp-json\/wp\/v2\/media\/43998"}],"wp:attachment":[{"href":"https:\/\/nordicmart.andreevmaster.com\/sv\/wp-json\/wp\/v2\/media?parent=16278"}],"wp:term":[{"taxonomy":"product_brand","embeddable":true,"href":"https:\/\/nordicmart.andreevmaster.com\/sv\/wp-json\/wp\/v2\/product_brand?post=16278"},{"taxonomy":"product_cat","embeddable":true,"href":"https:\/\/nordicmart.andreevmaster.com\/sv\/wp-json\/wp\/v2\/product_cat?post=16278"},{"taxonomy":"product_tag","embeddable":true,"href":"https:\/\/nordicmart.andreevmaster.com\/sv\/wp-json\/wp\/v2\/product_tag?post=16278"}],"curies":[{"name":"wp","href":"https:\/\/api.w.org\/{rel}","templated":true}]}}