{"id":16276,"date":"2026-02-27T00:29:51","date_gmt":"2026-02-27T00:29:51","guid":{"rendered":"https:\/\/nordicmart.andreevmaster.com\/product\/songmics-soptunna-med-rorelsesensor-for-kok-50-l-silver\/"},"modified":"2026-02-27T08:20:29","modified_gmt":"2026-02-27T08:20:29","slug":"songmics-soptunna-med-rorelsesensor-for-kok-50-l-silver","status":"publish","type":"product","link":"https:\/\/nordicmart.andreevmaster.com\/sv\/produkt\/songmics-soptunna-med-rorelsesensor-for-kok-50-l-silver\/","title":{"rendered":"SONGMICS soptunna med r\u00f6relsesensor f\u00f6r k\u00f6k 50 l silver"},"content":{"rendered":"<p>SONGMICS soptunna med r\u00f6relsesensor, automatisk soptunna f\u00f6r k\u00f6ket 50 l, indikatorlampa i flera f\u00e4rger, luktneutralisering med ozon, lock med \u00f6ppningsfunktion<br \/>\nF\u00e4rg: Silver<br \/>\nMaterial: Ytterbeh\u00e5llare av st\u00e5l, lock av ABS-plast<br \/>\nStorlek: 30 x 30 x 74,6 cm (L x B x H)<br \/>\nTotal h\u00f6jd (med \u00f6ppet lock): 98 cm<br \/>\nKapacitet: 50 liter<br \/>\nVikt: 3,5 kg<\/p>\n","protected":false},"excerpt":{"rendered":"<p>SONGMICS soptunna med r\u00f6relsesensor, automatisk soptunna f\u00f6r k\u00f6ket 50 l, indikatorlampa i flera f\u00e4rger, luktneutralisering med ozon, lock med \u00f6ppningsfunktion<\/p>\n","protected":false},"featured_media":43996,"comment_status":"open","ping_status":"closed","template":"","meta":[],"product_brand":[],"product_cat":[33],"product_tag":[],"class_list":{"0":"post-16276","1":"product","2":"type-product","3":"status-publish","4":"has-post-thumbnail","6":"product_cat-okategoriserad","8":"first","9":"instock","10":"shipping-taxable","11":"purchasable","12":"product-type-simple"},"_links":{"self":[{"href":"https:\/\/nordicmart.andreevmaster.com\/sv\/wp-json\/wp\/v2\/product\/16276","targetHints":{"allow":["GET"]}}],"collection":[{"href":"https:\/\/nordicmart.andreevmaster.com\/sv\/wp-json\/wp\/v2\/product"}],"about":[{"href":"https:\/\/nordicmart.andreevmaster.com\/sv\/wp-json\/wp\/v2\/types\/product"}],"replies":[{"embeddable":true,"href":"https:\/\/nordicmart.andreevmaster.com\/sv\/wp-json\/wp\/v2\/comments?post=16276"}],"wp:featuredmedia":[{"embeddable":true,"href":"https:\/\/nordicmart.andreevmaster.com\/sv\/wp-json\/wp\/v2\/media\/43996"}],"wp:attachment":[{"href":"https:\/\/nordicmart.andreevmaster.com\/sv\/wp-json\/wp\/v2\/media?parent=16276"}],"wp:term":[{"taxonomy":"product_brand","embeddable":true,"href":"https:\/\/nordicmart.andreevmaster.com\/sv\/wp-json\/wp\/v2\/product_brand?post=16276"},{"taxonomy":"product_cat","embeddable":true,"href":"https:\/\/nordicmart.andreevmaster.com\/sv\/wp-json\/wp\/v2\/product_cat?post=16276"},{"taxonomy":"product_tag","embeddable":true,"href":"https:\/\/nordicmart.andreevmaster.com\/sv\/wp-json\/wp\/v2\/product_tag?post=16276"}],"curies":[{"name":"wp","href":"https:\/\/api.w.org\/{rel}","templated":true}]}}