{"id":16274,"date":"2026-02-27T00:29:51","date_gmt":"2026-02-27T00:29:51","guid":{"rendered":"https:\/\/nordicmart.andreevmaster.com\/product\/songmics-soptunna-50-liter-med-sensor-i-rostfritt-stal-silver\/"},"modified":"2026-02-27T08:20:29","modified_gmt":"2026-02-27T08:20:29","slug":"songmics-soptunna-50-liter-med-sensor-i-rostfritt-stal-silver","status":"publish","type":"product","link":"https:\/\/nordicmart.andreevmaster.com\/sv\/produkt\/songmics-soptunna-50-liter-med-sensor-i-rostfritt-stal-silver\/","title":{"rendered":"SONGMICS soptunna 50 liter med sensor i rostfritt st\u00e5l, silver"},"content":{"rendered":"<p>SONGMICS soptunna f\u00f6r k\u00f6k 50 liter, soptunna med sensor, automatisk, ber\u00f6ringsfri, med softclose-lock, kl\u00e4mring f\u00f6r sopp\u00e5sar, av rostfritt st\u00e5l, 15 sopp\u00e5sar ing\u00e5r, silver LTB610E50<\/p>\n","protected":false},"excerpt":{"rendered":"<p>SONGMICS soptunna f\u00f6r k\u00f6k 50 liter, soptunna med sensor, automatisk, ber\u00f6ringsfri, med softclose-lock, kl\u00e4mring f\u00f6r sopp\u00e5sar, av rostfritt st\u00e5l, 15 sopp\u00e5sar ing\u00e5r, silver LTB610E50<\/p>\n","protected":false},"featured_media":43994,"comment_status":"open","ping_status":"closed","template":"","meta":[],"product_brand":[],"product_cat":[33],"product_tag":[],"class_list":{"0":"post-16274","1":"product","2":"type-product","3":"status-publish","4":"has-post-thumbnail","6":"product_cat-okategoriserad","8":"first","9":"instock","10":"shipping-taxable","11":"purchasable","12":"product-type-simple"},"_links":{"self":[{"href":"https:\/\/nordicmart.andreevmaster.com\/sv\/wp-json\/wp\/v2\/product\/16274","targetHints":{"allow":["GET"]}}],"collection":[{"href":"https:\/\/nordicmart.andreevmaster.com\/sv\/wp-json\/wp\/v2\/product"}],"about":[{"href":"https:\/\/nordicmart.andreevmaster.com\/sv\/wp-json\/wp\/v2\/types\/product"}],"replies":[{"embeddable":true,"href":"https:\/\/nordicmart.andreevmaster.com\/sv\/wp-json\/wp\/v2\/comments?post=16274"}],"wp:featuredmedia":[{"embeddable":true,"href":"https:\/\/nordicmart.andreevmaster.com\/sv\/wp-json\/wp\/v2\/media\/43994"}],"wp:attachment":[{"href":"https:\/\/nordicmart.andreevmaster.com\/sv\/wp-json\/wp\/v2\/media?parent=16274"}],"wp:term":[{"taxonomy":"product_brand","embeddable":true,"href":"https:\/\/nordicmart.andreevmaster.com\/sv\/wp-json\/wp\/v2\/product_brand?post=16274"},{"taxonomy":"product_cat","embeddable":true,"href":"https:\/\/nordicmart.andreevmaster.com\/sv\/wp-json\/wp\/v2\/product_cat?post=16274"},{"taxonomy":"product_tag","embeddable":true,"href":"https:\/\/nordicmart.andreevmaster.com\/sv\/wp-json\/wp\/v2\/product_tag?post=16274"}],"curies":[{"name":"wp","href":"https:\/\/api.w.org\/{rel}","templated":true}]}}